{"id":95,"date":"2013-01-27T21:03:46","date_gmt":"2013-01-27T21:03:46","guid":{"rendered":"https:\/\/blogs.ua.es\/jorgejuanysantacilia\/?page_id=95"},"modified":"2013-01-27T21:03:46","modified_gmt":"2013-01-27T21:03:46","slug":"biografia","status":"publish","type":"page","link":"https:\/\/blogs.ua.es\/jorgejuanysantacilia\/biografia\/","title":{"rendered":"Biograf\u00eda"},"content":{"rendered":"<p>Jorge Juan y Santacilia, naci\u00f3 el d\u00eda 5 de enero del a\u00f1o 1713 en el t\u00e9rmino municipal de Novelda, aunque fue inscrito en el padr\u00f3n de la \u00e9poca (el eclesiastico) en Monforte. Descend\u00eda de dos familias de la nobleza espa\u00f1ola, estos linajes eran los Juan y los Santacilia.<\/p>\n<p>Muy joven experimento la muerte de su padre, por lo que qued\u00f3 bajo la tutela de su t\u00edo Antonio Juan, m\u00e1s tarde, su otro t\u00edo paterno lo envi\u00f3 a Zaragoza para que continuase sus estudios, adem\u00e1s de hacerle ingresar en la prestigiosa Orden de Malta, por lo que con doce a\u00f1os de edad fue enviado a la isla de Malta para continuar sus estudios.<\/p>\n<p>Cuando cumpli\u00f3 los diecis\u00e9is a\u00f1os de edad volvi\u00f3 a Espa\u00f1a y solicit\u00f3 su ingreso en la Compa\u00f1\u00eda de Guardias Marinas, donde comenzar\u00eda su brillante carrera naval. Fue uno de los alumnos m\u00e1s aventajados de la Academia, junto con su buen amigo Antonio Ulloa.<\/p>\n<p>Fue en 1734 cuando Felipe V les encomend\u00f3 formar parte de uno de los mayores proyectos cient\u00edficos de la \u00e9poca, la medici\u00f3n del arco de meridiano. Este proyecto cient\u00edfico estaba propulsado por Francia y Jorge Juan comparti\u00f3 expedici\u00f3n con reputados cientificos como Godin. Esta expedici\u00f3n se alarg\u00f3 alrededor de unos diez a\u00f1os, sin embargo se sald\u00f3 con \u00e9xito y el reconocimiento internacional de la capacidad cient\u00edfica de Jorge Juan.<\/p>\n<p>Cuando lleg\u00f3 a Espa\u00f1a entabl\u00f3 amistad con el Marques de la Ensenada, quien vio en \u00e9l a la persona perfecta para llevar a cabo su intenci\u00f3n de remodelar la flota espa\u00f1ola, y , para ello, deber\u00eda de realizar misiones de espionaje en territorio brit\u00e1nico, quien poseia los mejores barcos y t\u00e9cnicas de construcci\u00f3n de los mismos.<\/p>\n<p>Despues de completar las misiones de espionaje, el Rey, en 1752 lo nombra director de la Academia \u00a0de Guardias Marinas, donde Jorge Juan decidir\u00e1 las ense\u00f1anzas que hab\u00eda que impartir en la academia, adem\u00e1s de incorporar a estas ense\u00f1anzas sus avances aprendidos durante su experiencia mar\u00edtima.<\/p>\n<p>Durante estos a\u00f1os en C\u00e1diz, siendo director de la Academia de Guardias Marinas, Jorge Juan desarroll\u00f3 una serie de c\u00e1lculos matem\u00e1ticos y la forma de construir navios ligeros y veloces, pero sin descuidar su seguridad y resistencia.<\/p>\n<p>Jorge Juan cedi\u00f3 la direcci\u00f3n de la Academia de Guardias Marinas al cient\u00edfico Godin, compa\u00f1ero suyo en la medici\u00f3n del arco de meridiano y fue destinado como Embajador personal del Rey en el pais africano de Marruecos, donde llevar\u00eda a cabo una importante labor diplom\u00e1tica y econ\u00f3mica.<\/p>\n<p>Una vez volvi\u00f3 a Madrid se dedic\u00f3 a los diferentes estudios que le encomendaba la Secretar\u00eda de Estado y el Consejo de Castilla, y en 1770 ocup\u00f3 su \u00faltimo cargo de servicio, este fue la \u00a0direcci\u00f3n del Real Seminario de Nobles. Este seminario se encontraba en decadencia con un bajo n\u00famero de cantidad de alumnos, pero cambi\u00f3 los planes de estudio y aument\u00f3 el n\u00famero de profesores, lo que se sald\u00f3 con un inquemento de mas de setenta alumnos.<\/p>\n<p>Con su salud mermada, el d\u00eda 21 de Junio de 1773 Jorge Juan seg\u00fan dicen muri\u00f3 en un accidente alfer\u00e9tico, con sesenta a\u00f1os de edad, al d\u00eda siguiente fue enterrado en la iglesia de San Martin.<\/p>\n<p>&nbsp;<\/p>\n","protected":false},"excerpt":{"rendered":"<p>Jorge Juan y Santacilia, naci\u00f3 el d\u00eda 5 de enero del a\u00f1o 1713 en el t\u00e9rmino municipal de Novelda, aunque fue inscrito en el padr\u00f3n de la \u00e9poca (el eclesiastico) en Monforte. Descend\u00eda de dos familias de la nobleza espa\u00f1ola, estos linajes eran los Juan y los Santacilia. Muy joven experimento la muerte de su [&hellip;]<\/p>\n","protected":false},"author":2857,"featured_media":0,"parent":0,"menu_order":0,"comment_status":"open","ping_status":"open","template":"","meta":{"footnotes":""},"class_list":["post-95","page","type-page","status-publish","hentry"],"_links":{"self":[{"href":"https:\/\/blogs.ua.es\/jorgejuanysantacilia\/wp-json\/wp\/v2\/pages\/95","targetHints":{"allow":["GET"]}}],"collection":[{"href":"https:\/\/blogs.ua.es\/jorgejuanysantacilia\/wp-json\/wp\/v2\/pages"}],"about":[{"href":"https:\/\/blogs.ua.es\/jorgejuanysantacilia\/wp-json\/wp\/v2\/types\/page"}],"author":[{"embeddable":true,"href":"https:\/\/blogs.ua.es\/jorgejuanysantacilia\/wp-json\/wp\/v2\/users\/2857"}],"replies":[{"embeddable":true,"href":"https:\/\/blogs.ua.es\/jorgejuanysantacilia\/wp-json\/wp\/v2\/comments?post=95"}],"version-history":[{"count":1,"href":"https:\/\/blogs.ua.es\/jorgejuanysantacilia\/wp-json\/wp\/v2\/pages\/95\/revisions"}],"predecessor-version":[{"id":97,"href":"https:\/\/blogs.ua.es\/jorgejuanysantacilia\/wp-json\/wp\/v2\/pages\/95\/revisions\/97"}],"wp:attachment":[{"href":"https:\/\/blogs.ua.es\/jorgejuanysantacilia\/wp-json\/wp\/v2\/media?parent=95"}],"curies":[{"name":"wp","href":"https:\/\/api.w.org\/{rel}","templated":true}]}}