{"id":125,"date":"2013-10-29T22:42:51","date_gmt":"2013-10-29T21:42:51","guid":{"rendered":"https:\/\/blogs.ua.es\/jornadasfcs\/?page_id=125"},"modified":"2013-12-04T18:51:31","modified_gmt":"2013-12-04T17:51:31","slug":"ultimas-novedades","status":"publish","type":"page","link":"https:\/\/blogs.ua.es\/jornadasfcs\/ultimas-novedades\/","title":{"rendered":"\u00a1\u00a1\u00a1\u00daLTIMAS NOVEDADES!!!"},"content":{"rendered":"<p><strong>04\/12\/2013<\/strong><\/p>\n<p><strong>\u00a1\u00a1\u00a1ATENCI\u00d3N STREAMING!!!<\/strong><\/p>\n<p>Desde el comienzo de las JornasFCS vamos a emitir en directo todo el evento, si no puedes asistir s\u00edguelo desde el siguiente enlace:<\/p>\n<p><a href=\"http:\/\/si.ua.es\/es\/videostreaming\/agenda-streaming.html\" target=\"_blank\" rel=\"nofollow nofollow\">http:\/\/si.ua.es\/es\/videostreaming\/agenda-streaming.html<\/a><\/p>\n<p>&#8212;&#8212;&#8212;&#8212;&#8212;&#8212;&#8212;&#8212;&#8212;&#8212;&#8212;&#8212;&#8212;&#8212;&#8212;&#8212;&#8212;&#8212;&#8212;&#8212;&#8212;&#8212;&#8212;&#8212;&#8212;&#8212;&#8212;&#8212;&#8212;&#8212;&#8212;&#8212;&#8212;&#8212;&#8211;<\/p>\n<p><strong>02\/12\/2013 <\/strong><\/p>\n<p style=\"text-align: justify\"><strong>Las Jornadas de la Facultad de Ciencias de la Salud llegan a la Radio de San Vicente. Pincha <a href=\"http:\/\/www.radiosanvicente.com\/podcast\/?p=episode&amp;name=2013-12-02_svp_20131202_123000.mp3\">AQU\u00cd<\/a> para escuchar la entrevista (minuto 01:14:55) a la\u00a0Vicedecana de calidad y alumnado y presidenta del comit\u00e9 cient\u00edfico\u00a0(Eva Mar\u00eda Gabald\u00f3n) y al presidente del comit\u00e9 organizador (Daniel Marco Garc\u00eda).<\/strong><\/p>\n<p style=\"text-align: center\"><a href=\"https:\/\/drive.google.com\/?tab=wo&amp;authuser=0#folders\/0B-oAf8zRkgLCYUVuUXRCN0J2T28\"><img loading=\"lazy\" decoding=\"async\" class=\"aligncenter size-full wp-image-248\" alt=\"cfhfyh\" src=\"https:\/\/blogs.ua.es\/jornadasfcs\/files\/2013\/10\/cfhfyh.png\" width=\"442\" height=\"443\" srcset=\"https:\/\/blogs.ua.es\/jornadasfcs\/files\/2013\/10\/cfhfyh.png 442w, https:\/\/blogs.ua.es\/jornadasfcs\/files\/2013\/10\/cfhfyh-150x150.png 150w, https:\/\/blogs.ua.es\/jornadasfcs\/files\/2013\/10\/cfhfyh-300x300.png 300w, https:\/\/blogs.ua.es\/jornadasfcs\/files\/2013\/10\/cfhfyh-299x300.png 299w\" sizes=\"auto, (max-width: 442px) 100vw, 442px\" \/><\/a><\/p>\n<p style=\"text-align: justify\">Hoy en SAN VICENTE PLAZA, nos visitar\u00e1n la Vicedecana de calidad y Alumnado de la Universidad de Alicante y uno de los alumnos de enfermer\u00eda, como comit\u00e9 organizador del I Encuentro de Estudiantes de la Facultad de Ciencias de la Salud, para hablarnos de este encuentro y las cosas que directamente les afectan a nuestros sanitarios del ma\u00f1ana.<\/p>\n<p>&#8212;&#8212;&#8212;&#8212;&#8212;&#8212;&#8212;&#8212;&#8212;&#8212;&#8212;&#8212;&#8212;&#8212;&#8212;&#8212;&#8212;&#8212;&#8212;&#8212;&#8212;&#8212;&#8212;&#8212;&#8212;&#8212;&#8212;&#8212;&#8212;&#8212;&#8212;&#8212;&#8212;<\/p>\n<p><strong>21\/11\/2013<\/strong><\/p>\n<p>Hemos llegado a los 600 inscritos.<\/p>\n<p>\u00a1\u00c1nimo que el plazo de inscripciones cierra pronto!<\/p>\n<p style=\"text-align: center\"><strong>Fecha l\u00edmite:<\/strong> <strong><span style=\"color: #ff0000\">25\/11\/2013<\/span><\/strong><\/p>\n<p>_________________________________________________________________________<\/p>\n<p><strong>18\/11\/2013<\/strong><\/p>\n<p>Os informamos de que hoy se han abierto las inscripciones al resto de la Comunidad Universitaria.<\/p>\n<p>Os agradecemos vuestra colaboraci\u00f3n y vuestro inter\u00e9s.<\/p>\n<p>_________________________________________________________________________<\/p>\n<p><strong>15\/11\/2013<\/strong><\/p>\n<p>Informamos que a partir del Lunes d\u00eda 18\/11\/2013, las inscripciones quedar\u00e1n abiertas para el resto de la Comunidad Universitaria.<\/p>\n<p>_________________________________________________________________________<\/p>\n<p><strong>12\/11\/2013<\/strong><\/p>\n<p>\u00a1\u00a1YA HEMOS LLEGADO A LAS 300 INSCRIPCIONES DE ENFERMER\u00cdA!!<\/p>\n<p>Muchas gracias a todos y \u00e1nimo a los que a\u00fan no os hab\u00e9is inscrito<\/p>\n<p>_________________________________________________________________________<\/p>\n<p><strong>08\/11\/2013<\/strong><br \/>\nPara nuestra Jornada contaremos con la colaboraci\u00f3n de <a href=\"https:\/\/www.facebook.com\/alberto.anton.AJphotography\">Alberto Anton AJphotography<\/a>, compa\u00f1ero de Enfermer\u00eda y excelente profesional de la fotograf\u00eda.<\/p>\n<p>\u00bfA\u00fan no le conoces? Descubre su p\u00e1gina y su web!!! Te sorprender\u00e1!!!<br \/>\np\u00e1gina fB: <a href=\"https:\/\/www.facebook.com\/pages\/Alberto-J-Photography\/421016221283224\">Alberto J. Photography<\/a><br \/>\nweb: <a href=\"http:\/\/albertojphotography.com\/index.html\" target=\"_blank\" rel=\"nofollow\">http:\/\/albertojphotography.com\/index.html<\/a><\/p>\n<p>_________________________________________________________________________<\/p>\n<p><strong>07\/11\/2013 Confirmaci\u00f3n de comunicaci\u00f3n<\/strong><\/p>\n<p><strong><\/strong>D\u00f1a. Viviana Arrero del Val, Directora de AMIR Enfermer\u00eda nos ha confirmado que participara en I JEFCS en la MESA 3 <b>ITINERARIOS FORMATIVOS TRAS LA OBTENCI\u00d3N DE GRADO <\/b><\/p>\n<p>________________________________________________________________<\/p>\n<p><strong>06\/11\/2013 <\/strong>Ya hemos superado las 400 inscripciones.<\/p>\n<p>\u00a1\u00c1nimo, os estamos esperando!<\/p>\n<p>_________________________________________________________________________<\/p>\n<p><strong>04\/11\/2013<\/strong> Hoy se han llevado a cabo las siguiente modificaciones:<\/p>\n<ul>\n<li>Horarios en el programa<\/li>\n<li>Bases de comunicaciones.<\/li>\n<\/ul>\n<p>\u00a1\u00a1Mucho \u00e1nimos a todos los que quer\u00e1is participar!!<\/p>\n<p>_________________________________________________________________________<\/p>\n<p><strong>29\/10\/2013<\/strong> El comit\u00e9 organizador poniendo a punto la Jornada<\/p>\n<p><a href=\"https:\/\/blogs.ua.es\/jornadasfcs\/files\/2013\/10\/2013-10-29-11.13.25.jpg\"><img loading=\"lazy\" decoding=\"async\" class=\"aligncenter size-full wp-image-126\" alt=\"2013-10-29 11.13.25\" src=\"https:\/\/blogs.ua.es\/jornadasfcs\/files\/2013\/10\/2013-10-29-11.13.25.jpg\" width=\"3264\" height=\"2448\" srcset=\"https:\/\/blogs.ua.es\/jornadasfcs\/files\/2013\/10\/2013-10-29-11.13.25.jpg 3264w, https:\/\/blogs.ua.es\/jornadasfcs\/files\/2013\/10\/2013-10-29-11.13.25-300x225.jpg 300w, https:\/\/blogs.ua.es\/jornadasfcs\/files\/2013\/10\/2013-10-29-11.13.25-1024x768.jpg 1024w, https:\/\/blogs.ua.es\/jornadasfcs\/files\/2013\/10\/2013-10-29-11.13.25-400x300.jpg 400w\" sizes=\"auto, (max-width: 3264px) 100vw, 3264px\" \/><\/a> <a href=\"https:\/\/blogs.ua.es\/jornadasfcs\/files\/2013\/10\/2013-10-29-11.06.30.jpg\"><img loading=\"lazy\" decoding=\"async\" class=\"aligncenter size-full wp-image-127\" alt=\"2013-10-29 11.06.30\" src=\"https:\/\/blogs.ua.es\/jornadasfcs\/files\/2013\/10\/2013-10-29-11.06.30.jpg\" width=\"3264\" height=\"2448\" srcset=\"https:\/\/blogs.ua.es\/jornadasfcs\/files\/2013\/10\/2013-10-29-11.06.30.jpg 3264w, https:\/\/blogs.ua.es\/jornadasfcs\/files\/2013\/10\/2013-10-29-11.06.30-300x225.jpg 300w, https:\/\/blogs.ua.es\/jornadasfcs\/files\/2013\/10\/2013-10-29-11.06.30-1024x768.jpg 1024w, https:\/\/blogs.ua.es\/jornadasfcs\/files\/2013\/10\/2013-10-29-11.06.30-400x300.jpg 400w\" sizes=\"auto, (max-width: 3264px) 100vw, 3264px\" \/><\/a><\/p>\n<p><a href=\"https:\/\/blogs.ua.es\/jornadasfcs\/files\/2013\/10\/2013-10-29-22.36.29.jpg\"><img loading=\"lazy\" decoding=\"async\" class=\"aligncenter size-full wp-image-128\" alt=\"2013-10-29 22.36.29\" src=\"https:\/\/blogs.ua.es\/jornadasfcs\/files\/2013\/10\/2013-10-29-22.36.29.jpg\" width=\"800\" height=\"600\" srcset=\"https:\/\/blogs.ua.es\/jornadasfcs\/files\/2013\/10\/2013-10-29-22.36.29.jpg 800w, https:\/\/blogs.ua.es\/jornadasfcs\/files\/2013\/10\/2013-10-29-22.36.29-300x225.jpg 300w, https:\/\/blogs.ua.es\/jornadasfcs\/files\/2013\/10\/2013-10-29-22.36.29-400x300.jpg 400w\" sizes=\"auto, (max-width: 800px) 100vw, 800px\" \/><\/a><\/p>\n<p>_________________________________________________________________________<\/p>\n<p><strong>26\/10\/2013<\/strong> \u00a1\u00a1\u00a1hoy hemos pasado las 200 inscripciones!!! no os demor\u00e9is, las plazas son limitadas<\/p>\n<p>_________________________________________________________________________<\/p>\n<p><strong>25\/10\/2013<\/strong> Incre\u00edble respuesta por parte de los estudiantes. En poco m\u00e1s de 3 horas, 118 inscritos (91 de Enfermer\u00eda y 27 de Nutrici\u00f3n) y van subiendo!<\/p>\n<p>_______________________________________________________________________<\/p>\n<p><strong>25\/10\/2013<\/strong> Incre\u00edble respuesta por parte de los estudiantes. Estamos encantados!! En poco m\u00e1s de 3 horas, ya tenemos 118 inscritos, y van subiendo! (91 alumnos de Enfermer\u00eda y 27 alumnos de Nutrici\u00f3n).<br \/>\nSi a\u00fan no lo has hecho, inscr\u00edbete <a href=\"https:\/\/docs.google.com\/forms\/d\/1VI5bLitCyr0MyA4ZrzSRN3PYD9ktlTG2JUgLdFFOP1E\/viewform?embedded=true%22+width%3D%22760%22+height%3D%22500%22+frameborder%3D%220%22+marginheight%3D%220%22+marginwidth%3D%220%22%3ELoading...%3C%2Fiframe%3E\">AQUI<\/a><a href=\"https:\/\/docs.google.com\/forms\/d\/1VI5bLitCyr0MyA4ZrzSRN3PYD9ktlTG2JUgLdFFOP1E\/viewform?embedded=true%22+width%3D%22760%22+height%3D%22500%22+frameborder%3D%220%22+marginheight%3D%220%22+marginwidth%3D%220%22%3ELoading...%3C%2Fiframe%3E\"><br \/>\n<\/a><\/p>\n<p>Recuerda que tambi\u00e9n tenemos cuenta en TWITTER! S\u00edguenos! @JornadaFCS_UA <a href=\"https:\/\/twitter.com\/JornadaFCS_UA\" target=\"_blank\" rel=\"nofollow nofollow\">https:\/\/twitter.com\/JornadaFCS_UA<\/a> y Facebook: <a href=\"https:\/\/www.facebook.com\/jornada.fcs\">https:\/\/www.facebook.com\/jornada.fcs<\/a><\/p>\n<p>_________________________________________________________________________<\/p>\n<p><strong>22\/10\/2013<\/strong> !Ya tenemos cartel para la I Jornada de Estudiantes de la FCS!<\/p>\n<p><a href=\"https:\/\/blogs.ua.es\/jornadasfcs\/files\/2013\/10\/Cartel-Definitivo-JPG-paraninfo.jpg\"><img loading=\"lazy\" decoding=\"async\" class=\"aligncenter size-full wp-image-106\" alt=\"Cartel Definitivo (JPG) - (paraninfo)\" src=\"https:\/\/blogs.ua.es\/jornadasfcs\/files\/2013\/10\/Cartel-Definitivo-JPG-paraninfo.jpg\" width=\"2480\" height=\"3508\" srcset=\"https:\/\/blogs.ua.es\/jornadasfcs\/files\/2013\/10\/Cartel-Definitivo-JPG-paraninfo.jpg 2480w, https:\/\/blogs.ua.es\/jornadasfcs\/files\/2013\/10\/Cartel-Definitivo-JPG-paraninfo-212x300.jpg 212w, https:\/\/blogs.ua.es\/jornadasfcs\/files\/2013\/10\/Cartel-Definitivo-JPG-paraninfo-723x1024.jpg 723w\" sizes=\"auto, (max-width: 2480px) 100vw, 2480px\" \/><\/a><\/p>\n<p>&nbsp;<\/p>\n","protected":false},"excerpt":{"rendered":"<p>04\/12\/2013 \u00a1\u00a1\u00a1ATENCI\u00d3N STREAMING!!! Desde el comienzo de las JornasFCS vamos a emitir en directo todo el evento, si no puedes asistir s\u00edguelo desde el siguiente enlace: http:\/\/si.ua.es\/es\/videostreaming\/agenda-streaming.html &#8212;&#8212;&#8212;&#8212;&#8212;&#8212;&#8212;&#8212;&#8212;&#8212;&#8212;&#8212;&#8212;&#8212;&#8212;&#8212;&#8212;&#8212;&#8212;&#8212;&#8212;&#8212;&#8212;&#8212;&#8212;&#8212;&#8212;&#8212;&#8212;&#8212;&#8212;&#8212;&#8212;&#8212;&#8211; 02\/12\/2013 Las Jornadas de la Facultad de Ciencias de la Salud llegan &hellip; <a href=\"https:\/\/blogs.ua.es\/jornadasfcs\/ultimas-novedades\/\">Continue reading <span class=\"meta-nav\">&rarr;<\/span><\/a><\/p>\n","protected":false},"author":3217,"featured_media":0,"parent":0,"menu_order":1,"comment_status":"open","ping_status":"closed","template":"sidebar-page.php","meta":{"footnotes":""},"class_list":["post-125","page","type-page","status-publish","hentry"],"_links":{"self":[{"href":"https:\/\/blogs.ua.es\/jornadasfcs\/wp-json\/wp\/v2\/pages\/125","targetHints":{"allow":["GET"]}}],"collection":[{"href":"https:\/\/blogs.ua.es\/jornadasfcs\/wp-json\/wp\/v2\/pages"}],"about":[{"href":"https:\/\/blogs.ua.es\/jornadasfcs\/wp-json\/wp\/v2\/types\/page"}],"author":[{"embeddable":true,"href":"https:\/\/blogs.ua.es\/jornadasfcs\/wp-json\/wp\/v2\/users\/3217"}],"replies":[{"embeddable":true,"href":"https:\/\/blogs.ua.es\/jornadasfcs\/wp-json\/wp\/v2\/comments?post=125"}],"version-history":[{"count":28,"href":"https:\/\/blogs.ua.es\/jornadasfcs\/wp-json\/wp\/v2\/pages\/125\/revisions"}],"predecessor-version":[{"id":266,"href":"https:\/\/blogs.ua.es\/jornadasfcs\/wp-json\/wp\/v2\/pages\/125\/revisions\/266"}],"wp:attachment":[{"href":"https:\/\/blogs.ua.es\/jornadasfcs\/wp-json\/wp\/v2\/media?parent=125"}],"curies":[{"name":"wp","href":"https:\/\/api.w.org\/{rel}","templated":true}]}}