{"id":22,"date":"2013-10-18T17:52:42","date_gmt":"2013-10-18T17:52:42","guid":{"rendered":"https:\/\/blogs.ua.es\/jornadasfcs\/?page_id=22"},"modified":"2013-12-04T00:26:03","modified_gmt":"2013-12-03T23:26:03","slug":"programa","status":"publish","type":"page","link":"https:\/\/blogs.ua.es\/jornadasfcs\/programa\/","title":{"rendered":"Programa"},"content":{"rendered":"<p dir=\"ltr\" style=\"text-align: justify\"><strong>8.30h INSCRIPCIONES Y ENTREGA DE DOCUMENTACI\u00d3N<\/strong><\/p>\n<p dir=\"ltr\" style=\"text-align: justify\"><strong>9.00h \u00a0MESA INAUGURACI\u00d3N JORNADA (Mantenedora:\u00a0Beatriz Mejias Moreno)<\/strong><\/p>\n<ul style=\"text-align: justify\">\n<li>Prof. Nuria Gran\u00e9 Teruel, Vicerrectora de estudiantes, Universidad de Alicante.<\/li>\n<li>Prof. Ana Laguna P\u00e9rez, Decana de la Facultad de Ciencias de la Salud.<\/li>\n<li>Prof. Eva M\u00aa Gabald\u00f3n Bravo, Vicedecana de Calidad y Alumnado, Presidenta del Comit\u00e9 Cient\u00edfico.<\/li>\n<li>D. Daniel Marco Garc\u00eda, estudiante de 4\u00ba de Grado de Enfermer\u00eda, Presidente del Comit\u00e9 Organizador.<\/li>\n<\/ul>\n<p dir=\"ltr\" style=\"text-align: justify\"><strong>9.30h MESA 1. \u00c9TICA EN LOS CUIDADOS AL PACIENTE. (Moderadora:\u00a0Melissa Carreres Candela)<\/strong><\/p>\n<ul style=\"text-align: justify\">\n<li>Prof. Marisa Velasco \u00c1lvarez, Coordinadora de la Asociaci\u00f3n Derecho a Morir Dignamente, Alicante.<\/li>\n<li>Prof. M\u00aa Jos\u00e9 Caba\u00f1ero Mart\u00ednez, Responsable de la asignatura\u00a0Cuidados de enfermer\u00eda en la cronicidad, dependencia, geriatr\u00eda y cuidados paliativos<\/li>\n<li>Prof. Juan Diego Ramos Pichardo, Responsable de la asignatura\u00a0Enfermer\u00eda en intervenci\u00f3n comunitaria, salud mental, psiquiatr\u00eda y \u00e9tica<\/li>\n<\/ul>\n<p dir=\"ltr\" style=\"text-align: justify\"><strong>10.30h MESA 2. PROFESIONALES DE LA SALUD: Dietistas-Nutricionistas y Asociacionismo (Moderador:\u00a0Alejandro Oncina C\u00e1novas)<\/strong><\/p>\n<ul style=\"text-align: justify\">\n<li>Prof. Jos\u00e9 Antonio Hurtado S\u00e1nchez, Vicedecano de Ordenaci\u00f3n Acad\u00e9mica de Grados.<\/li>\n<li>Prof. Jos\u00e9 Miguel Mart\u00ednez Sanz, responsable asignatura Practicum de Nutrici\u00f3n.<\/li>\n<li>D\u00f1a. Alma Palau Ferre, Presidenta del Consejo General de Dietistas-Nutricionistas de Espa\u00f1a y Presidenta del Colegio Oficial de\u00a0Dietistas-Nutricionistas de la Comunidad Valenciana.<\/li>\n<\/ul>\n<p><strong>11.30h \u00a0PAUSA CAFE y VISITA P\u00d3STERES<\/strong><\/p>\n<p style=\"text-align: justify\"><strong>12.00h MESA 3. ITINERARIOS FORMATIVOS TRAS LA OBTENCI\u00d3N DE GRADO (Moderador:\u00a0Jos\u00e9 Antonio L\u00f3pez Pallar\u00e9s)<\/strong><\/p>\n<ul style=\"text-align: justify\">\n<li>Prof. M\u00aa Teresa Ruiz Cantero, Vicedecana de Investigaci\u00f3n, Posgrado\/Doctorado y Relaciones Internacionales.<\/li>\n<li>D\u00f1a. Viviana Arrero del Val. Directora de AMIR Enfermer\u00eda.<\/li>\n<li>D\u00f1a. Teresa M\u00aa Mart\u00ednez Moll\u00e1, Especialista en Enfermer\u00eda Obst\u00e9trico-Ginecol\u00f3gica.<\/li>\n<\/ul>\n<p dir=\"ltr\" style=\"text-align: justify\"><strong>13.00h MESA 4. EMPLEABILIDAD (Moderador:\u00a0Javier Pintor Crisp\u00edn)<\/strong><\/p>\n<ul style=\"text-align: justify\">\n<li>D. Francisco Cazorla Amor\u00f3s Secretario provincial SATSE Alicante.<\/li>\n<li>D\u00f1a. Bel\u00e9n Pay\u00e1 P\u00e9rez, presidenta Colegio Oficial de Enfermeria de Alicante<\/li>\n<li>D. Manuel Lucena Lara, Tesorero del Colegio Oficial de Dietistas-Nutricionistas de la Comunidad Valenciana y Coordinador de la Comisi\u00f3n de Empresas e Intrusismo.<\/li>\n<li>Prof. Manuel Lillo Crespo, Responsable del Area de Hospitalizaci\u00f3n y Servicios Generales de la Cl\u00ednica Vista Hermosa en Alicante.<\/li>\n<\/ul>\n<p dir=\"ltr\" style=\"text-align: justify\"><strong>14.00h \u00a0DESCANSO-ALMUERZO y VISITA P\u00d3STERES<\/strong><\/p>\n<p dir=\"ltr\" style=\"text-align: justify\"><strong>16.00h A 18.00H MESAS COMUNICACIONES ESTUDIANTES GRADO (Moderadora mesa 1:\u00a0Elena Salinas Mart\u00ednez. Moderadora mesa 2:\u00a0Sarai Quirante Moya)<\/strong><span style=\"color: #333333;font-style: normal;line-height: 24px\"><br \/>\n<\/span><\/p>\n<ul>\n<li><span style=\"text-align: justify\">Experiencias de aprendizaje en el extranjero\u00a0<\/span><\/li>\n<li><span style=\"text-align: justify\">Experiencias de investigaci\u00f3n durante el grado\u00a0<\/span><\/li>\n<li><span style=\"text-align: justify\">Participaci\u00f3n en proyectos.<\/span><\/li>\n<\/ul>\n<p style=\"text-align: justify\"><strong>18.00h. ENTREGA DE PREMIOS Y CLAUSURA<\/strong><\/p>\n<ul>\n<li><span style=\"font-family: 'Helvetica Neue', Helvetica, Arial, 'Nimbus Sans L', sans-serif\">Prof. Ana Laguna P\u00e9rez, Decana de la Facultad de Ciencias de la Salud<\/span><\/li>\n<li>Prof. Eva M\u00aa Gabald\u00f3n Bravo, Vicedecana de Calidad y Alumnado, Presidenta del Comit\u00e9 Cient\u00edfico<\/li>\n<li>Prof. Jos\u00e9 Ram\u00f3n Mart\u00ednez Riera, Director del Secretariado de Sostenibilidad y Salud Laboral, Universidad de Alicante.<\/li>\n<li>D. Daniel Marco Garc\u00eda, estudiante de 4\u00ba de Grado de Enfermer\u00eda, Presidente del Comit\u00e9 Organizador.<\/li>\n<li>D. Jos\u00e9 Ram\u00f3n Sempere Vera, Director General de Mercalicante: &#8220;Padrino de la merienda saludable&#8221;<\/li>\n<\/ul>\n<p><strong>19.00h. EVENTO: MERIENDA SALUDABLE.<\/strong><\/p>\n<p><a href=\"https:\/\/blogs.ua.es\/jornadasfcs\/files\/2013\/10\/logo-universidad-saludable.jpg\"><img loading=\"lazy\" decoding=\"async\" class=\"aligncenter size-full wp-image-148\" alt=\"logo-universidad-saludable\" src=\"https:\/\/blogs.ua.es\/jornadasfcs\/files\/2013\/10\/logo-universidad-saludable.jpg\" width=\"660\" height=\"351\" srcset=\"https:\/\/blogs.ua.es\/jornadasfcs\/files\/2013\/10\/logo-universidad-saludable.jpg 660w, https:\/\/blogs.ua.es\/jornadasfcs\/files\/2013\/10\/logo-universidad-saludable-300x159.jpg 300w, https:\/\/blogs.ua.es\/jornadasfcs\/files\/2013\/10\/logo-universidad-saludable-500x265.jpg 500w\" sizes=\"auto, (max-width: 660px) 100vw, 660px\" \/><\/a><\/p>\n","protected":false},"excerpt":{"rendered":"<p>8.30h INSCRIPCIONES Y ENTREGA DE DOCUMENTACI\u00d3N 9.00h \u00a0MESA INAUGURACI\u00d3N JORNADA (Mantenedora:\u00a0Beatriz Mejias Moreno) Prof. Nuria Gran\u00e9 Teruel, Vicerrectora de estudiantes, Universidad de Alicante. Prof. Ana Laguna P\u00e9rez, Decana de la Facultad de Ciencias de la Salud. Prof. Eva M\u00aa Gabald\u00f3n &hellip; <a href=\"https:\/\/blogs.ua.es\/jornadasfcs\/programa\/\">Continue reading <span class=\"meta-nav\">&rarr;<\/span><\/a><\/p>\n","protected":false},"author":3217,"featured_media":0,"parent":0,"menu_order":0,"comment_status":"open","ping_status":"open","template":"","meta":{"footnotes":""},"class_list":["post-22","page","type-page","status-publish","hentry"],"_links":{"self":[{"href":"https:\/\/blogs.ua.es\/jornadasfcs\/wp-json\/wp\/v2\/pages\/22","targetHints":{"allow":["GET"]}}],"collection":[{"href":"https:\/\/blogs.ua.es\/jornadasfcs\/wp-json\/wp\/v2\/pages"}],"about":[{"href":"https:\/\/blogs.ua.es\/jornadasfcs\/wp-json\/wp\/v2\/types\/page"}],"author":[{"embeddable":true,"href":"https:\/\/blogs.ua.es\/jornadasfcs\/wp-json\/wp\/v2\/users\/3217"}],"replies":[{"embeddable":true,"href":"https:\/\/blogs.ua.es\/jornadasfcs\/wp-json\/wp\/v2\/comments?post=22"}],"version-history":[{"count":25,"href":"https:\/\/blogs.ua.es\/jornadasfcs\/wp-json\/wp\/v2\/pages\/22\/revisions"}],"predecessor-version":[{"id":261,"href":"https:\/\/blogs.ua.es\/jornadasfcs\/wp-json\/wp\/v2\/pages\/22\/revisions\/261"}],"wp:attachment":[{"href":"https:\/\/blogs.ua.es\/jornadasfcs\/wp-json\/wp\/v2\/media?parent=22"}],"curies":[{"name":"wp","href":"https:\/\/api.w.org\/{rel}","templated":true}]}}