{"id":26,"date":"2013-10-18T17:58:15","date_gmt":"2013-10-18T17:58:15","guid":{"rendered":"https:\/\/blogs.ua.es\/jornadasfcs\/?page_id=26"},"modified":"2013-11-21T18:40:24","modified_gmt":"2013-11-21T17:40:24","slug":"inscripciones","status":"publish","type":"page","link":"https:\/\/blogs.ua.es\/jornadasfcs\/inscripciones\/","title":{"rendered":"Inscripciones"},"content":{"rendered":"<p>Para realizar su inscripci\u00f3n pinche <a href=\"\/\/docs.google.com\/forms\/d\/1VI5bLitCyr0MyA4ZrzSRN3PYD9ktlTG2JUgLdFFOP1E\/viewform?embedded=true&quot; width=&quot;760&quot; height=&quot;500&quot; frameborder=&quot;0&quot; marginheight=&quot;0&quot; marginwidth=&quot;0&quot;&gt;Loading...&lt;\/iframe&gt;\">AQUI<\/a><\/p>\n<p>Nota importante:<\/p>\n<ul>\n<li>Periodo de inscripci\u00f3n abierto a <strong>toda la Comunidad Universitaria<\/strong>: abierto del 18\/11\/2013 al <span style=\"color: #ff0000\">25\/11\/2013<\/span><\/li>\n<li>Aforo limitado a 800 plazas. (500 Enfermer\u00eda y 300 Nutrici\u00f3n)<\/li>\n<li>Se confirmara la inscripci\u00f3n por correo electr\u00f3nico.<\/li>\n<li>Fecha l\u00edmite para hacer reserva: 22 de noviembre de 2013.<\/li>\n<li>Lugar de realizaci\u00f3n: Paraninfo, Universidad de Alicante.<\/li>\n<\/ul>\n","protected":false},"excerpt":{"rendered":"<p>Para realizar su inscripci\u00f3n pinche AQUI Nota importante: Periodo de inscripci\u00f3n abierto a toda la Comunidad Universitaria: abierto del 18\/11\/2013 al 25\/11\/2013 Aforo limitado a 800 plazas. (500 Enfermer\u00eda y 300 Nutrici\u00f3n) Se confirmara la inscripci\u00f3n por correo electr\u00f3nico. Fecha &hellip; <a href=\"https:\/\/blogs.ua.es\/jornadasfcs\/inscripciones\/\">Continue reading <span class=\"meta-nav\">&rarr;<\/span><\/a><\/p>\n","protected":false},"author":3217,"featured_media":0,"parent":0,"menu_order":0,"comment_status":"open","ping_status":"open","template":"","meta":{"footnotes":""},"class_list":["post-26","page","type-page","status-publish","hentry"],"_links":{"self":[{"href":"https:\/\/blogs.ua.es\/jornadasfcs\/wp-json\/wp\/v2\/pages\/26","targetHints":{"allow":["GET"]}}],"collection":[{"href":"https:\/\/blogs.ua.es\/jornadasfcs\/wp-json\/wp\/v2\/pages"}],"about":[{"href":"https:\/\/blogs.ua.es\/jornadasfcs\/wp-json\/wp\/v2\/types\/page"}],"author":[{"embeddable":true,"href":"https:\/\/blogs.ua.es\/jornadasfcs\/wp-json\/wp\/v2\/users\/3217"}],"replies":[{"embeddable":true,"href":"https:\/\/blogs.ua.es\/jornadasfcs\/wp-json\/wp\/v2\/comments?post=26"}],"version-history":[{"count":14,"href":"https:\/\/blogs.ua.es\/jornadasfcs\/wp-json\/wp\/v2\/pages\/26\/revisions"}],"predecessor-version":[{"id":191,"href":"https:\/\/blogs.ua.es\/jornadasfcs\/wp-json\/wp\/v2\/pages\/26\/revisions\/191"}],"wp:attachment":[{"href":"https:\/\/blogs.ua.es\/jornadasfcs\/wp-json\/wp\/v2\/media?parent=26"}],"curies":[{"name":"wp","href":"https:\/\/api.w.org\/{rel}","templated":true}]}}