{"id":28,"date":"2013-10-18T18:00:01","date_gmt":"2013-10-18T18:00:01","guid":{"rendered":"https:\/\/blogs.ua.es\/jornadasfcs\/?page_id=28"},"modified":"2013-11-26T00:55:24","modified_gmt":"2013-11-25T23:55:24","slug":"comunicaciones-y-posteres","status":"publish","type":"page","link":"https:\/\/blogs.ua.es\/jornadasfcs\/comunicaciones-y-posteres\/","title":{"rendered":"Comunicaciones y P\u00f3steres"},"content":{"rendered":"<p dir=\"ltr\" style=\"text-align: center\"><strong><span style=\"color: #3366ff\">\u00a0<\/span><\/strong><\/p>\n<p dir=\"ltr\" style=\"text-align: justify\">Entregue el resumen de su comunicaci\u00f3n, oral o p\u00f3ster, pinchando<span style=\"text-decoration: underline\"><span style=\"color: #3366ff\"><a href=\"\/\/docs.google.com\/forms\/d\/1_UWjuyQP_AX9g-fZNv4VJZjev8vNlLZkK8ucr8hw8ko\/viewform?embedded=true&quot; width=&quot;760&quot; height=&quot;500&quot; frameborder=&quot;0&quot; marginheight=&quot;0&quot; marginwidth=&quot;0&quot;&gt;Loading...&lt;\/iframe&gt;\" target=\"_blank\"><span style=\"color: #3366ff;text-decoration: underline\"> AQU\u00cd<\/span><\/a><\/span><\/span><\/p>\n<p>Podr\u00e1 participar todo aquel estudiante tanto de enfermer\u00eda y nutrici\u00f3n que le\u00a0apetezca exponer un trabajo y compartirlo con todos sus compa\u00f1eros\/as.<\/p>\n<p>La estructura de las Jornadas permite la contribuci\u00f3n libre de los participantes en\u00a0los apartados que a continuaci\u00f3n se detallan:<\/p>\n<ul>\n<li>Comunicaciones orales.<\/li>\n<li>P\u00f3steres.<\/li>\n<\/ul>\n<p>Ser\u00e1 condici\u00f3n indispensable para poder participar en cualquiera de las\u00a0modalidades de presentaci\u00f3n de trabajos el que el autor que presente el trabajo,\u00a0est\u00e9 inscrito en las Jornadas.<\/p>\n<p><em><strong>1. NORMAS GENERALES PARA ENVIAR LOS RES\u00daMENES.<\/strong><\/em><\/p>\n<p>El env\u00edo de res\u00famenes se realizar\u00e1 antes del 18 de Noviembre del\u00a02013, obligatoriamente, a trav\u00e9s de <a href=\"https:\/\/docs.google.com\/forms\/  d\/1_UWjuyQP_AX9g-fZNv4VJZjev8vNlLZkK8ucr8hw8ko\/viewform?  embedded=true%22%20width=%22760%22%20height=%22500%22%20framebor  der=%220%22%20marginheight=%220%22%20marginwidth=%220%22%3ELoadi  ng...%3C\/iframe%3E\">ESTE ENLACE<\/a>\u00a0, rellenando los campos obligatorios que se indican.<\/p>\n<p>La extensi\u00f3n del resumen ser\u00e1 entre 150 y 200 palabras m\u00e1ximas siendo claro y\u00a0conciso para poder evaluar de una manera correcta por el Comit\u00e9 Cient\u00edfico.<\/p>\n<p>Tras la evaluaci\u00f3n de todos los res\u00famenes enviados, el Comit\u00e9 Cient\u00edfico decidir\u00e1\u00a0qu\u00e9 res\u00famenes de comunicaciones y carteles son los aceptados, y lo comunicar\u00e1\u00a0antes del d\u00eda <strong><span style=\"color: #000000\">30\u00a0de Noviembre del 2013<\/span><\/strong> a la persona o autor principal a trav\u00e9s de\u00a0la direcci\u00f3n de correo electr\u00f3nico que nos indic\u00f3.<\/p>\n<p><em><strong>2. NORMAS ESPEC\u00cdFICAS DE PRESENTACI\u00d3N DE COMUNICACIONES<\/strong><\/em><\/p>\n<p><strong>ORALES:<\/strong><\/p>\n<ul>\n<li>Tiempo. El tiempo asignado para presentar las comunicaciones orales es\u00a0de 10 minutos. S\u00f3lo se dispondr\u00e1 de ese tiempo que debe ser respetado\u00a0escrupulosamente por respeto al resto de comunicantes.<\/li>\n<li>Formato de env\u00edo de las diapositivas: Powerpoint de Microsoft Office 2007.<\/li>\n<li>Medios audiovisuales: La organizaci\u00f3n proporciona un proyector para\u00a0presentaciones en formato electr\u00f3nico, no obstante, si se necesitara otro tipo de\u00a0material o se quiere exponer en otro formato se deber\u00e1 solicitar a la organizaci\u00f3n.<\/li>\n<li><span style=\"text-decoration: underline\"><em><strong>IMPORTANTE<\/strong><\/em><\/span>: El d\u00eda 5 de diciembre cada autor traer\u00e1 consigo en un pendrive\u00a0su proyecci\u00f3n en el formato correcto. La hora a la que tendr\u00e1 que asistir como\u00a0lugar se le indicar\u00e1 d\u00edas previos al email que nos facilit\u00f3.<\/li>\n<\/ul>\n<p><em><strong>3. NORMAS ESPEC\u00cdFICAS DE PRESENTACI\u00d3N DE CARTELES.<\/strong><\/em><\/p>\n<p>El cartel ser\u00e1 expuesto en posici\u00f3n vertical y debe tener las\u00a0siguientes medidas m\u00e1ximas: Ancho 90 cm., Altura 120 cm. No se admitir\u00e1n\u00a0carteles que no se ajusten a las medidas establecidas.<\/p>\n<p>Los carteles ser\u00e1n expuestos durante la Jornada. La organizaci\u00f3n se encargar\u00e1 de\u00a0su colocaci\u00f3n.<\/p>\n<p><span style=\"text-decoration: underline\"><em><strong>-IMPORTANTE<\/strong><\/em><\/span>: El d\u00eda 5 de diciembre cada autor traer\u00e1 consigo el cartel en\u00a0formato papel con las normas anteriores. La hora a la que tendr\u00e1 que asistir como\u00a0lugar se le indicar\u00e1 d\u00edas previos al email que nos facilit\u00f3.<\/p>\n<p><strong>Certificado<\/strong>: s\u00f3lo se dar\u00e1 certificado de presentaci\u00f3n a las personas cuyos\u00a0nombres consten en el resumen enviado para la evaluaci\u00f3n por el comit\u00e9 cient\u00edfico.<\/p>\n<p>No se admitir\u00e1 ning\u00fan cambio de autor tras dicha evaluaci\u00f3n.<\/p>\n<p>Si existe alguna duda acerca de las bases o cualquier otra cuesti\u00f3n p\u00f3ngase en\u00a0contacto en el siguiente email: jornadasfcsua.comunicaciones@gmail.com<\/p>\n<p>Gracias por su participaci\u00f3n.<\/p>\n<p>Atentamente, el Comit\u00e9 Cient\u00edfico y Organizador.<\/p>\n","protected":false},"excerpt":{"rendered":"<p>\u00a0 Entregue el resumen de su comunicaci\u00f3n, oral o p\u00f3ster, pinchando AQU\u00cd Podr\u00e1 participar todo aquel estudiante tanto de enfermer\u00eda y nutrici\u00f3n que le\u00a0apetezca exponer un trabajo y compartirlo con todos sus compa\u00f1eros\/as. La estructura de las Jornadas permite la &hellip; <a href=\"https:\/\/blogs.ua.es\/jornadasfcs\/comunicaciones-y-posteres\/\">Continue reading <span class=\"meta-nav\">&rarr;<\/span><\/a><\/p>\n","protected":false},"author":3217,"featured_media":0,"parent":0,"menu_order":0,"comment_status":"open","ping_status":"open","template":"","meta":{"footnotes":""},"class_list":["post-28","page","type-page","status-publish","hentry"],"_links":{"self":[{"href":"https:\/\/blogs.ua.es\/jornadasfcs\/wp-json\/wp\/v2\/pages\/28","targetHints":{"allow":["GET"]}}],"collection":[{"href":"https:\/\/blogs.ua.es\/jornadasfcs\/wp-json\/wp\/v2\/pages"}],"about":[{"href":"https:\/\/blogs.ua.es\/jornadasfcs\/wp-json\/wp\/v2\/types\/page"}],"author":[{"embeddable":true,"href":"https:\/\/blogs.ua.es\/jornadasfcs\/wp-json\/wp\/v2\/users\/3217"}],"replies":[{"embeddable":true,"href":"https:\/\/blogs.ua.es\/jornadasfcs\/wp-json\/wp\/v2\/comments?post=28"}],"version-history":[{"count":17,"href":"https:\/\/blogs.ua.es\/jornadasfcs\/wp-json\/wp\/v2\/pages\/28\/revisions"}],"predecessor-version":[{"id":225,"href":"https:\/\/blogs.ua.es\/jornadasfcs\/wp-json\/wp\/v2\/pages\/28\/revisions\/225"}],"wp:attachment":[{"href":"https:\/\/blogs.ua.es\/jornadasfcs\/wp-json\/wp\/v2\/media?parent=28"}],"curies":[{"name":"wp","href":"https:\/\/api.w.org\/{rel}","templated":true}]}}