{"id":8,"date":"2012-11-16T12:06:41","date_gmt":"2012-11-16T12:06:41","guid":{"rendered":"https:\/\/blogs.ua.es\/joseantoniomillanguillen\/?page_id=8"},"modified":"2012-11-16T12:06:41","modified_gmt":"2012-11-16T12:06:41","slug":"presentacion","status":"publish","type":"page","link":"https:\/\/blogs.ua.es\/joseantoniomillanguillen\/presentacion\/","title":{"rendered":"Presentaci\u00f3n"},"content":{"rendered":"<p>Hola, somos Pascual Gil gutierrez y Francisco Jos\u00e9 Garc\u00eda Corbi, alumnos de la universidad de Alicante. Estudiamos el grado de historia en la facultad de filosof\u00eda y letras.<\/p>\n<p><a href=\"https:\/\/blogs.ua.es\/joseantoniomillanguillen\/files\/2012\/11\/logo-ua.png\"><img loading=\"lazy\" decoding=\"async\" class=\"aligncenter size-full wp-image-9\" src=\"https:\/\/blogs.ua.es\/joseantoniomillanguillen\/files\/2012\/11\/logo-ua.png\" alt=\"Universidad de Alicante\" width=\"263\" height=\"45\" \/><\/a><\/p>\n","protected":false},"excerpt":{"rendered":"<p>Hola, somos Pascual Gil gutierrez y Francisco Jos\u00e9 Garc\u00eda Corbi, alumnos de la universidad de Alicante. Estudiamos el grado de historia en la facultad de filosof\u00eda y letras.<\/p>\n","protected":false},"author":2833,"featured_media":0,"parent":0,"menu_order":0,"comment_status":"open","ping_status":"open","template":"","meta":{"footnotes":""},"class_list":["post-8","page","type-page","status-publish","hentry"],"_links":{"self":[{"href":"https:\/\/blogs.ua.es\/joseantoniomillanguillen\/wp-json\/wp\/v2\/pages\/8","targetHints":{"allow":["GET"]}}],"collection":[{"href":"https:\/\/blogs.ua.es\/joseantoniomillanguillen\/wp-json\/wp\/v2\/pages"}],"about":[{"href":"https:\/\/blogs.ua.es\/joseantoniomillanguillen\/wp-json\/wp\/v2\/types\/page"}],"author":[{"embeddable":true,"href":"https:\/\/blogs.ua.es\/joseantoniomillanguillen\/wp-json\/wp\/v2\/users\/2833"}],"replies":[{"embeddable":true,"href":"https:\/\/blogs.ua.es\/joseantoniomillanguillen\/wp-json\/wp\/v2\/comments?post=8"}],"version-history":[{"count":1,"href":"https:\/\/blogs.ua.es\/joseantoniomillanguillen\/wp-json\/wp\/v2\/pages\/8\/revisions"}],"predecessor-version":[{"id":10,"href":"https:\/\/blogs.ua.es\/joseantoniomillanguillen\/wp-json\/wp\/v2\/pages\/8\/revisions\/10"}],"wp:attachment":[{"href":"https:\/\/blogs.ua.es\/joseantoniomillanguillen\/wp-json\/wp\/v2\/media?parent=8"}],"curies":[{"name":"wp","href":"https:\/\/api.w.org\/{rel}","templated":true}]}}