{"id":2,"date":"2012-11-16T12:48:14","date_gmt":"2012-11-16T12:48:14","guid":{"rendered":"https:\/\/blogs.ua.es\/josecapillabeltran\/?page_id=2"},"modified":"2013-01-10T10:08:13","modified_gmt":"2013-01-10T10:08:13","slug":"pagina-ejemplo","status":"publish","type":"page","link":"https:\/\/blogs.ua.es\/josecapillabeltran\/pagina-ejemplo\/","title":{"rendered":"Presentaci\u00f3n"},"content":{"rendered":"<p>Bienvenidos a nuestro blog dedicado a Jos\u00e9 Capilla Beltr\u00e1n. Somos Paula Brocal y Lydia Va\u00f1\u00f3, estudiantes de la Universidad de Alicante y estamos cursando el Grado de Historia y el de Geograf\u00eda y Ordenaci\u00f3n del Territorio. Este proyecto esta dirigido por la asignatura de Fuentes y Documentos para la Historia, en concreto por el profesor Antonio Carrasco.<\/p>\n","protected":false},"excerpt":{"rendered":"<p>Bienvenidos a nuestro blog dedicado a Jos\u00e9 Capilla Beltr\u00e1n. Somos Paula Brocal y Lydia Va\u00f1\u00f3, estudiantes de la Universidad de Alicante y estamos cursando el Grado de Historia y el de Geograf\u00eda y Ordenaci\u00f3n del Territorio. Este proyecto esta dirigido por la asignatura de Fuentes y Documentos para la Historia, en concreto por el profesor [&hellip;]<\/p>\n","protected":false},"author":2842,"featured_media":0,"parent":0,"menu_order":0,"comment_status":"open","ping_status":"open","template":"","meta":{"footnotes":""},"class_list":["post-2","page","type-page","status-publish","hentry"],"_links":{"self":[{"href":"https:\/\/blogs.ua.es\/josecapillabeltran\/wp-json\/wp\/v2\/pages\/2","targetHints":{"allow":["GET"]}}],"collection":[{"href":"https:\/\/blogs.ua.es\/josecapillabeltran\/wp-json\/wp\/v2\/pages"}],"about":[{"href":"https:\/\/blogs.ua.es\/josecapillabeltran\/wp-json\/wp\/v2\/types\/page"}],"author":[{"embeddable":true,"href":"https:\/\/blogs.ua.es\/josecapillabeltran\/wp-json\/wp\/v2\/users\/2842"}],"replies":[{"embeddable":true,"href":"https:\/\/blogs.ua.es\/josecapillabeltran\/wp-json\/wp\/v2\/comments?post=2"}],"version-history":[{"count":6,"href":"https:\/\/blogs.ua.es\/josecapillabeltran\/wp-json\/wp\/v2\/pages\/2\/revisions"}],"predecessor-version":[{"id":143,"href":"https:\/\/blogs.ua.es\/josecapillabeltran\/wp-json\/wp\/v2\/pages\/2\/revisions\/143"}],"wp:attachment":[{"href":"https:\/\/blogs.ua.es\/josecapillabeltran\/wp-json\/wp\/v2\/media?parent=2"}],"curies":[{"name":"wp","href":"https:\/\/api.w.org\/{rel}","templated":true}]}}