{"id":86,"date":"2013-01-02T18:01:51","date_gmt":"2013-01-02T18:01:51","guid":{"rendered":"https:\/\/blogs.ua.es\/josecapillabeltran\/?page_id=86"},"modified":"2013-01-10T10:08:02","modified_gmt":"2013-01-10T10:08:02","slug":"introduccion","status":"publish","type":"page","link":"https:\/\/blogs.ua.es\/josecapillabeltran\/introduccion\/","title":{"rendered":"Introducci\u00f3n"},"content":{"rendered":"<p>Este blog esta dedicado a Jos\u00e9 Capilla Beltr\u00e1n. Director del semanario <em>Idella,\u00a0<\/em>anuario<em> Albor\u00a0<\/em>y <em>Los Pueblos.\u00a0<\/em>Estas publicaciones supusieron el origen de un epistolario de gran inter\u00e9s literario.<\/p>\n<p>Goz\u00f3 de la amistad personal de Azor\u00edn, Unamuno, Gabriel Mir\u00f3, Andrenio, Zamacois y Altamira. Periodista y escritor en diferentes medios vivi\u00f3 entre Mon\u00f3var, Elda y Barcelona.<\/p>\n<p>Su hijo, Julio Capilla Bellot, cedi\u00f3 a Caja Mediterr\u00e1nea una amplia documentaci\u00f3n del nexo de su padre como otros intelectuales de la \u00e9poca, principalmente de la Generaci\u00f3n del 98. Este legado se conserva en la Casa Museo Azor\u00edn.<\/p>\n","protected":false},"excerpt":{"rendered":"<p>Este blog esta dedicado a Jos\u00e9 Capilla Beltr\u00e1n. Director del semanario Idella,\u00a0anuario Albor\u00a0y Los Pueblos.\u00a0Estas publicaciones supusieron el origen de un epistolario de gran inter\u00e9s literario. Goz\u00f3 de la amistad personal de Azor\u00edn, Unamuno, Gabriel Mir\u00f3, Andrenio, Zamacois y Altamira. Periodista y escritor en diferentes medios vivi\u00f3 entre Mon\u00f3var, Elda y Barcelona. Su hijo, Julio [&hellip;]<\/p>\n","protected":false},"author":2848,"featured_media":0,"parent":0,"menu_order":0,"comment_status":"open","ping_status":"closed","template":"","meta":{"footnotes":""},"class_list":["post-86","page","type-page","status-publish","hentry"],"_links":{"self":[{"href":"https:\/\/blogs.ua.es\/josecapillabeltran\/wp-json\/wp\/v2\/pages\/86","targetHints":{"allow":["GET"]}}],"collection":[{"href":"https:\/\/blogs.ua.es\/josecapillabeltran\/wp-json\/wp\/v2\/pages"}],"about":[{"href":"https:\/\/blogs.ua.es\/josecapillabeltran\/wp-json\/wp\/v2\/types\/page"}],"author":[{"embeddable":true,"href":"https:\/\/blogs.ua.es\/josecapillabeltran\/wp-json\/wp\/v2\/users\/2848"}],"replies":[{"embeddable":true,"href":"https:\/\/blogs.ua.es\/josecapillabeltran\/wp-json\/wp\/v2\/comments?post=86"}],"version-history":[{"count":2,"href":"https:\/\/blogs.ua.es\/josecapillabeltran\/wp-json\/wp\/v2\/pages\/86\/revisions"}],"predecessor-version":[{"id":142,"href":"https:\/\/blogs.ua.es\/josecapillabeltran\/wp-json\/wp\/v2\/pages\/86\/revisions\/142"}],"wp:attachment":[{"href":"https:\/\/blogs.ua.es\/josecapillabeltran\/wp-json\/wp\/v2\/media?parent=86"}],"curies":[{"name":"wp","href":"https:\/\/api.w.org\/{rel}","templated":true}]}}