{"id":92,"date":"2013-01-02T18:12:31","date_gmt":"2013-01-02T18:12:31","guid":{"rendered":"https:\/\/blogs.ua.es\/josecapillabeltran\/?page_id=92"},"modified":"2013-01-10T10:07:54","modified_gmt":"2013-01-10T10:07:54","slug":"fuentes","status":"publish","type":"page","link":"https:\/\/blogs.ua.es\/josecapillabeltran\/fuentes\/","title":{"rendered":"Fuentes"},"content":{"rendered":"<p>Para el an\u00e1lisis de las obras de este autor, hemos consultado varias fuentes. La m\u00e1s importante ha sido el legado que proporcion\u00f3 Julio Capilla Bellot a Caja Mediterr\u00e1nea de Alicante y con ello hemos podido realizar varios comentarios cr\u00edticos de art\u00edculos, cartas a Azor\u00edn, cartas a \u00c1ngel Cruz Rueda&#8230;Todo este legado se recoge en un libro recopilatorio titulado &#8220;Escritos de Jos\u00e9 Capilla sobre Azor\u00edn y Mir\u00f3&#8221;, la introducci\u00f3n, selecci\u00f3n y notas del mismo fueron realizadas por su propio hijo Julio Capilla.<\/p>\n<p>Adem\u00e1s, en la biblioteca de Alicante hemos encontrado un libro completo titulado &#8220;El paisaje alicantino en la obra de Gabriel Mir\u00f3&#8221;, en el que Capilla realiza un comentario de la descripci\u00f3n hecha por Mir\u00f3.<\/p>\n","protected":false},"excerpt":{"rendered":"<p>Para el an\u00e1lisis de las obras de este autor, hemos consultado varias fuentes. La m\u00e1s importante ha sido el legado que proporcion\u00f3 Julio Capilla Bellot a Caja Mediterr\u00e1nea de Alicante y con ello hemos podido realizar varios comentarios cr\u00edticos de art\u00edculos, cartas a Azor\u00edn, cartas a \u00c1ngel Cruz Rueda&#8230;Todo este legado se recoge en un [&hellip;]<\/p>\n","protected":false},"author":2848,"featured_media":0,"parent":0,"menu_order":0,"comment_status":"open","ping_status":"closed","template":"","meta":{"footnotes":""},"class_list":["post-92","page","type-page","status-publish","hentry"],"_links":{"self":[{"href":"https:\/\/blogs.ua.es\/josecapillabeltran\/wp-json\/wp\/v2\/pages\/92","targetHints":{"allow":["GET"]}}],"collection":[{"href":"https:\/\/blogs.ua.es\/josecapillabeltran\/wp-json\/wp\/v2\/pages"}],"about":[{"href":"https:\/\/blogs.ua.es\/josecapillabeltran\/wp-json\/wp\/v2\/types\/page"}],"author":[{"embeddable":true,"href":"https:\/\/blogs.ua.es\/josecapillabeltran\/wp-json\/wp\/v2\/users\/2848"}],"replies":[{"embeddable":true,"href":"https:\/\/blogs.ua.es\/josecapillabeltran\/wp-json\/wp\/v2\/comments?post=92"}],"version-history":[{"count":4,"href":"https:\/\/blogs.ua.es\/josecapillabeltran\/wp-json\/wp\/v2\/pages\/92\/revisions"}],"predecessor-version":[{"id":141,"href":"https:\/\/blogs.ua.es\/josecapillabeltran\/wp-json\/wp\/v2\/pages\/92\/revisions\/141"}],"wp:attachment":[{"href":"https:\/\/blogs.ua.es\/josecapillabeltran\/wp-json\/wp\/v2\/media?parent=92"}],"curies":[{"name":"wp","href":"https:\/\/api.w.org\/{rel}","templated":true}]}}