{"id":94,"date":"2013-01-02T18:18:29","date_gmt":"2013-01-02T18:18:29","guid":{"rendered":"https:\/\/blogs.ua.es\/josecapillabeltran\/?page_id=94"},"modified":"2013-01-10T10:11:12","modified_gmt":"2013-01-10T10:11:12","slug":"valoracion","status":"publish","type":"page","link":"https:\/\/blogs.ua.es\/josecapillabeltran\/valoracion\/","title":{"rendered":"Valoraci\u00f3n"},"content":{"rendered":"<p>El trabajo de realizar un blog sobre un autor en principio desconocido, nos ha supuesto un reto muy grande, as\u00ed pues al principio, tras buscar en varios cat\u00e1logos de bibliotecas virtuales y no encontrar nada, tuvimos que pedirle ayuda al profesor que dirig\u00eda este trabajo.<\/p>\n<p>De esta manera, pudimos desplazarnos hasta la biblioteca de Caja Mediterr\u00e1nea en Alicante, para poder consultar el legado del autor proporcionado por su propio hijo, sin embargo nuestra petici\u00f3n fue rechazada ya que son unos documentos privados, a pesar de esto tuvimos la suerte de dar con un libro recopilatorio en el que encontramos un estudio exhausto de su legado en Caja Mediterr\u00e1nea.<\/p>\n<p>Ya adquirido este libro recopilatorio hemos podido extraer la informaci\u00f3n necesaria para la realizaci\u00f3n de comentarios cr\u00edticos de su producci\u00f3n. Sin embargo, nos ha parecido bastante costoso y nos ha llevado mucho tiempo, as\u00ed que esperamos que sea gratificado.<\/p>\n<p>Adem\u00e1s se a\u00f1ade el problema de que somos las primeras personas en publicar informaci\u00f3n sobre este autor en Internet, as\u00ed pues cabe destacar la dificultad que hemos tenido para encontrar informaci\u00f3n sobre el autor, consecuentemente a la hora de realizar las referencias bibliogr\u00e1ficas nos han faltado muchos datos y est\u00e1n incompletas, disculpenos.<\/p>\n<p>Un saludo Paula y Lydia<\/p>\n","protected":false},"excerpt":{"rendered":"<p>El trabajo de realizar un blog sobre un autor en principio desconocido, nos ha supuesto un reto muy grande, as\u00ed pues al principio, tras buscar en varios cat\u00e1logos de bibliotecas virtuales y no encontrar nada, tuvimos que pedirle ayuda al profesor que dirig\u00eda este trabajo. De esta manera, pudimos desplazarnos hasta la biblioteca de Caja [&hellip;]<\/p>\n","protected":false},"author":2842,"featured_media":0,"parent":0,"menu_order":0,"comment_status":"open","ping_status":"closed","template":"","meta":{"footnotes":""},"class_list":["post-94","page","type-page","status-publish","hentry"],"_links":{"self":[{"href":"https:\/\/blogs.ua.es\/josecapillabeltran\/wp-json\/wp\/v2\/pages\/94","targetHints":{"allow":["GET"]}}],"collection":[{"href":"https:\/\/blogs.ua.es\/josecapillabeltran\/wp-json\/wp\/v2\/pages"}],"about":[{"href":"https:\/\/blogs.ua.es\/josecapillabeltran\/wp-json\/wp\/v2\/types\/page"}],"author":[{"embeddable":true,"href":"https:\/\/blogs.ua.es\/josecapillabeltran\/wp-json\/wp\/v2\/users\/2842"}],"replies":[{"embeddable":true,"href":"https:\/\/blogs.ua.es\/josecapillabeltran\/wp-json\/wp\/v2\/comments?post=94"}],"version-history":[{"count":6,"href":"https:\/\/blogs.ua.es\/josecapillabeltran\/wp-json\/wp\/v2\/pages\/94\/revisions"}],"predecessor-version":[{"id":146,"href":"https:\/\/blogs.ua.es\/josecapillabeltran\/wp-json\/wp\/v2\/pages\/94\/revisions\/146"}],"wp:attachment":[{"href":"https:\/\/blogs.ua.es\/josecapillabeltran\/wp-json\/wp\/v2\/media?parent=94"}],"curies":[{"name":"wp","href":"https:\/\/api.w.org\/{rel}","templated":true}]}}