{"id":10,"date":"2012-12-07T09:25:25","date_gmt":"2012-12-07T09:25:25","guid":{"rendered":"https:\/\/blogs.ua.es\/josefinaferrandizcasares\/?page_id=10"},"modified":"2012-12-20T13:57:34","modified_gmt":"2012-12-20T13:57:34","slug":"presentacion","status":"publish","type":"page","link":"https:\/\/blogs.ua.es\/josefinaferrandizcasares\/presentacion\/","title":{"rendered":"Presentaci\u00f3n"},"content":{"rendered":"<p><strong>Hola<\/strong>, somos\u00a0<strong>Andr\u00e9s P\u00e9rez Garc\u00eda<\/strong>\u00a0y\u00a0<strong>Sonia Carbonell Pastor,\u00a0<\/strong>estudiantes de 1\u00ba de Geograf\u00eda y ordenaci\u00f3n del territorio e Historia en la Universidad de Alicante. Nuestra intenci\u00f3n es hacer llegar a la gente la figura de<strong><em>\u00a0Josefina Ferr\u00e1ndiz Casares<\/em><\/strong>, ilustre maestra\u00a0de la Escuela Aneja de Alicante.<\/p>\n<p><a href=\"https:\/\/blogs.ua.es\/josefinaferrandizcasares\/files\/2012\/12\/logo-ua.png\"><img loading=\"lazy\" decoding=\"async\" class=\"aligncenter size-full wp-image-13\" src=\"https:\/\/blogs.ua.es\/josefinaferrandizcasares\/files\/2012\/12\/logo-ua.png\" alt=\"Logo de la Universidad de Alicante\" width=\"263\" height=\"45\" \/><\/a><\/p>\n<p>&nbsp;<\/p>\n","protected":false},"excerpt":{"rendered":"<p>Hola, somos\u00a0Andr\u00e9s P\u00e9rez Garc\u00eda\u00a0y\u00a0Sonia Carbonell Pastor,\u00a0estudiantes de 1\u00ba de Geograf\u00eda y ordenaci\u00f3n del territorio e Historia en la Universidad de Alicante. Nuestra intenci\u00f3n es hacer llegar a la gente la figura de\u00a0Josefina Ferr\u00e1ndiz Casares, ilustre maestra\u00a0de la Escuela Aneja de &hellip; <a href=\"https:\/\/blogs.ua.es\/josefinaferrandizcasares\/presentacion\/\">Continue reading <span class=\"meta-nav\">&rarr;<\/span><\/a><\/p>\n","protected":false},"author":2961,"featured_media":0,"parent":0,"menu_order":0,"comment_status":"open","ping_status":"open","template":"","meta":{"footnotes":""},"class_list":["post-10","page","type-page","status-publish","hentry"],"_links":{"self":[{"href":"https:\/\/blogs.ua.es\/josefinaferrandizcasares\/wp-json\/wp\/v2\/pages\/10","targetHints":{"allow":["GET"]}}],"collection":[{"href":"https:\/\/blogs.ua.es\/josefinaferrandizcasares\/wp-json\/wp\/v2\/pages"}],"about":[{"href":"https:\/\/blogs.ua.es\/josefinaferrandizcasares\/wp-json\/wp\/v2\/types\/page"}],"author":[{"embeddable":true,"href":"https:\/\/blogs.ua.es\/josefinaferrandizcasares\/wp-json\/wp\/v2\/users\/2961"}],"replies":[{"embeddable":true,"href":"https:\/\/blogs.ua.es\/josefinaferrandizcasares\/wp-json\/wp\/v2\/comments?post=10"}],"version-history":[{"count":4,"href":"https:\/\/blogs.ua.es\/josefinaferrandizcasares\/wp-json\/wp\/v2\/pages\/10\/revisions"}],"predecessor-version":[{"id":12,"href":"https:\/\/blogs.ua.es\/josefinaferrandizcasares\/wp-json\/wp\/v2\/pages\/10\/revisions\/12"}],"wp:attachment":[{"href":"https:\/\/blogs.ua.es\/josefinaferrandizcasares\/wp-json\/wp\/v2\/media?parent=10"}],"curies":[{"name":"wp","href":"https:\/\/api.w.org\/{rel}","templated":true}]}}