{"id":90,"date":"2013-01-25T13:29:03","date_gmt":"2013-01-25T13:29:03","guid":{"rendered":"https:\/\/blogs.ua.es\/josefinaferrandizcasares\/?page_id=90"},"modified":"2013-01-25T14:45:51","modified_gmt":"2013-01-25T14:45:51","slug":"trabajo","status":"publish","type":"page","link":"https:\/\/blogs.ua.es\/josefinaferrandizcasares\/trabajo\/","title":{"rendered":"Nuestro trabajo"},"content":{"rendered":"<p style=\"text-align: justify\"><span style=\"color: #000000\"><strong>Bienvenidos<\/strong><\/span>\u00a0al blog de <a title=\"Josefina Ferr\u00e1ndiz Casares\" href=\"http:\/\/sar.ua.es\/es\/archivo\/fondos\/otros-fondos\/fondo-documental-josefina-ferrandiz-casares.html\" target=\"_blank\"><span style=\"text-decoration: underline\">Josefina Ferr\u00e1ndiz Casares<\/span><\/a>, ilustre maestra de la Escuela Aneja de Alicante, somos\u00a0<strong>Andr\u00e9s<\/strong>\u00a0y\u00a0<strong>Sonia<\/strong>. Este blog se ha realizado gracias a WordPress UA. La informaci\u00f3n sobre la figura de Josefina Ferr\u00e1ndiz Casares ha sido facilitada por el Archivo de la Universidad de Alicante. Josefina Ferr\u00e1ndiz Casares realiz\u00f3 comentarios de obras de diversos escritores y autores. En este blog nos hemos tomado la libertas de realizar comentarios sobre sus propios comentarios entre otros documentos, en el que incluimos su propia obra,\u00a0<em>Roc\u00edo: Formaci\u00f3n y Caridad<\/em>, libro did\u00e1ctico dirigido a ni\u00f1os de entre diez y doce a\u00f1os en el que se incluyen comentarios de poemas y vocabulario y explicaciones para su comprensi\u00f3n. en este blog tambi\u00e9n hemos incluido diversos documentos sobre su vida como, por ejemplo, diplomas, cartas y escritos.<\/p>\n<p style=\"text-align: justify\">A pesar de todas las entradas que hemos podido realizar sobre la figura de Josefina Ferr\u00e1ndiz Casares, la recopilaci\u00f3n de informaci\u00f3n no ha resultado del todo f\u00e1cil dado que su obra se basa expresamente en comentarios de otras figuras literarias, por lo que hemos intentado aportar m\u00e1s informaci\u00f3n sobre sus datos biogr\u00e1ficos, como por ejemplo la trayectoria profesional, recortes de prensa, correspondencia, escritos, fotograf\u00edas&#8230; los cuales han demostrado ser dignos de menci\u00f3n y admiraci\u00f3n y de igual importancia. No obstante, las fuentes documentales siguen presentando una dificultad a la hora de encontrarlas, por lo que hemos tenido que recurrir expresamente al Archivo de la Universidad de Alicante, donde se hallaban la mayor\u00eda de documentos relacionados con la maestra, gracias a la aportaci\u00f3n que realiz\u00f3 la familia de \u00e9sta tras su fallecimiento en 1999. Debemos agradecer el esfuerzo realizado por el equipo del Archivo de la Universidad en conservar y mantener viva la memoria de Josefina Ferr\u00e1ndiz Casares.<\/p>\n","protected":false},"excerpt":{"rendered":"<p>Bienvenidos\u00a0al blog de Josefina Ferr\u00e1ndiz Casares, ilustre maestra de la Escuela Aneja de Alicante, somos\u00a0Andr\u00e9s\u00a0y\u00a0Sonia. Este blog se ha realizado gracias a WordPress UA. La informaci\u00f3n sobre la figura de Josefina Ferr\u00e1ndiz Casares ha sido facilitada por el Archivo de &hellip; <a href=\"https:\/\/blogs.ua.es\/josefinaferrandizcasares\/trabajo\/\">Continue reading <span class=\"meta-nav\">&rarr;<\/span><\/a><\/p>\n","protected":false},"author":2961,"featured_media":0,"parent":0,"menu_order":0,"comment_status":"open","ping_status":"open","template":"","meta":{"footnotes":""},"class_list":["post-90","page","type-page","status-publish","hentry"],"_links":{"self":[{"href":"https:\/\/blogs.ua.es\/josefinaferrandizcasares\/wp-json\/wp\/v2\/pages\/90","targetHints":{"allow":["GET"]}}],"collection":[{"href":"https:\/\/blogs.ua.es\/josefinaferrandizcasares\/wp-json\/wp\/v2\/pages"}],"about":[{"href":"https:\/\/blogs.ua.es\/josefinaferrandizcasares\/wp-json\/wp\/v2\/types\/page"}],"author":[{"embeddable":true,"href":"https:\/\/blogs.ua.es\/josefinaferrandizcasares\/wp-json\/wp\/v2\/users\/2961"}],"replies":[{"embeddable":true,"href":"https:\/\/blogs.ua.es\/josefinaferrandizcasares\/wp-json\/wp\/v2\/comments?post=90"}],"version-history":[{"count":3,"href":"https:\/\/blogs.ua.es\/josefinaferrandizcasares\/wp-json\/wp\/v2\/pages\/90\/revisions"}],"predecessor-version":[{"id":92,"href":"https:\/\/blogs.ua.es\/josefinaferrandizcasares\/wp-json\/wp\/v2\/pages\/90\/revisions\/92"}],"wp:attachment":[{"href":"https:\/\/blogs.ua.es\/josefinaferrandizcasares\/wp-json\/wp\/v2\/media?parent=90"}],"curies":[{"name":"wp","href":"https:\/\/api.w.org\/{rel}","templated":true}]}}