{"id":10,"date":"2012-11-16T08:59:24","date_gmt":"2012-11-16T08:59:24","guid":{"rendered":"https:\/\/blogs.ua.es\/josegadea\/?page_id=10"},"modified":"2012-12-20T00:18:29","modified_gmt":"2012-12-20T00:18:29","slug":"presentacion-del-blog","status":"publish","type":"page","link":"https:\/\/blogs.ua.es\/josegadea\/presentacion-del-blog\/","title":{"rendered":"Presentaci\u00f3n del Blog"},"content":{"rendered":"<p><strong>Este blog est\u00e1 hecho por dos alumnas de 1\u00ba de Historia de la Universidad de Alicante. Yara y Anah\u00ed.<\/strong><\/p>\n<p><strong>Se centrar\u00e1 en Fernando de Loazes, narrando su historia, comentando sus obras y algunos ejemplos de las mismas, as\u00ed como libros y art\u00edculos de inter\u00e9s que hablen sobre este mismo autor.<\/strong><\/p>\n<p><a href=\"https:\/\/blogs.ua.es\/josegadea\/files\/2012\/11\/logo-ua.png\"><img loading=\"lazy\" decoding=\"async\" class=\"alignleft size-full wp-image-13\" src=\"https:\/\/blogs.ua.es\/josegadea\/files\/2012\/11\/logo-ua.png\" alt=\"Universidad de Alicante\" width=\"263\" height=\"45\" \/><\/a><\/p>\n","protected":false},"excerpt":{"rendered":"<p>Este blog est\u00e1 hecho por dos alumnas de 1\u00ba de Historia de la Universidad de Alicante. Yara y Anah\u00ed. Se centrar\u00e1 en Fernando de Loazes, narrando su historia, comentando sus obras y algunos ejemplos de las mismas, as\u00ed como libros y art\u00edculos de inter\u00e9s que hablen sobre este mismo autor.<\/p>\n","protected":false},"author":2807,"featured_media":0,"parent":0,"menu_order":0,"comment_status":"open","ping_status":"open","template":"","meta":{"footnotes":""},"class_list":["post-10","page","type-page","status-publish","hentry"],"_links":{"self":[{"href":"https:\/\/blogs.ua.es\/josegadea\/wp-json\/wp\/v2\/pages\/10","targetHints":{"allow":["GET"]}}],"collection":[{"href":"https:\/\/blogs.ua.es\/josegadea\/wp-json\/wp\/v2\/pages"}],"about":[{"href":"https:\/\/blogs.ua.es\/josegadea\/wp-json\/wp\/v2\/types\/page"}],"author":[{"embeddable":true,"href":"https:\/\/blogs.ua.es\/josegadea\/wp-json\/wp\/v2\/users\/2807"}],"replies":[{"embeddable":true,"href":"https:\/\/blogs.ua.es\/josegadea\/wp-json\/wp\/v2\/comments?post=10"}],"version-history":[{"count":6,"href":"https:\/\/blogs.ua.es\/josegadea\/wp-json\/wp\/v2\/pages\/10\/revisions"}],"predecessor-version":[{"id":46,"href":"https:\/\/blogs.ua.es\/josegadea\/wp-json\/wp\/v2\/pages\/10\/revisions\/46"}],"wp:attachment":[{"href":"https:\/\/blogs.ua.es\/josegadea\/wp-json\/wp\/v2\/media?parent=10"}],"curies":[{"name":"wp","href":"https:\/\/api.w.org\/{rel}","templated":true}]}}