{"id":56,"date":"2012-12-20T10:12:38","date_gmt":"2012-12-20T10:12:38","guid":{"rendered":"https:\/\/blogs.ua.es\/josegadea\/?page_id=56"},"modified":"2013-02-04T18:59:22","modified_gmt":"2013-02-04T18:59:22","slug":"fuentes-consultadas","status":"publish","type":"page","link":"https:\/\/blogs.ua.es\/josegadea\/fuentes-consultadas\/","title":{"rendered":"Fuentes consultadas"},"content":{"rendered":"<p>Para realizar este blog, mi compa\u00f1era y yo nos hemos desplazado hasta la Biblioteca y Archivo hist\u00f3rico Fern\u00e1ndo de Loazes, situado en Orihuela, para poder consultar materiales sobre esta autor e informaci\u00f3n sobre el contexto hist\u00f3rico.<\/p>\n<p>All\u00ed encontramos varios libros que usamos para nuestra investigaci\u00f3n y despu\u00e9s, por nuestra cuenta, buscamos recursos por Internet que pudieran ser de inter\u00e9s.<\/p>\n<p>Todo el material utilizado se cita a continuaci\u00f3n:<\/p>\n<p><strong>Bibliograf\u00eda:<\/strong><\/p>\n<p>-ABAD NAVARRO, El\u00edas. <em>Don Fernando de Loazes y su fundaci\u00f3n del Colegio de predicadores de Orihuela, y de su insigne universidad. <\/em>Orihuela: Patronato art\u00edstico de la ciudad de Orihuela, 1958.<\/p>\n<p>-GARC\u00cdA SORIANO, Justo. La fundaci\u00f3n del colegio. En: <em>El colegio de predicadores y la Universidad de Orihuela. <\/em>Edici\u00f3n: Facs\u00edmil. Orihuela: Ayuntamiento de Orihuela; Caja Rural Central, 1918.<\/p>\n<p>&#8211; MART\u00cdNEZ GOMIS, Mario; GARC\u00cdA TROBAT, Pilar.<em>Historia de las universidades valencianas, vol. II. <\/em>Alicante: Instituto de Estudios &#8220;Juan Gil &#8211; Albert&#8221;, 1993. ISBN: 84-7784-058-X<\/p>\n<p>-MART\u00cdNEZ GOMIS, Mario. Cap\u00edtulo 3. En: <em>La Universidad de Orihuela 1610 &#8211; 1807. <\/em>Alicante: Instituto de Estudios &#8220;Juan Gil &#8211; Albert&#8221;; Caja de Ahorros Provincial de Alicante, 1987. ISBN: 84-505-5466-7<\/p>\n<p>-S\u00c1NCHEZ PORTAS, Javier. Nacimiento y estudios. En: <em>El patriarca Loazes y el Colegio Santo Domingo de Orihuela. <\/em>Orihuela: Caja Rural Central, 2003.<\/p>\n<p>-S\u00c1NCHEZ PORTAS, Javier. Regreso a Orihuela. En: <em>El patriarca Loazes y el Colegio Santo Domingo de Orihuela. <\/em>Orihuela: Caja Rural Central, 2003.<\/p>\n<p>-S\u00c1NCHEZ PORTAS, Javier. Loazes inquisidor. En: <em>El patriarca Loazes y el Colegio Santo Domingo de Orihuela. <\/em>Orihuela: Caja Rural Central, 2003.<\/p>\n<p>-S\u00c1NCHEZ PORTAS, Javier. Dignidades eclesi\u00e1sticas de Loazes. En: <em>El patriarca Loazes y el Colegio Santo Domingo de Orihuela. <\/em>Orihuela: Caja Rural Central, 2003.<\/p>\n<p>-S\u00c1NCHEZ PORTAS, Javier. \u00daltima voluntad de Fernando. En: <em>El patriarca Loazes y el Colegio Santo Domingo de Orihuela. <\/em>Orihuela: Caja Rural Central, 2003.<\/p>\n<p>-S\u00c1NCHEZ PORTAS, Javier. Descendencia. En: <em>El patriarca Loazes y el Colegio Santo Domingo de Orihuela. <\/em>Orihuela: Caja Rural Central, 2003.<\/p>\n<p>-S\u00c1NCHEZ PORTAS, Javier. Matrimonio. En: <em>Vida y obra de D. Fernando de Loazes.<\/em> Edici\u00f3n: A.A.A. Orihuela: Asociaci\u00f3n de Antiguos Alumnos del Colegio Santo Domingo de Orihuela, 1995.<\/p>\n<p><strong>Recursos electr\u00f3nicos:<\/strong><\/p>\n<p>&#8211;<em>Colegio Diocesano de Santo Domingo. <\/em>Santo Domingo. [Cosnulta: 09\/01\/2013]. Disponible en: <a href=\"http:\/\/www.cdsantodomingo.com\/web\/fundacion.html\">http:\/\/www.cdsantodomingo.com\/web\/fundacion.html<\/a><\/p>\n<p>-COLIMONA RIQUELME, Antonio. Colegio Santo Domingo en cesta y puntos de Televisi\u00f3n Espa\u00f1ola. En: <em>Orihuela en mis art\u00edculos<\/em> [en l\u00ednea]. San Vicente (Alicante): Editorial Club Universitario; Grupo Caja Rural, 28 [Cosnulta: 26\/12\/2012]. Disponible en: <a href=\"http:\/\/books.google.es\/books?id=F01YVqKpcBEC&amp;printsec=frontcover&amp;hl=es#v=onepage&amp;q=fernando%20de%20loazes&amp;f=false\">http:\/\/books.google.es\/books?id=F01YVqKpcBEC&amp;printsec=frontcover&amp;hl=es#v=onepage&amp;q=fernando%20de%20loazes&amp;f=false<\/a><\/p>\n<p>-DICCIONARIOS DE EUROPA. Alicante. En:\u00a0<em>Diccionario geogr\u00e1fico universal, por una sociedad de literatos, S.B.M.F.C.L.D.<\/em>[en l\u00ednea]. Barcelona: Imprenta Jos\u00e9 Torner, 1834, 204 &#8211; 305 [Consulta: 30\/12\/2012]. Disponible en:\u00a0<a href=\"http:\/\/books.google.es\/booksid=GgQHAAAAQAAJ&amp;pg=PA205&amp;dq=fernando+de+loazes+%22Fernando+de+Loazes%22&amp;hl=es&amp;sa=X&amp;ei=ptHlUPmpIYaXhQesvYGABg&amp;ved0CDUQ6AEwADgo#v=onepage&amp;q=fernando%20de%20loazes%20%22Fernando%20de%20Loazes%22&amp;f=false\">http:\/\/books.google.es\/booksid=GgQHAAAAQAAJ&amp;pg=PA205&amp;dq=fernando+de+loazes+%22Fernando+de+Loazes%22&amp;hl=es&amp;sa=X&amp;ei=ptHlUPmpIYaXhQesvYGABg&amp;ved0CDUQ6AEwADgo#v=onepage&amp;q=fernando%20de%20loazes%20%22Fernando%20de%20Loazes%22&amp;f=false<\/a><\/p>\n<p>&#8211;<em>Ficha bibliogr\u00e1fica de Fernando de Loazes. <\/em>Biblioteca Virtual Fernando de Loazes [consulta: 25\/12\/2012]. Disponible en: <a href=\"http:\/\/www.bibliotecaspublicas.es\/orihuela\/publicaciones\/publicacion117.pdf\">http:\/\/www.bibliotecaspublicas.es\/orihuela\/publicaciones\/publicacion117.pdf<\/a><\/p>\n<p>-GO\u00d1I GAZTAMBIDE, Jos\u00e9. La pol\u00e9mica sobre el bautismo de los moriscos a principios del siglo XVI. En: <em>Evangelizaci\u00f3n y teolog\u00eda en Am\u00e9rica Latina (siglo XVI) <\/em>[en l\u00ednea]. Pamplona: Servicio de publicaciones de la Universidad de Navarra, 1999 , 195 &#8211; 203 [consulta: 08\/01\/2013]. Disponible en: <a href=\"http:\/\/dialnet.unirioja.es\/servlet\/dcfichero_articulo?codigo=2293046\">http:\/\/dialnet.unirioja.es\/servlet\/dcfichero_articulo?codigo=2293046<\/a><\/p>\n<p>-OrihuelaDigital. <em>Colocan unllamativo escudo y placa en la casa donde naci\u00f3 el fundador del colegio Santo Domingo, Fernando de Loazes <\/em>[en l\u00ednea]. 26 de octubre de 2006 [Consulta: 04\/01\/2013]. Disponible en: <a href=\"http:\/\/www.orihueladigital.es\/orihuela\/fernando_loazes_291006.htm\">http:\/\/www.orihueladigital.es\/orihuela\/fernando_loazes_291006.htm<\/a><\/p>\n<p>-XIMENO PRESBITERO, Vicente. Tomo I. En: <em>Escritores del reyno de Valencia, chronologicamente ordenados <\/em>[en l\u00ednea]. Valencia: Josep Estevan Dolz, 1747, 148 &#8211; 151 [Consulta: 20\/12\/2012]. Disponible en: <a href=\"http:\/\/books.google.es\/books?id=xNUTAAAAYAAJ&amp;pg=PA148&amp;dq=fernando+de+loazes+%22Fernando+de+Loazes%22&amp;hl=es&amp;sa=X&amp;ei=UMblUOOfHNG2hAfgkYHwBA&amp;ved=0CDgQ6AEwAA#v=onepage&amp;q=fernando%20de%20loazes%20%22Fernando%20de%20Loazes%22&amp;f=false\">http:\/\/books.google.es\/books?id=xNUTAAAAYAAJ&amp;pg=PA148&amp;dq=fernando+de+loazes+%22Fernando+de+Loazes%22&amp;hl=es&amp;sa=X&amp;ei=UMblUOOfHNG2hAfgkYHwBA&amp;ved=0CDgQ6AEwAA#v=onepage&amp;q=fernando%20de%20loazes%20%22Fernando%20de%20Loazes%22&amp;f=false<\/a><\/p>\n<div><\/div>\n","protected":false},"excerpt":{"rendered":"<p>Para realizar este blog, mi compa\u00f1era y yo nos hemos desplazado hasta la Biblioteca y Archivo hist\u00f3rico Fern\u00e1ndo de Loazes, situado en Orihuela, para poder consultar materiales sobre esta autor e informaci\u00f3n sobre el contexto hist\u00f3rico. All\u00ed encontramos varios libros que usamos para nuestra investigaci\u00f3n y despu\u00e9s, por nuestra cuenta, buscamos recursos por Internet que [&hellip;]<\/p>\n","protected":false},"author":2807,"featured_media":0,"parent":0,"menu_order":0,"comment_status":"open","ping_status":"open","template":"","meta":{"footnotes":""},"class_list":["post-56","page","type-page","status-publish","hentry"],"_links":{"self":[{"href":"https:\/\/blogs.ua.es\/josegadea\/wp-json\/wp\/v2\/pages\/56","targetHints":{"allow":["GET"]}}],"collection":[{"href":"https:\/\/blogs.ua.es\/josegadea\/wp-json\/wp\/v2\/pages"}],"about":[{"href":"https:\/\/blogs.ua.es\/josegadea\/wp-json\/wp\/v2\/types\/page"}],"author":[{"embeddable":true,"href":"https:\/\/blogs.ua.es\/josegadea\/wp-json\/wp\/v2\/users\/2807"}],"replies":[{"embeddable":true,"href":"https:\/\/blogs.ua.es\/josegadea\/wp-json\/wp\/v2\/comments?post=56"}],"version-history":[{"count":10,"href":"https:\/\/blogs.ua.es\/josegadea\/wp-json\/wp\/v2\/pages\/56\/revisions"}],"predecessor-version":[{"id":58,"href":"https:\/\/blogs.ua.es\/josegadea\/wp-json\/wp\/v2\/pages\/56\/revisions\/58"}],"wp:attachment":[{"href":"https:\/\/blogs.ua.es\/josegadea\/wp-json\/wp\/v2\/media?parent=56"}],"curies":[{"name":"wp","href":"https:\/\/api.w.org\/{rel}","templated":true}]}}