{"id":61,"date":"2012-12-20T10:44:53","date_gmt":"2012-12-20T10:44:53","guid":{"rendered":"https:\/\/blogs.ua.es\/josegadea\/?page_id=61"},"modified":"2013-01-10T23:42:19","modified_gmt":"2013-01-10T23:42:19","slug":"metodologia","status":"publish","type":"page","link":"https:\/\/blogs.ua.es\/josegadea\/metodologia\/","title":{"rendered":"Metodolog\u00eda"},"content":{"rendered":"<p><strong>Comenzamos este proyecto con otro personaje hist\u00f3rico del que apenas ten\u00edamos informaci\u00f3n. Por este motivo nos vimos en la necesidad de consultar con el profesor para que nos diese alguna pista sobre c\u00f3mo conseguirla pero como \u00e9l tampoco dispon\u00eda de fuentes, nos propuso hacerlo de Fernando de Loazes. Y de esta forma naci\u00f3 el blog.<\/strong><\/p>\n<p><strong>Comenzamos perdidas. Sin saber bien qu\u00e9 hacer para conseguir fuentes fiables. Dado que nuestro personaje era de Orihuela y ten\u00edamos ciertos medios para poder llegar all\u00ed sin muchas complicaciones, decidimos desplazarnos hasta all\u00ed, a su biblioteca y a su colegio. El problema se nos plante\u00f3 cuando reparamos en que lo mismo nadie querr\u00eda atendernos sin cita previa, por lo que decidimos llamar a ambas instituciones para consultarlo.\u00a0Yo misma llam\u00e9 por tel\u00e9fono y tanto en un \u00a0sitio como en el otro fueron muy amables conmigo y me informaron de los horarios disponibles.<\/strong><\/p>\n<p><strong>Fuimos a Orihuela un Martes por la ma\u00f1ana a la biblioteca oriolana, en la que nos atendi\u00f3 Pepi, una historiadora que se encarga de la administraci\u00f3n de la biblioteca. Ella nos concedi\u00f3 una entrevista y nos cont\u00f3 la historia de la Biblioteca Fernando de Loazes y parte de la historia de Santo Domingo. Nos aport\u00f3 soportes literarios sobre los que trabajar. De ah\u00ed extrajimos gran parte de la informaci\u00f3n aportada en este blog. Tambi\u00e9n nos permitieron hacer fotos a toda la biblioteca, que est\u00e1n subidas en un v\u00eddeo que hemos colgado en Youtube, de elaboraci\u00f3n propia.\u00a0Despu\u00e9s de comer asistimos a Santo Domingo. Por desgracia en Santo Domingo no tuvimos tanta suerte dado que el representante de nuestra universidad no se encontraba all\u00ed. Pero tuvimos el incre\u00edble privilegio de poder vagar libremente por el colegio y hacer varias fotograf\u00edas, tambi\u00e9n en el v\u00eddeo anteriormente mencionado. Adem\u00e1s, despu\u00e9s de la visita a Santo Domingo quisimos averiguar la informaci\u00f3n de la gente de la ciudad de Orihuela, por lo que nos pusimos a interrogar a unas 30 personas.<\/strong><\/p>\n<p><strong>Pasamos varias noches efectuando el trabajo mientras manten\u00edamos el contacto a trav\u00e9s de internet, ya que al no residir en la misma ciudad no pod\u00edamos quedar de ninguna otra forma. Elaboramos as\u00ed todas las entradas de car\u00e1cter biogr\u00e1fico del personaje.<\/strong><\/p>\n<p><strong>El d\u00eda de la revisi\u00f3n del blog el profesor Antonio nos advirti\u00f3 que el trabajo no consist\u00eda en aportar la informaci\u00f3n del personaje, sino que deb\u00edamos hacer 20 entradas con comentarios cr\u00edticos sobre las fuentes consultadas. As\u00ed que decidimos regresar a Orihuela a efectuar las valoraciones cr\u00edticas de las fuentes aqu\u00ed expuestas.\u00a0<\/strong><\/p>\n<p><strong>Una vez subido el montaje fotogr\u00e1fico de la biblioteca y de Santo Domingo, y terminado las redacciones de las distintas fuentes, hemos organizado la distribuci\u00f3n de las entradas y las p\u00e1ginas. Con la ayuda proporcionada por el profesor en la \u00faltima clase, hemos conseguido dar nuestras \u00faltimas pinceladas al trabajo.\u00a0<\/strong><\/p>\n<p><strong>Esperamos que os guste y que os sea de ayuda.\u00a0<\/strong><\/p>\n","protected":false},"excerpt":{"rendered":"<p>Comenzamos este proyecto con otro personaje hist\u00f3rico del que apenas ten\u00edamos informaci\u00f3n. Por este motivo nos vimos en la necesidad de consultar con el profesor para que nos diese alguna pista sobre c\u00f3mo conseguirla pero como \u00e9l tampoco dispon\u00eda de fuentes, nos propuso hacerlo de Fernando de Loazes. Y de esta forma naci\u00f3 el blog. [&hellip;]<\/p>\n","protected":false},"author":2807,"featured_media":0,"parent":0,"menu_order":0,"comment_status":"open","ping_status":"open","template":"","meta":{"footnotes":""},"class_list":["post-61","page","type-page","status-publish","hentry"],"_links":{"self":[{"href":"https:\/\/blogs.ua.es\/josegadea\/wp-json\/wp\/v2\/pages\/61","targetHints":{"allow":["GET"]}}],"collection":[{"href":"https:\/\/blogs.ua.es\/josegadea\/wp-json\/wp\/v2\/pages"}],"about":[{"href":"https:\/\/blogs.ua.es\/josegadea\/wp-json\/wp\/v2\/types\/page"}],"author":[{"embeddable":true,"href":"https:\/\/blogs.ua.es\/josegadea\/wp-json\/wp\/v2\/users\/2807"}],"replies":[{"embeddable":true,"href":"https:\/\/blogs.ua.es\/josegadea\/wp-json\/wp\/v2\/comments?post=61"}],"version-history":[{"count":4,"href":"https:\/\/blogs.ua.es\/josegadea\/wp-json\/wp\/v2\/pages\/61\/revisions"}],"predecessor-version":[{"id":79,"href":"https:\/\/blogs.ua.es\/josegadea\/wp-json\/wp\/v2\/pages\/61\/revisions\/79"}],"wp:attachment":[{"href":"https:\/\/blogs.ua.es\/josegadea\/wp-json\/wp\/v2\/media?parent=61"}],"curies":[{"name":"wp","href":"https:\/\/api.w.org\/{rel}","templated":true}]}}