{"id":30,"date":"2013-01-24T16:24:00","date_gmt":"2013-01-24T16:24:00","guid":{"rendered":"https:\/\/blogs.ua.es\/josegutierrezcarbonell\/?page_id=30"},"modified":"2013-01-28T09:04:32","modified_gmt":"2013-01-28T09:04:32","slug":"fuentes","status":"publish","type":"page","link":"https:\/\/blogs.ua.es\/josegutierrezcarbonell\/fuentes\/","title":{"rendered":"Metodolog\u00eda"},"content":{"rendered":"<p>Toda la informaci\u00f3n obtenida y necesaria para la realizaci\u00f3n del blog a sido consultada a trav\u00e9s de internet. Nuestra mayor fuente de informaci\u00f3n ha sido la biblioteca de la UA, que contaba con una \u00a0colecci\u00f3n de 230 dibujos y bocetos de proyectos escult\u00f3ricos del escultor alicantino Jos\u00e9 Guti\u00e9rrez Carbonell (Alicante, 1924-2002), donados al Archivo de la Universidad por sus herederas. Este archivo fue digitalizado por la UA y es la principal fuente de informaci\u00f3n que hemos manejado para la creaci\u00f3n de este blog. Tambi\u00e9n nos ha sido de gran inter\u00e9s el libro de Mariano S\u00e1nchez Soler\u00a0<em>La ciudad transparente\u00a0<\/em>donde hemos podido entrar en el aspecto m\u00e1s personal del autor y ver sus obras m\u00e1s influyentes y como tuvo un gran peso en su arte su ideolog\u00eda y el contexto de la Espa\u00f1a en la que se encontraba. As\u00ed pues mediante la mezcla de toda su obra digitalizada en el archivo de la universidad y el libro hemos podido obtener una visi\u00f3n global de su persona y obra en conjunto y a partir de aqu\u00ed un proceso de plasmaci\u00f3n de ello v\u00eda blog.<\/p>\n<p>&nbsp;<\/p>\n<p>Un saludo de Jos\u00e9 Antonio y Joaqu\u00edn.<\/p>\n","protected":false},"excerpt":{"rendered":"<p>Toda la informaci\u00f3n obtenida y necesaria para la realizaci\u00f3n del blog a sido consultada a trav\u00e9s de internet. Nuestra mayor fuente de informaci\u00f3n ha sido la biblioteca de la UA, que contaba con una \u00a0colecci\u00f3n de 230 dibujos y bocetos de proyectos escult\u00f3ricos del escultor alicantino Jos\u00e9 Guti\u00e9rrez Carbonell (Alicante, 1924-2002), donados al Archivo de [&hellip;]<\/p>\n","protected":false},"author":2798,"featured_media":0,"parent":0,"menu_order":0,"comment_status":"open","ping_status":"open","template":"","meta":{"footnotes":""},"class_list":["post-30","page","type-page","status-publish","hentry"],"_links":{"self":[{"href":"https:\/\/blogs.ua.es\/josegutierrezcarbonell\/wp-json\/wp\/v2\/pages\/30","targetHints":{"allow":["GET"]}}],"collection":[{"href":"https:\/\/blogs.ua.es\/josegutierrezcarbonell\/wp-json\/wp\/v2\/pages"}],"about":[{"href":"https:\/\/blogs.ua.es\/josegutierrezcarbonell\/wp-json\/wp\/v2\/types\/page"}],"author":[{"embeddable":true,"href":"https:\/\/blogs.ua.es\/josegutierrezcarbonell\/wp-json\/wp\/v2\/users\/2798"}],"replies":[{"embeddable":true,"href":"https:\/\/blogs.ua.es\/josegutierrezcarbonell\/wp-json\/wp\/v2\/comments?post=30"}],"version-history":[{"count":5,"href":"https:\/\/blogs.ua.es\/josegutierrezcarbonell\/wp-json\/wp\/v2\/pages\/30\/revisions"}],"predecessor-version":[{"id":183,"href":"https:\/\/blogs.ua.es\/josegutierrezcarbonell\/wp-json\/wp\/v2\/pages\/30\/revisions\/183"}],"wp:attachment":[{"href":"https:\/\/blogs.ua.es\/josegutierrezcarbonell\/wp-json\/wp\/v2\/media?parent=30"}],"curies":[{"name":"wp","href":"https:\/\/api.w.org\/{rel}","templated":true}]}}