{"id":32,"date":"2013-01-24T16:24:27","date_gmt":"2013-01-24T16:24:27","guid":{"rendered":"https:\/\/blogs.ua.es\/josegutierrezcarbonell\/?page_id=32"},"modified":"2013-01-25T10:21:06","modified_gmt":"2013-01-25T10:21:06","slug":"biografia","status":"publish","type":"page","link":"https:\/\/blogs.ua.es\/josegutierrezcarbonell\/biografia\/","title":{"rendered":"Biograf\u00eda"},"content":{"rendered":"<p>Escultor alicantino (Alicante, 1924-2002), hijo de marmolista-escultor. Inici\u00f3 su actividad en el taller de Daniel Ba\u00f1uls. Entre 1948 y 1952 curs\u00f3 estudios en la Escuela Superior de Bellas Artes de San Carlos de Valencia. Al volver a Alicante al finalizar los estudios, comenz\u00f3 el ejercicio profesional de la escultura, centrado principalmente en los encargos de obra religiosa, civil y hogueras; actividad que compatibiliz\u00f3 con la docencia en la Escuela de Artes y Oficios de Orihuela a partir de mediados de los a\u00f1os 70. La impronta de la obra escult\u00f3rica de Pepe Guti\u00e9rrez Carbonell, desarrollada principalmente en la ciudad de Alicante y otras poblaciones alicantinas, sigue estando presente en la ciudad en la actualidad, a pesar de que desgraciadamente se ha perdido parte de la misma. Adem\u00e1s de la faceta de artista, merece destacar su participaci\u00f3n en la vida cultural alicantina y en los cambios pol\u00edticos a favor de la democracia. En el a\u00f1o 2002 la Universidad de Alicante le concedi\u00f3 la menci\u00f3n de honor por su trayectoria profesional y compromiso social en defensa de los valores democr\u00e1ticos.<\/p>\n","protected":false},"excerpt":{"rendered":"<p>Escultor alicantino (Alicante, 1924-2002), hijo de marmolista-escultor. Inici\u00f3 su actividad en el taller de Daniel Ba\u00f1uls. Entre 1948 y 1952 curs\u00f3 estudios en la Escuela Superior de Bellas Artes de San Carlos de Valencia. Al volver a Alicante al finalizar los estudios, comenz\u00f3 el ejercicio profesional de la escultura, centrado principalmente en los encargos de [&hellip;]<\/p>\n","protected":false},"author":2798,"featured_media":0,"parent":0,"menu_order":0,"comment_status":"open","ping_status":"open","template":"","meta":{"footnotes":""},"class_list":["post-32","page","type-page","status-publish","hentry"],"_links":{"self":[{"href":"https:\/\/blogs.ua.es\/josegutierrezcarbonell\/wp-json\/wp\/v2\/pages\/32","targetHints":{"allow":["GET"]}}],"collection":[{"href":"https:\/\/blogs.ua.es\/josegutierrezcarbonell\/wp-json\/wp\/v2\/pages"}],"about":[{"href":"https:\/\/blogs.ua.es\/josegutierrezcarbonell\/wp-json\/wp\/v2\/types\/page"}],"author":[{"embeddable":true,"href":"https:\/\/blogs.ua.es\/josegutierrezcarbonell\/wp-json\/wp\/v2\/users\/2798"}],"replies":[{"embeddable":true,"href":"https:\/\/blogs.ua.es\/josegutierrezcarbonell\/wp-json\/wp\/v2\/comments?post=32"}],"version-history":[{"count":2,"href":"https:\/\/blogs.ua.es\/josegutierrezcarbonell\/wp-json\/wp\/v2\/pages\/32\/revisions"}],"predecessor-version":[{"id":37,"href":"https:\/\/blogs.ua.es\/josegutierrezcarbonell\/wp-json\/wp\/v2\/pages\/32\/revisions\/37"}],"wp:attachment":[{"href":"https:\/\/blogs.ua.es\/josegutierrezcarbonell\/wp-json\/wp\/v2\/media?parent=32"}],"curies":[{"name":"wp","href":"https:\/\/api.w.org\/{rel}","templated":true}]}}