{"id":8,"date":"2012-11-16T09:00:14","date_gmt":"2012-11-16T09:00:14","guid":{"rendered":"https:\/\/blogs.ua.es\/josegutierrezcarbonell\/?page_id=8"},"modified":"2013-01-25T10:24:34","modified_gmt":"2013-01-25T10:24:34","slug":"presentacion-del-blog","status":"publish","type":"page","link":"https:\/\/blogs.ua.es\/josegutierrezcarbonell\/presentacion-del-blog\/","title":{"rendered":"Presentaci\u00f3n"},"content":{"rendered":"<p>Somos Joaqu\u00edn Mart\u00ednez Falc\u00f3 y Jose Antonio G\u00f3mez Dav\u00f3 de la asignatura &#8220;Fuentes y Documentos para la Historia&#8221; cuyo profesor es Antonio Carrasco, y vamos a hacer un blog sobre Jos\u00e9 Guti\u00e9rrez Carbonell, ilustre alicantino.\u00a0Hoy estamos aqu\u00ed reunidos para la creaci\u00f3n de un blog sobre Jos\u00e9 Guti\u00e9rrez Carbonell, s\u00ed amigos, s\u00ed, hoy es el gran d\u00eda, el d\u00eda en que esta ilustre figura tendr\u00e1vun lugar en las redes. Esto es un reto que nadie se ha atrevido a realizar hasta ahora, hasta que llegamos nosotros. Esperamos estar a la altura de la circunstancias, as\u00ed pues tambi\u00e9n damos las gracias a Wikipedia por no tener informaci\u00f3n sobre esta gran figura, que a nuestro parecer es un grave error.<\/p>\n<p><a href=\"https:\/\/blogs.ua.es\/josegutierrezcarbonell\/files\/2012\/11\/logo-ua-1.png\"><img loading=\"lazy\" decoding=\"async\" class=\"alignleft size-full wp-image-11\" src=\"https:\/\/blogs.ua.es\/josegutierrezcarbonell\/files\/2012\/11\/logo-ua-1.png\" alt=\"Universidad de Alicante\" width=\"263\" height=\"45\" \/><\/a><\/p>\n","protected":false},"excerpt":{"rendered":"<p>Somos Joaqu\u00edn Mart\u00ednez Falc\u00f3 y Jose Antonio G\u00f3mez Dav\u00f3 de la asignatura &#8220;Fuentes y Documentos para la Historia&#8221; cuyo profesor es Antonio Carrasco, y vamos a hacer un blog sobre Jos\u00e9 Guti\u00e9rrez Carbonell, ilustre alicantino.\u00a0Hoy estamos aqu\u00ed reunidos para la creaci\u00f3n de un blog sobre Jos\u00e9 Guti\u00e9rrez Carbonell, s\u00ed amigos, s\u00ed, hoy es el gran [&hellip;]<\/p>\n","protected":false},"author":2798,"featured_media":0,"parent":0,"menu_order":0,"comment_status":"open","ping_status":"open","template":"","meta":{"footnotes":""},"class_list":["post-8","page","type-page","status-publish","hentry"],"_links":{"self":[{"href":"https:\/\/blogs.ua.es\/josegutierrezcarbonell\/wp-json\/wp\/v2\/pages\/8","targetHints":{"allow":["GET"]}}],"collection":[{"href":"https:\/\/blogs.ua.es\/josegutierrezcarbonell\/wp-json\/wp\/v2\/pages"}],"about":[{"href":"https:\/\/blogs.ua.es\/josegutierrezcarbonell\/wp-json\/wp\/v2\/types\/page"}],"author":[{"embeddable":true,"href":"https:\/\/blogs.ua.es\/josegutierrezcarbonell\/wp-json\/wp\/v2\/users\/2798"}],"replies":[{"embeddable":true,"href":"https:\/\/blogs.ua.es\/josegutierrezcarbonell\/wp-json\/wp\/v2\/comments?post=8"}],"version-history":[{"count":5,"href":"https:\/\/blogs.ua.es\/josegutierrezcarbonell\/wp-json\/wp\/v2\/pages\/8\/revisions"}],"predecessor-version":[{"id":10,"href":"https:\/\/blogs.ua.es\/josegutierrezcarbonell\/wp-json\/wp\/v2\/pages\/8\/revisions\/10"}],"wp:attachment":[{"href":"https:\/\/blogs.ua.es\/josegutierrezcarbonell\/wp-json\/wp\/v2\/media?parent=8"}],"curies":[{"name":"wp","href":"https:\/\/api.w.org\/{rel}","templated":true}]}}