{"id":22,"date":"2012-12-20T11:24:04","date_gmt":"2012-12-20T10:24:04","guid":{"rendered":"https:\/\/blogs.ua.es\/josemariasoler\/?page_id=22"},"modified":"2013-01-27T18:15:42","modified_gmt":"2013-01-27T17:15:42","slug":"presentacion","status":"publish","type":"page","link":"https:\/\/blogs.ua.es\/josemariasoler\/presentacion\/","title":{"rendered":"Presentaci\u00f3n"},"content":{"rendered":"<p>Somos dos alumnos matriculados en el grado de Historia en la\u00a0Universidad\u00a0de Alicante (Fernando M\u00e1s Quesada y Jos\u00e9 Mar\u00eda Rubio Garc\u00eda) que hemos elaborado conjuntamente este blog para la asignatura de Fuentes y Documentos para la Historia, centr\u00e1ndonos en la figura Villenense y Alicante de Jos\u00e9 Mar\u00eda Soler, Doctor Honoris Causa de esta misma institucion.<\/p>\n","protected":false},"excerpt":{"rendered":"<p>Somos dos alumnos matriculados en el grado de Historia en la\u00a0Universidad\u00a0de Alicante (Fernando M\u00e1s Quesada y Jos\u00e9 Mar\u00eda Rubio Garc\u00eda) que hemos elaborado conjuntamente este blog para la asignatura de Fuentes y Documentos para la Historia, centr\u00e1ndonos en la figura Villenense y Alicante de Jos\u00e9 Mar\u00eda Soler, Doctor Honoris Causa de esta misma institucion.<\/p>\n","protected":false},"author":2818,"featured_media":0,"parent":0,"menu_order":0,"comment_status":"open","ping_status":"open","template":"","meta":{"footnotes":""},"class_list":["post-22","page","type-page","status-publish","hentry"],"_links":{"self":[{"href":"https:\/\/blogs.ua.es\/josemariasoler\/wp-json\/wp\/v2\/pages\/22","targetHints":{"allow":["GET"]}}],"collection":[{"href":"https:\/\/blogs.ua.es\/josemariasoler\/wp-json\/wp\/v2\/pages"}],"about":[{"href":"https:\/\/blogs.ua.es\/josemariasoler\/wp-json\/wp\/v2\/types\/page"}],"author":[{"embeddable":true,"href":"https:\/\/blogs.ua.es\/josemariasoler\/wp-json\/wp\/v2\/users\/2818"}],"replies":[{"embeddable":true,"href":"https:\/\/blogs.ua.es\/josemariasoler\/wp-json\/wp\/v2\/comments?post=22"}],"version-history":[{"count":4,"href":"https:\/\/blogs.ua.es\/josemariasoler\/wp-json\/wp\/v2\/pages\/22\/revisions"}],"predecessor-version":[{"id":25,"href":"https:\/\/blogs.ua.es\/josemariasoler\/wp-json\/wp\/v2\/pages\/22\/revisions\/25"}],"wp:attachment":[{"href":"https:\/\/blogs.ua.es\/josemariasoler\/wp-json\/wp\/v2\/media?parent=22"}],"curies":[{"name":"wp","href":"https:\/\/api.w.org\/{rel}","templated":true}]}}