{"id":27,"date":"2012-12-20T11:25:53","date_gmt":"2012-12-20T10:25:53","guid":{"rendered":"https:\/\/blogs.ua.es\/josemariasoler\/?page_id=27"},"modified":"2013-01-27T22:15:30","modified_gmt":"2013-01-27T21:15:30","slug":"metodologia","status":"publish","type":"page","link":"https:\/\/blogs.ua.es\/josemariasoler\/metodologia\/","title":{"rendered":"Metodolog\u00eda"},"content":{"rendered":"<p>Para la elaboraci\u00f3n del blog primero consultamos un poco sobre la vida del autor para hacernos una idea qu\u00e9 materia teniamos que trabajar. Hemos consultados diversas fuentes entre las cuales Dialnet y La biblioteca Virtual Miguel de Cervantes han destacado por ofrecer aquellos datos que necesitamos a la hora de hacer fererencias siguiendo la norma ISO. Como se puede obervar, para cada entrada que tiene una caracter\u00edstica diferente sea esta una revista, un archivo de imagen y sonido o el acceso a otra p\u00e1gina, requer\u00eda un m\u00e9todo distinto. As\u00edmismo hemos incluido un peque\u00f1o comentario, no muy extenso, en el cual al final de la entrada explicamos brevemente el contenido del documento citado para que el lector compruebe si es aquello que estaba buscando.<\/p>\n","protected":false},"excerpt":{"rendered":"<p>Para la elaboraci\u00f3n del blog primero consultamos un poco sobre la vida del autor para hacernos una idea qu\u00e9 materia teniamos que trabajar. Hemos consultados diversas fuentes entre las cuales Dialnet y La biblioteca Virtual Miguel de Cervantes han destacado por ofrecer aquellos datos que necesitamos a la hora de hacer fererencias siguiendo la norma [&hellip;]<\/p>\n","protected":false},"author":2818,"featured_media":0,"parent":0,"menu_order":0,"comment_status":"open","ping_status":"open","template":"","meta":{"footnotes":""},"class_list":["post-27","page","type-page","status-publish","hentry"],"_links":{"self":[{"href":"https:\/\/blogs.ua.es\/josemariasoler\/wp-json\/wp\/v2\/pages\/27","targetHints":{"allow":["GET"]}}],"collection":[{"href":"https:\/\/blogs.ua.es\/josemariasoler\/wp-json\/wp\/v2\/pages"}],"about":[{"href":"https:\/\/blogs.ua.es\/josemariasoler\/wp-json\/wp\/v2\/types\/page"}],"author":[{"embeddable":true,"href":"https:\/\/blogs.ua.es\/josemariasoler\/wp-json\/wp\/v2\/users\/2818"}],"replies":[{"embeddable":true,"href":"https:\/\/blogs.ua.es\/josemariasoler\/wp-json\/wp\/v2\/comments?post=27"}],"version-history":[{"count":6,"href":"https:\/\/blogs.ua.es\/josemariasoler\/wp-json\/wp\/v2\/pages\/27\/revisions"}],"predecessor-version":[{"id":139,"href":"https:\/\/blogs.ua.es\/josemariasoler\/wp-json\/wp\/v2\/pages\/27\/revisions\/139"}],"wp:attachment":[{"href":"https:\/\/blogs.ua.es\/josemariasoler\/wp-json\/wp\/v2\/media?parent=27"}],"curies":[{"name":"wp","href":"https:\/\/api.w.org\/{rel}","templated":true}]}}