{"id":31,"date":"2012-12-20T11:29:53","date_gmt":"2012-12-20T10:29:53","guid":{"rendered":"https:\/\/blogs.ua.es\/josemariasoler\/?page_id=31"},"modified":"2013-01-27T18:17:41","modified_gmt":"2013-01-27T17:17:41","slug":"referencias","status":"publish","type":"page","link":"https:\/\/blogs.ua.es\/josemariasoler\/referencias\/","title":{"rendered":"Fuentes"},"content":{"rendered":"<p>&nbsp;<\/p>\n<p>Para la realizaci\u00f3n de todas las entradas, se han consultado varios sitios como la Biblioteca Electr\u00f3nica de Miguel de Cervantes, la p\u00e1gina web de la Fundacion Municipal Jos\u00e9 Mar\u00eda Soler, documentos audiovisuales, Wikipedia o Dialnet.<\/p>\n","protected":false},"excerpt":{"rendered":"<p>&nbsp; Para la realizaci\u00f3n de todas las entradas, se han consultado varios sitios como la Biblioteca Electr\u00f3nica de Miguel de Cervantes, la p\u00e1gina web de la Fundacion Municipal Jos\u00e9 Mar\u00eda Soler, documentos audiovisuales, Wikipedia o Dialnet.<\/p>\n","protected":false},"author":2818,"featured_media":0,"parent":0,"menu_order":0,"comment_status":"open","ping_status":"open","template":"","meta":{"footnotes":""},"class_list":["post-31","page","type-page","status-publish","hentry"],"_links":{"self":[{"href":"https:\/\/blogs.ua.es\/josemariasoler\/wp-json\/wp\/v2\/pages\/31","targetHints":{"allow":["GET"]}}],"collection":[{"href":"https:\/\/blogs.ua.es\/josemariasoler\/wp-json\/wp\/v2\/pages"}],"about":[{"href":"https:\/\/blogs.ua.es\/josemariasoler\/wp-json\/wp\/v2\/types\/page"}],"author":[{"embeddable":true,"href":"https:\/\/blogs.ua.es\/josemariasoler\/wp-json\/wp\/v2\/users\/2818"}],"replies":[{"embeddable":true,"href":"https:\/\/blogs.ua.es\/josemariasoler\/wp-json\/wp\/v2\/comments?post=31"}],"version-history":[{"count":5,"href":"https:\/\/blogs.ua.es\/josemariasoler\/wp-json\/wp\/v2\/pages\/31\/revisions"}],"predecessor-version":[{"id":34,"href":"https:\/\/blogs.ua.es\/josemariasoler\/wp-json\/wp\/v2\/pages\/31\/revisions\/34"}],"wp:attachment":[{"href":"https:\/\/blogs.ua.es\/josemariasoler\/wp-json\/wp\/v2\/media?parent=31"}],"curies":[{"name":"wp","href":"https:\/\/api.w.org\/{rel}","templated":true}]}}