{"id":36,"date":"2012-12-20T11:40:06","date_gmt":"2012-12-20T10:40:06","guid":{"rendered":"https:\/\/blogs.ua.es\/josemariasoler\/?page_id=36"},"modified":"2013-01-26T00:29:25","modified_gmt":"2013-01-25T23:29:25","slug":"introduccion","status":"publish","type":"page","link":"https:\/\/blogs.ua.es\/josemariasoler\/introduccion\/","title":{"rendered":"Introducci\u00f3n"},"content":{"rendered":"<p style=\"text-align: left\"><a href=\"https:\/\/blogs.ua.es\/josemariasoler\/files\/2012\/12\/adjuntos_fichero_21489_bc68c4387bf6ff3cg.jpg\"><img loading=\"lazy\" decoding=\"async\" class=\"alignleft size-medium wp-image-45\" src=\"https:\/\/blogs.ua.es\/josemariasoler\/files\/2012\/12\/adjuntos_fichero_21489_bc68c4387bf6ff3cg-238x300.jpg\" alt=\"\" width=\"238\" height=\"300\" srcset=\"https:\/\/blogs.ua.es\/josemariasoler\/files\/2012\/12\/adjuntos_fichero_21489_bc68c4387bf6ff3cg-238x300.jpg 238w, https:\/\/blogs.ua.es\/josemariasoler\/files\/2012\/12\/adjuntos_fichero_21489_bc68c4387bf6ff3cg.jpg 250w\" sizes=\"auto, (max-width: 238px) 100vw, 238px\" \/><\/a>Jos\u00e9 Mar\u00eda Soler Garc\u00eda, nacido el 30 de septiembre de 1905, ya fue desde peque\u00f1o muy activo en las tareas culturales de Villena, su pueblo natal,\u00a0 y as\u00ed\u00a0 era reconocido por el mismo pueblo.<\/p>\n<p style=\"text-align: left\">Empez\u00f3 trabajando en Correos a pesar de que escrib\u00eda en el peri\u00f3dico,\u00a0 fue llamado a la guerra civil del bando republicano aunque tan s\u00f3lo para realizar tareas postales.<\/p>\n<p style=\"text-align: left\">Cuando termin\u00f3, Jos\u00e9 Mar\u00eda perdi\u00f3 su trabajo siendo en este momento cuando se inician los trabajos y descubrimientos de este personaje que abarcan distintos campos dedic\u00e1ndose a la arqueolog\u00eda, historia y folclore de Villena en particular. un ejemplo de sus obras y descubrimientos son:\u00a0 &#8220;<em>La colecci\u00f3n numism\u00e1tica de Jos\u00e9 M\u00aa Soler&#8221;<\/em> publicada en 1993 y entre sus hallazgos m\u00e1s importantes se encuentra &#8220;El tesoro de Villena&#8221; un descubrimiento arqueol\u00f3gico compuesto de 66 piezas, en su mayor\u00eda de oro, siendo uno de los descubrimientos m\u00e1s importantes de Espa\u00f1a y que llev\u00f3 a que el museo que \u00e9l mismo hab\u00eda fundado llevara su nombre desde entonces.<\/p>\n<p style=\"text-align: left\">Todas estas labores las llevo a cabo sin ning\u00fan tipo de ayuda oficial y con escasos compa\u00f1eros, adem\u00e1s, a partir de 1950 trabaj\u00f3 como cronista y archivero\u00a0 de Villena. A partir de aqu\u00ed form\u00f3 parte de varias instituciones de la Comunidad Valenciana. Durante\u00a0 los \u00faltimos a\u00f1os de su vida es cuando m\u00e1s fue reconocido y nombrado &#8220;doctor honoris causa&#8221; por la universidad de Alicante y continu\u00f3 escribiendo art\u00edculos e investigando hasta su muerte el 25 de Agosto de 1996.<\/p>\n","protected":false},"excerpt":{"rendered":"<p>Jos\u00e9 Mar\u00eda Soler Garc\u00eda, nacido el 30 de septiembre de 1905, ya fue desde peque\u00f1o muy activo en las tareas culturales de Villena, su pueblo natal,\u00a0 y as\u00ed\u00a0 era reconocido por el mismo pueblo. Empez\u00f3 trabajando en Correos a pesar de que escrib\u00eda en el peri\u00f3dico,\u00a0 fue llamado a la guerra civil del bando republicano [&hellip;]<\/p>\n","protected":false},"author":2818,"featured_media":0,"parent":0,"menu_order":0,"comment_status":"open","ping_status":"open","template":"","meta":{"footnotes":""},"class_list":["post-36","page","type-page","status-publish","hentry"],"_links":{"self":[{"href":"https:\/\/blogs.ua.es\/josemariasoler\/wp-json\/wp\/v2\/pages\/36","targetHints":{"allow":["GET"]}}],"collection":[{"href":"https:\/\/blogs.ua.es\/josemariasoler\/wp-json\/wp\/v2\/pages"}],"about":[{"href":"https:\/\/blogs.ua.es\/josemariasoler\/wp-json\/wp\/v2\/types\/page"}],"author":[{"embeddable":true,"href":"https:\/\/blogs.ua.es\/josemariasoler\/wp-json\/wp\/v2\/users\/2818"}],"replies":[{"embeddable":true,"href":"https:\/\/blogs.ua.es\/josemariasoler\/wp-json\/wp\/v2\/comments?post=36"}],"version-history":[{"count":6,"href":"https:\/\/blogs.ua.es\/josemariasoler\/wp-json\/wp\/v2\/pages\/36\/revisions"}],"predecessor-version":[{"id":43,"href":"https:\/\/blogs.ua.es\/josemariasoler\/wp-json\/wp\/v2\/pages\/36\/revisions\/43"}],"wp:attachment":[{"href":"https:\/\/blogs.ua.es\/josemariasoler\/wp-json\/wp\/v2\/media?parent=36"}],"curies":[{"name":"wp","href":"https:\/\/api.w.org\/{rel}","templated":true}]}}