{"id":4,"date":"2013-06-18T11:54:02","date_gmt":"2013-06-18T11:54:02","guid":{"rendered":"https:\/\/blogs.ua.es\/jpm33\/?page_id=4"},"modified":"2019-01-15T13:13:16","modified_gmt":"2019-01-15T13:13:16","slug":"sobre-mi","status":"publish","type":"page","link":"https:\/\/blogs.ua.es\/jpm33\/sobre-mi\/","title":{"rendered":"Sobre mi"},"content":{"rendered":"<p><img decoding=\"async\" style=\"float: right\" src=\"https:\/\/blogs.ua.es\/jpm33\/files\/2013\/06\/pepe.png\" alt=\"\" \/><\/p>\n<p>Mi nombre es Jos\u00e9 P\u00e9rez Mart\u00ednez, pod\u00e9is la p\u00e1gina de Facebook de este blog en el siguiente enlace: <a href=\"https:\/\/www.facebook.com\/pg\/blog.jose.perez.martinez\/community\/\">https:\/\/www.facebook.com\/pg\/blog.jose.perez.martinez\/community\/<\/a>.<\/p>\n<p>.<\/p>\n<p>Soy Ingeniero T\u00e9cnico en Inform\u00e1tica de Sistemas por la Universidad de Alicante. Tengo un m\u00e1ster en Tecnolog\u00edas de la Informaci\u00f3n (con menci\u00f3n de calidad) y\u00a0actualmente\u00a0estoy cursando mis estudio de doctorado con el grupo de investigaci\u00f3n en CAD\/CAM\/CAE de la Universidad de Alicante (<a title=\"UniCAD\" href=\"http:\/\/www.dtic.ua.es\/unicad\/\" target=\"_blank\" rel=\"noopener\">http:\/\/www.dtic.ua.es\/unicad\/<\/a>).<\/p>\n<ul>\n<li>El manuscrito de mi proyecto fin de m\u00e1ster en <a title=\"Manuscrito de &quot;Desarrollo de una arquitectura hardware segmentada para la aceleraci\u00f3n del c\u00e1lculo de trayectorias para m\u00e1quinas herramienta&quot;\" href=\"http:\/\/es.scribd.com\/doc\/150461247\/Pfm-Articulo-Joseperez\">scribd<\/a>.<\/li>\n<li>La presentaci\u00f3n del proyecto en <a title=\"Video-presentaci\u00f3n de &quot;Desarrollo de una arquitectura hardware segmentada para la aceleraci\u00f3n del c\u00e1lculo de trayectoria para m\u00e1quinas herramienta&quot;\" href=\"http:\/\/www.youtube.com\/watch?v=EnZS1UmP5sQ\">youtube<\/a>.<\/li>\n<\/ul>\n<p>Soy un entusiasta de Linux (mi distribuci\u00f3n favorita es Debian). Comenc\u00e9 usando Mandrake (ahora Mandriva), Red Hat y tambi\u00e9n he usado (y uso) Ubuntu, pero personalmente me quedo con Debian. De mi \u00e9poca como estudiante me gusta mucho el estudio de los sistemas operativos, la programaci\u00f3n en C\/C++ a bajo nivel y desde que descubr\u00ed el toolkit Qt soy un firme defensor suyo.<\/p>\n<p><img decoding=\"async\" style=\"float: right\" src=\"http:\/\/publicaciones.ua.es\/imagenes\/portadas\/LI9788479089269.gif\" alt=\"\" \/><br \/>\nDesde el a\u00f1o 2007 aprox. trabajo con el lenguaje de descripci\u00f3n hardware VHDL, de hecho tuve el privlegio de compartir una publicaci\u00f3n docente: <a title=\"Dise\u00f1o de procesadores con VDHL\" href=\"http:\/\/publicaciones.ua.es\/publica\/ficha.aspx?fndCod=LI9788479089269\" target=\"_blank\" rel=\"noopener\">Dise\u00f1o de procesadores con VDHL<\/a><\/p>\n<p>Tengo experiencia en VHDL, Handel-C, Matlab y las herramientas de la suite de desarrollo ISE de Xilinx.<\/p>\n","protected":false},"excerpt":{"rendered":"<p>Mi nombre es Jos\u00e9 P\u00e9rez Mart\u00ednez, pod\u00e9is la p\u00e1gina de Facebook de este blog en el siguiente enlace: https:\/\/www.facebook.com\/pg\/blog.jose.perez.martinez\/community\/. . Soy Ingeniero T\u00e9cnico en Inform\u00e1tica de Sistemas por la Universidad de Alicante. Tengo un m\u00e1ster en Tecnolog\u00edas de la Informaci\u00f3n &hellip; <a href=\"https:\/\/blogs.ua.es\/jpm33\/sobre-mi\/\">Continue reading <span class=\"meta-nav\">&rarr;<\/span><\/a><\/p>\n","protected":false},"author":3080,"featured_media":0,"parent":0,"menu_order":0,"comment_status":"open","ping_status":"open","template":"","meta":{"footnotes":""},"class_list":["post-4","page","type-page","status-publish","hentry"],"_links":{"self":[{"href":"https:\/\/blogs.ua.es\/jpm33\/wp-json\/wp\/v2\/pages\/4","targetHints":{"allow":["GET"]}}],"collection":[{"href":"https:\/\/blogs.ua.es\/jpm33\/wp-json\/wp\/v2\/pages"}],"about":[{"href":"https:\/\/blogs.ua.es\/jpm33\/wp-json\/wp\/v2\/types\/page"}],"author":[{"embeddable":true,"href":"https:\/\/blogs.ua.es\/jpm33\/wp-json\/wp\/v2\/users\/3080"}],"replies":[{"embeddable":true,"href":"https:\/\/blogs.ua.es\/jpm33\/wp-json\/wp\/v2\/comments?post=4"}],"version-history":[{"count":7,"href":"https:\/\/blogs.ua.es\/jpm33\/wp-json\/wp\/v2\/pages\/4\/revisions"}],"predecessor-version":[{"id":470,"href":"https:\/\/blogs.ua.es\/jpm33\/wp-json\/wp\/v2\/pages\/4\/revisions\/470"}],"wp:attachment":[{"href":"https:\/\/blogs.ua.es\/jpm33\/wp-json\/wp\/v2\/media?parent=4"}],"curies":[{"name":"wp","href":"https:\/\/api.w.org\/{rel}","templated":true}]}}