{"id":2,"date":"2010-03-04T13:40:13","date_gmt":"2010-03-04T13:40:13","guid":{"rendered":""},"modified":"2010-05-25T14:20:15","modified_gmt":"2010-05-25T14:20:15","slug":"informacion","status":"publish","type":"page","link":"https:\/\/blogs.ua.es\/juancalvino\/informacion\/","title":{"rendered":"Presentaci\u00f3n"},"content":{"rendered":"<p>Bienvenidos a mi blog sobre Jean Cauvin. A trav\u00e9s de las sucesivas entradas iremos conociendo poco a poco la vida y las obras de este personaje que revolucion\u00f3 las creencias de media Europa y cambi\u00f3 el curso de la historia.<\/p>\n","protected":false},"excerpt":{"rendered":"<p>Bienvenidos a mi blog sobre Jean Cauvin. A trav\u00e9s de las sucesivas entradas iremos conociendo poco a poco la vida y las obras de este personaje que revolucion\u00f3 las creencias de media Europa y cambi\u00f3 el curso de la historia.<\/p>\n","protected":false},"author":1674,"featured_media":0,"parent":0,"menu_order":0,"comment_status":"open","ping_status":"open","template":"","meta":{"footnotes":""},"class_list":["post-2","page","type-page","status-publish","hentry"],"_links":{"self":[{"href":"https:\/\/blogs.ua.es\/juancalvino\/wp-json\/wp\/v2\/pages\/2","targetHints":{"allow":["GET"]}}],"collection":[{"href":"https:\/\/blogs.ua.es\/juancalvino\/wp-json\/wp\/v2\/pages"}],"about":[{"href":"https:\/\/blogs.ua.es\/juancalvino\/wp-json\/wp\/v2\/types\/page"}],"author":[{"embeddable":true,"href":"https:\/\/blogs.ua.es\/juancalvino\/wp-json\/wp\/v2\/users\/1674"}],"replies":[{"embeddable":true,"href":"https:\/\/blogs.ua.es\/juancalvino\/wp-json\/wp\/v2\/comments?post=2"}],"version-history":[{"count":3,"href":"https:\/\/blogs.ua.es\/juancalvino\/wp-json\/wp\/v2\/pages\/2\/revisions"}],"predecessor-version":[{"id":9,"href":"https:\/\/blogs.ua.es\/juancalvino\/wp-json\/wp\/v2\/pages\/2\/revisions\/9"}],"wp:attachment":[{"href":"https:\/\/blogs.ua.es\/juancalvino\/wp-json\/wp\/v2\/media?parent=2"}],"curies":[{"name":"wp","href":"https:\/\/api.w.org\/{rel}","templated":true}]}}