{"id":31,"date":"2010-04-22T13:42:48","date_gmt":"2010-04-22T13:42:48","guid":{"rendered":"https:\/\/blogs.ua.es\/juancalvino\/?page_id=31"},"modified":"2010-09-08T09:34:09","modified_gmt":"2010-09-08T09:34:09","slug":"frases-de-calvino","status":"publish","type":"page","link":"https:\/\/blogs.ua.es\/juancalvino\/frases-de-calvino\/","title":{"rendered":"Frases de Calvino"},"content":{"rendered":"<p><span style=\"text-decoration: underline\"><strong>ALGUNAS FRASES PARA MEDITAR<\/strong><\/span><\/p>\n<p style=\"text-align: justify\">Sin conocimiento de uno mismo no hay con<img decoding=\"async\" src=\"http:\/\/api.ning.com\/files\/rw-u8m0hDliFvYr3LmJB2x5NjEdSNOHolvAfKlXinxvdXyLcjxWVreDvPx6VGCe*kH2z22UeCEDyhAevkpZu0xM2vzjFwtbL\/bblia.jpg\" alt=\"\" \/>ocimiento de Dios.<\/p>\n<p style=\"text-align: justify\">La mente del hombre es como una tienda de idolatr\u00edas y supersticiones.<\/p>\n<p style=\"text-align: justify\">La tortura de una mala conciencia es el infierno de un alma viviente.<\/p>\n<p style=\"text-align: justify\">Nadie est\u00e1 excluido de pedir a Dios, la puerta de la salvaci\u00f3n est\u00e1 en abierta para todos los hombres.<\/p>\n<p style=\"text-align: justify\">Todas las cosas est\u00e1n a disposici\u00f3n de Dios, y la decisi\u00f3n de la salvaci\u00f3n o la muerte perteneciente a \u00e9l.<\/p>\n<p style=\"text-align: justify\">Un perro ladra cuando su amo es atacado. Yo ser\u00eda un cobarde si es atacada la verdad de Dios y permanezco en silencio.<\/p>\n<p style=\"text-align: justify\">No hay un poco de brizna de hierba, no hay color en este mundo que no tenga la intenci\u00f3n de hacer que los hombres se regocijen.<\/p>\n<p style=\"text-align: justify\">Cada uno de nosotros es, incluso desde el vientre de nuestra madre, un maestro artesano de \u00eddolos.<\/p>\n<p style=\"text-align: justify\">La prohibici\u00f3n del matrimonio a los sacerdotes fue un acto de tiran\u00eda imp\u00eda, no s\u00f3lo contrario a la palabra de Dios, sino en contradicci\u00f3n con todo principio de justicia.<\/p>\n","protected":false},"excerpt":{"rendered":"<p>ALGUNAS FRASES PARA MEDITAR Sin conocimiento de uno mismo no hay conocimiento de Dios. La mente del hombre es como una tienda de idolatr\u00edas y supersticiones. La tortura de una mala conciencia es el infierno de un alma viviente. Nadie est\u00e1 excluido de pedir a Dios, la puerta de la salvaci\u00f3n est\u00e1 en abierta para [&hellip;]<\/p>\n","protected":false},"author":1674,"featured_media":0,"parent":0,"menu_order":0,"comment_status":"open","ping_status":"open","template":"","meta":{"footnotes":""},"class_list":["post-31","page","type-page","status-publish","hentry"],"_links":{"self":[{"href":"https:\/\/blogs.ua.es\/juancalvino\/wp-json\/wp\/v2\/pages\/31","targetHints":{"allow":["GET"]}}],"collection":[{"href":"https:\/\/blogs.ua.es\/juancalvino\/wp-json\/wp\/v2\/pages"}],"about":[{"href":"https:\/\/blogs.ua.es\/juancalvino\/wp-json\/wp\/v2\/types\/page"}],"author":[{"embeddable":true,"href":"https:\/\/blogs.ua.es\/juancalvino\/wp-json\/wp\/v2\/users\/1674"}],"replies":[{"embeddable":true,"href":"https:\/\/blogs.ua.es\/juancalvino\/wp-json\/wp\/v2\/comments?post=31"}],"version-history":[{"count":10,"href":"https:\/\/blogs.ua.es\/juancalvino\/wp-json\/wp\/v2\/pages\/31\/revisions"}],"predecessor-version":[{"id":213,"href":"https:\/\/blogs.ua.es\/juancalvino\/wp-json\/wp\/v2\/pages\/31\/revisions\/213"}],"wp:attachment":[{"href":"https:\/\/blogs.ua.es\/juancalvino\/wp-json\/wp\/v2\/media?parent=31"}],"curies":[{"name":"wp","href":"https:\/\/api.w.org\/{rel}","templated":true}]}}