{"id":78,"date":"2013-01-25T16:26:05","date_gmt":"2013-01-25T16:26:05","guid":{"rendered":"https:\/\/blogs.ua.es\/juandediosaguilar\/?page_id=78"},"modified":"2013-01-25T16:38:35","modified_gmt":"2013-01-25T16:38:35","slug":"autor","status":"publish","type":"page","link":"https:\/\/blogs.ua.es\/juandediosaguilar\/autor\/","title":{"rendered":"Autor"},"content":{"rendered":"<p>Sabemos de <span style=\"text-decoration: underline\"><strong>JUAN DE DIOS AGUILAR G\u00d3MEZ<\/strong><\/span> que n<span style=\"font-size: 16px\">aci\u00f3 en Catral (Alicante) el 7 de marzo de 1900, ingresando a los 8 a\u00f1os ingres\u00f3 en la Banda de M\u00fasica \u201cLa Constancia\u201d, de su pueblo, como flaut\u00edn. Posteriormente c<\/span><span style=\"font-size: 16px\">urs\u00f3 estudios de Magisterio en la Escuela Normal de Alicante, ingresando en el magisterio Nacional con el n\u00famero uno de su Oposici\u00f3n, habiendo ejercido en Alicante durante 30 a\u00f1os.Estudi\u00f3 piano y composici\u00f3n en el Conservatorio de M\u00fasica de Cartagena, con su hermano Francisco como Profesor.<\/span><\/p>\n<p>Desde los 18 a\u00f1os, en que comenz\u00f3 a escribir el diario \u201cEl Tiempo\u201d, de Alicante, ha realizado una labor intensa de periodismo y literatura, perteneciendo al diario \u201cLa Voz de Levante\u201d, de alicante, obteniendo varios premios en cert\u00e1menes literarios; y d\u00e9sde el a\u00f1o 1934 se dedic\u00f3 a la radiodifusi\u00f3n en Radio Alicante hasta su jubilaci\u00f3n en 1965.<\/p>\n<p><span style=\"font-size: 16px\">Tiene publicados varios libros, entre los que figuran \u201cMonserrate\u201d, novela \u201cPinceladas\u201d, \u201cLo alicantino en la poes\u00eda de Campoamor\u201d. Tambi\u00e9n obras musicales, entre las que destacan \u201cMisa en re\u201d, \u201cMeditaciones para Piano\u201d, de estilo chopiniano. Adem\u00e1s, como music\u00f3logo ha realizado una larga labor, con cr\u00edtica musical en radio, prensa y conferencias. Durante varios a\u00f1os viene explicando las clases de \u201cM\u00fasica espa\u00f1ola\u201d en los Cursos para extranjeros de la C\u00e1tedra Mediterr\u00e1nea que se celebran en Alicante, organizados por la Universidad de Valencia y patrocinados por la Excma. Diputaci\u00f3n Provincial. Adem\u00e1s, t<\/span><span style=\"font-size: 16px\">ambi\u00e9n ha escrito varios libros sobre m\u00fasica entre los que figuran \u201cAnecdotario musical\u201d; \u201cEfem\u00e9rides musicales\u201d; \u201cHistoria de la M\u00fasica espa\u00f1ola\u201d; \u201c50 m\u00fasicos alcoyanos\u201d y la presente \u201cHisotria de laa M\u00fasica en la provincia de Alicante\u201d.<\/span><\/p>\n","protected":false},"excerpt":{"rendered":"<p>Sabemos de JUAN DE DIOS AGUILAR G\u00d3MEZ que naci\u00f3 en Catral (Alicante) el 7 de marzo de 1900, ingresando a los 8 a\u00f1os ingres\u00f3 en la Banda de M\u00fasica \u201cLa Constancia\u201d, de su pueblo, como flaut\u00edn. Posteriormente curs\u00f3 estudios de Magisterio en la Escuela Normal de Alicante, ingresando en el magisterio Nacional con el n\u00famero [&hellip;]<\/p>\n","protected":false},"author":2950,"featured_media":0,"parent":0,"menu_order":0,"comment_status":"open","ping_status":"open","template":"","meta":{"footnotes":""},"class_list":["post-78","page","type-page","status-publish","hentry"],"_links":{"self":[{"href":"https:\/\/blogs.ua.es\/juandediosaguilar\/wp-json\/wp\/v2\/pages\/78","targetHints":{"allow":["GET"]}}],"collection":[{"href":"https:\/\/blogs.ua.es\/juandediosaguilar\/wp-json\/wp\/v2\/pages"}],"about":[{"href":"https:\/\/blogs.ua.es\/juandediosaguilar\/wp-json\/wp\/v2\/types\/page"}],"author":[{"embeddable":true,"href":"https:\/\/blogs.ua.es\/juandediosaguilar\/wp-json\/wp\/v2\/users\/2950"}],"replies":[{"embeddable":true,"href":"https:\/\/blogs.ua.es\/juandediosaguilar\/wp-json\/wp\/v2\/comments?post=78"}],"version-history":[{"count":5,"href":"https:\/\/blogs.ua.es\/juandediosaguilar\/wp-json\/wp\/v2\/pages\/78\/revisions"}],"predecessor-version":[{"id":80,"href":"https:\/\/blogs.ua.es\/juandediosaguilar\/wp-json\/wp\/v2\/pages\/78\/revisions\/80"}],"wp:attachment":[{"href":"https:\/\/blogs.ua.es\/juandediosaguilar\/wp-json\/wp\/v2\/media?parent=78"}],"curies":[{"name":"wp","href":"https:\/\/api.w.org\/{rel}","templated":true}]}}