{"id":97,"date":"2013-01-26T17:32:02","date_gmt":"2013-01-26T17:32:02","guid":{"rendered":"https:\/\/blogs.ua.es\/juandediosaguilar\/?page_id=97"},"modified":"2013-01-27T20:35:05","modified_gmt":"2013-01-27T20:35:05","slug":"metodologia","status":"publish","type":"page","link":"https:\/\/blogs.ua.es\/juandediosaguilar\/metodologia\/","title":{"rendered":"Metodolog\u00eda"},"content":{"rendered":"<p>Tratamos aqu\u00ed de explicar la manera en que ambos hemos realizado este blog.<\/p>\n<p>Para empezar, hacer saber que para llevar a cabo este proyecto, contamos con un numero muy reducido de libros de este autor y por este motivo la gran parte del blog est\u00e1 compuesta por su obra m\u00e1s importante, &#8220;Historia de la M\u00fasica en la Provincia de Alicante&#8221;. Aunque con dificultad hemos conseguido alguna obra mas de este autor como es la\u00a0M\u00fasica\u00a0en las Fiestas de &#8220;Moros y Cristianos&#8221;, Evocaci\u00f3n y actualidad de la m\u00fasica\u00a0en Alicante y Campoamor en la\u00a0poes\u00eda\u00a0alicantina.<\/p>\n<p>De &#8220;Historia de la M\u00fasica en la Provincia de Alicante&#8221;\u00a0poseemos la obra original escrita por el autor, y una segunda edici\u00f3n de la misma publicada y ampliada por el Instituto de Estudios Alicantinos.<\/p>\n<p>El resto de obras citadas del autor, no est\u00e1n presentes en la biblioteca de la Universidad de Alicante, por lo que los recursos que poseemos se reducen en gran medida a la anterior obra citada, indudablemente la m\u00e1s famosa e importante del se\u00f1or Aguilar G\u00f3mez. Hemos introducido tambi\u00e9n otras obras procedentes de la biblioteca privada de la CAM Gabriel Miro de alicante, las obras de este autor no son muy\u00a0f\u00e1ciles\u00a0de encontrar y en muchos casos no se pueden sacar de la biblioteca en este caso la Gabriel Miro, esto es\u00a0debido\u00a0a que estas obras son\u00a0\u00fanicas no hay otra copia de ellas\u00a0y muy antiguas en ocasiones\u00a0est\u00e1n\u00a0alrededor de los \u00a0a\u00f1os 50.<\/p>\n<p>No hay duda en estos momentos de que hablar de Juan de Dios Aguilar es hablar de la m\u00fasica de Alicante, de su historia, no tan solo en su ciudad, sino en toda la comarca y de cualquier obra, instituci\u00f3n o m\u00fasico que a pesar de no ser alicantino, est\u00e9 relacionado con nuestra m\u00fasica.<\/p>\n<p>Por lo tanto, decidimos no solo dedicar un blog al autor, sino a la m\u00fasica alicantina, al testimonio de nuestra m\u00fasica que Juan de Dios no dej\u00f3 escritos, haciendo una minuciosa selecci\u00f3n de los cap\u00edtulos m\u00e1s especiales de la obra, y en consecuencia, de Alicante y su m\u00fasica.<\/p>\n","protected":false},"excerpt":{"rendered":"<p>Tratamos aqu\u00ed de explicar la manera en que ambos hemos realizado este blog. Para empezar, hacer saber que para llevar a cabo este proyecto, contamos con un numero muy reducido de libros de este autor y por este motivo la gran parte del blog est\u00e1 compuesta por su obra m\u00e1s importante, &#8220;Historia de la M\u00fasica [&hellip;]<\/p>\n","protected":false},"author":2950,"featured_media":0,"parent":0,"menu_order":0,"comment_status":"open","ping_status":"open","template":"","meta":{"footnotes":""},"class_list":["post-97","page","type-page","status-publish","hentry"],"_links":{"self":[{"href":"https:\/\/blogs.ua.es\/juandediosaguilar\/wp-json\/wp\/v2\/pages\/97","targetHints":{"allow":["GET"]}}],"collection":[{"href":"https:\/\/blogs.ua.es\/juandediosaguilar\/wp-json\/wp\/v2\/pages"}],"about":[{"href":"https:\/\/blogs.ua.es\/juandediosaguilar\/wp-json\/wp\/v2\/types\/page"}],"author":[{"embeddable":true,"href":"https:\/\/blogs.ua.es\/juandediosaguilar\/wp-json\/wp\/v2\/users\/2950"}],"replies":[{"embeddable":true,"href":"https:\/\/blogs.ua.es\/juandediosaguilar\/wp-json\/wp\/v2\/comments?post=97"}],"version-history":[{"count":4,"href":"https:\/\/blogs.ua.es\/juandediosaguilar\/wp-json\/wp\/v2\/pages\/97\/revisions"}],"predecessor-version":[{"id":99,"href":"https:\/\/blogs.ua.es\/juandediosaguilar\/wp-json\/wp\/v2\/pages\/97\/revisions\/99"}],"wp:attachment":[{"href":"https:\/\/blogs.ua.es\/juandediosaguilar\/wp-json\/wp\/v2\/media?parent=97"}],"curies":[{"name":"wp","href":"https:\/\/api.w.org\/{rel}","templated":true}]}}