{"id":8,"date":"2012-12-04T17:03:01","date_gmt":"2012-12-04T17:03:01","guid":{"rendered":"https:\/\/blogs.ua.es\/juaniiaragon\/?page_id=8"},"modified":"2012-12-10T19:52:08","modified_gmt":"2012-12-10T19:52:08","slug":"presentacion","status":"publish","type":"page","link":"https:\/\/blogs.ua.es\/juaniiaragon\/presentacion\/","title":{"rendered":"Presentaci\u00f3n"},"content":{"rendered":"<p>Soy Perrine Duriau, alumna de intercambio de la Universidad de Alicante.<\/p>\n<p>Estoy en el tercer a\u00f1o en la Universidad de Mons, en B\u00e9lgica.<\/p>\n<p>Estudio espa\u00f1ol e ingles en la facultad de traducci\u00f3n e interpretaci\u00f3n.<\/p>\n<p>En mis estudios, la cultura general es muy importante. Necesito leer mucho y saber lo que se pasa en el mundo. Adem\u00e1s, para ser una buena traductora necesito tambi\u00e9n tener conocimiento de muchas cosas en varios dominios como historia, derecho, arte, periodismo, filosof\u00eda, etc.<\/p>\n<p>&nbsp;<\/p>\n","protected":false},"excerpt":{"rendered":"<p>Soy Perrine Duriau, alumna de intercambio de la Universidad de Alicante. Estoy en el tercer a\u00f1o en la Universidad de Mons, en B\u00e9lgica. Estudio espa\u00f1ol e ingles en la facultad de traducci\u00f3n e interpretaci\u00f3n. En mis estudios, la cultura general &hellip; <a href=\"https:\/\/blogs.ua.es\/juaniiaragon\/presentacion\/\">Continue reading <span class=\"meta-nav\">&rarr;<\/span><\/a><\/p>\n","protected":false},"author":2926,"featured_media":0,"parent":0,"menu_order":0,"comment_status":"open","ping_status":"open","template":"","meta":{"footnotes":""},"class_list":["post-8","page","type-page","status-publish","hentry"],"_links":{"self":[{"href":"https:\/\/blogs.ua.es\/juaniiaragon\/wp-json\/wp\/v2\/pages\/8","targetHints":{"allow":["GET"]}}],"collection":[{"href":"https:\/\/blogs.ua.es\/juaniiaragon\/wp-json\/wp\/v2\/pages"}],"about":[{"href":"https:\/\/blogs.ua.es\/juaniiaragon\/wp-json\/wp\/v2\/types\/page"}],"author":[{"embeddable":true,"href":"https:\/\/blogs.ua.es\/juaniiaragon\/wp-json\/wp\/v2\/users\/2926"}],"replies":[{"embeddable":true,"href":"https:\/\/blogs.ua.es\/juaniiaragon\/wp-json\/wp\/v2\/comments?post=8"}],"version-history":[{"count":3,"href":"https:\/\/blogs.ua.es\/juaniiaragon\/wp-json\/wp\/v2\/pages\/8\/revisions"}],"predecessor-version":[{"id":13,"href":"https:\/\/blogs.ua.es\/juaniiaragon\/wp-json\/wp\/v2\/pages\/8\/revisions\/13"}],"wp:attachment":[{"href":"https:\/\/blogs.ua.es\/juaniiaragon\/wp-json\/wp\/v2\/media?parent=8"}],"curies":[{"name":"wp","href":"https:\/\/api.w.org\/{rel}","templated":true}]}}