{"id":24,"date":"2013-01-09T19:14:23","date_gmt":"2013-01-09T19:14:23","guid":{"rendered":"https:\/\/blogs.ua.es\/juanjosemillas\/?page_id=24"},"modified":"2013-01-27T13:02:51","modified_gmt":"2013-01-27T13:02:51","slug":"metodologia","status":"publish","type":"page","link":"https:\/\/blogs.ua.es\/juanjosemillas\/metodologia\/","title":{"rendered":"Metodolog\u00eda"},"content":{"rendered":"<p>Nuestro m\u00e9todo de trabajo ha consistido fundamentalmente en aplicar los conocimientos que hemos aprendido a lo largo de estos meses en la asignatura de <strong>Fuentes y Documentos para la historia,<\/strong> al fin y al cabo uno de los objetivos del blog es precisamente saber desenvolvernos en el manejo de referencias bibliogr\u00e1ficas y dem\u00e1s.<\/p>\n<p>Por tanto, a la hora de referenciar los documentos que hemos ido recopilando para confeccionar las entradas que componen el blog, hemos utilizado las <strong>Normas ISO 690-2010<\/strong>, que se aplican a todo tipo de documentos y soportes electr\u00f3nicos y dictan los elementos que han de incluirse en toda referencia.<\/p>\n<p>Para referenciar nuestras obras, hemos empleado los siguientes ejemplos:<\/p>\n<p><strong>DOCUMENTOS IMPRESOS:<\/strong><\/p>\n<p>Monograf\u00edas:<\/p>\n<p>APELLIDOS, Nombre1. T\u00edtulo. (Otros colaboradores: traductor, editor, etc. se podr\u00edan hacer constar\u00a0con la forma directa de nombre APELLIDOS). Edici\u00f3n. Lugar: Editor, a\u00f1o. Extensi\u00f3n (opcional).(Serie; n\u00ba). ISBN.\u00a0Si el autor principal es corporativo, se hace constar el nombre directo en MAY\u00daSCULAS.<\/p>\n<p>Art\u00edculos de revistas:<br \/>\n(Autor\/es de la contribuci\u00f3n) APELLIDOS, Nombre. T\u00edtulo del art\u00edculo. T\u00edtulo de la revista.<br \/>\n(Localizaci\u00f3n de la parte en el n\u00famero de la revista) A\u00f1o, volumen (n\u00ba), pp. ISSN.<\/p>\n<p><strong>DOCUMENTOS ELECTR\u00d3NICOS:<\/strong><\/p>\n<p>Revista en l\u00ednea:<\/p>\n<p>1. Modelo de revista de un paquete de revistas electr\u00f3nicas con una base de datos com\u00fan:<br \/>\nT\u00edtulo [en linea]. Lugar de edici\u00f3n: editor, fecha de publicaci\u00f3n, volumen, n\u00famero [consulta: fecha<br \/>\nde consulta]. Nombre de la base de datos. ISSN. Disponible en: http:\/\/<br \/>\n2. Modelo de revista con acceso en l\u00ednea individualizado:<br \/>\nT\u00edtulo [en l\u00ednea]. Lugar de edici\u00f3n: editor, fecha de publicaci\u00f3n, volumen, n\u00famero [consulta: fechade consulta]. ISSN. Disponible en: http:\/\/<\/p>\n<p>Art\u00edculo de revista en l\u00ednea:<\/p>\n<p>(Autor\/es del art\u00edculo) APELLIDOS, Nombre. T\u00edtulo del art\u00edculo. T\u00edtulo de la revista [en l\u00ednea].<br \/>\nLugar: editor, fecha de publicaci\u00f3n, vol\u00famen, n\u00famero [consulta: fecha de consulta]. ISSN.<br \/>\nDisponible en: http:\/\/<\/p>\n<p>Sitio web:<\/p>\n<p>T\u00edtulo de la web. Editor, a\u00f1o [consulta: fecha de consulta]. Disponible en: http:\/\/<\/p>\n<p>Parte de un sitio web:<\/p>\n<p>\u00b7 Ejemplo de p\u00e1gina sin autor o autor colectivo (ejem.: art\u00edculo de wikipedia):<br \/>\nT\u00edtulo de la p\u00e1gina. T\u00edtulo del sitio web [en l\u00ednea]. Fecha y hora de edici\u00f3n o actualizaci\u00f3n<br \/>\n[consulta: fecha de cosulta]. Disponible en: http:\/\/<\/p>\n<p>\u00b7 Ejemplo de p\u00e1gina o parte de un sitio web con autor:<br \/>\nAPELLIDOS, Nombre. T\u00edtulo de la p\u00e1gina o la parte. En: T\u00edtulo del sitio web [en l\u00ednea]. Fecha y<br \/>\nhora de edici\u00f3n [consulta: fecha y hora de consulta]. Disponible en: http:\/\/<\/p>\n<p>&nbsp;<\/p>\n<p>&nbsp;<\/p>\n","protected":false},"excerpt":{"rendered":"<p>Nuestro m\u00e9todo de trabajo ha consistido fundamentalmente en aplicar los conocimientos que hemos aprendido a lo largo de estos meses en la asignatura de Fuentes y Documentos para la historia, al fin y al cabo uno de los objetivos del &hellip; <a href=\"https:\/\/blogs.ua.es\/juanjosemillas\/metodologia\/\">Continue reading <span class=\"meta-nav\">&rarr;<\/span><\/a><\/p>\n","protected":false},"author":2863,"featured_media":0,"parent":0,"menu_order":1,"comment_status":"open","ping_status":"open","template":"","meta":{"footnotes":""},"class_list":["post-24","page","type-page","status-publish","hentry"],"_links":{"self":[{"href":"https:\/\/blogs.ua.es\/juanjosemillas\/wp-json\/wp\/v2\/pages\/24","targetHints":{"allow":["GET"]}}],"collection":[{"href":"https:\/\/blogs.ua.es\/juanjosemillas\/wp-json\/wp\/v2\/pages"}],"about":[{"href":"https:\/\/blogs.ua.es\/juanjosemillas\/wp-json\/wp\/v2\/types\/page"}],"author":[{"embeddable":true,"href":"https:\/\/blogs.ua.es\/juanjosemillas\/wp-json\/wp\/v2\/users\/2863"}],"replies":[{"embeddable":true,"href":"https:\/\/blogs.ua.es\/juanjosemillas\/wp-json\/wp\/v2\/comments?post=24"}],"version-history":[{"count":6,"href":"https:\/\/blogs.ua.es\/juanjosemillas\/wp-json\/wp\/v2\/pages\/24\/revisions"}],"predecessor-version":[{"id":186,"href":"https:\/\/blogs.ua.es\/juanjosemillas\/wp-json\/wp\/v2\/pages\/24\/revisions\/186"}],"wp:attachment":[{"href":"https:\/\/blogs.ua.es\/juanjosemillas\/wp-json\/wp\/v2\/media?parent=24"}],"curies":[{"name":"wp","href":"https:\/\/api.w.org\/{rel}","templated":true}]}}