{"id":40,"date":"2013-01-25T18:02:17","date_gmt":"2013-01-25T18:02:17","guid":{"rendered":"https:\/\/blogs.ua.es\/juanjosemillas\/?page_id=40"},"modified":"2013-01-27T12:41:11","modified_gmt":"2013-01-27T12:41:11","slug":"juan-jose-millas","status":"publish","type":"page","link":"https:\/\/blogs.ua.es\/juanjosemillas\/juan-jose-millas\/","title":{"rendered":"Juan Jos\u00e9 Mill\u00e1s"},"content":{"rendered":"<p>Juan Jos\u00e9 Mill\u00e1s una de las grandes figuras de la actualidad literaria espa\u00f1ola. Su obra como escritor y su trabajo como periodista literario le han valido un enorme reconocimiento \u00a0 que le ha convertido en un imprescindible de los principales medios de comunicaci\u00f3n de nuestro pa\u00eds. Su enorme talento literario y su acidez incisiva period\u00edstica son sus principales \u00a0se\u00f1as de identidad.<\/p>\n<p><a href=\"https:\/\/blogs.ua.es\/juanjosemillas\/files\/2013\/01\/indexgr1.gif\"><img loading=\"lazy\" decoding=\"async\" class=\"alignleft size-full wp-image-177\" src=\"https:\/\/blogs.ua.es\/juanjosemillas\/files\/2013\/01\/indexgr1.gif\" alt=\"\" width=\"210\" height=\"200\" \/><\/a>Juan Jos\u00e9 Mill\u00e1s nace en Valencia en 1946 pero siendo un ni\u00f1o se muda a Madrid con su familia, alej\u00e1ndose del mar y de su luz, para pasar a vivir en un barrio de la periferia madrile\u00f1a. Este dr\u00e1stico cambio tendr\u00e1 un fuerte impacto en el peque\u00f1o Juanjo ya que con \u00e9l se abre una herida que tardar\u00e1 a\u00f1os en cerrarse. Sin embargo m\u00e1s tarde convertir\u00eda las calles madrile\u00f1as en su mundo, en su fuente de inspiraci\u00f3n y en una de las bases de su literatura.<\/p>\n<p>Estudi\u00f3 Filosof\u00eda y Letras en la Universidad Complutense de Madrid, carrera que abandonar\u00eda en su tercer a\u00f1o pues el incipiente escritor que hab\u00eda dentro de \u00e9l empezaba a crecer y los estudios le quitaban demasiado tiempo para dedicarse a la literatura. Eso junto a su esp\u00edritu rebelde contra una Universidad decadente hizo que dejase los estudios y se consagrase a su gran pasi\u00f3n.<\/p>\n<p>En 1975 escribe\u00a0<em>Cerbero son las sombras,\u00a0<\/em>su primera novela, que le vali\u00f3 el Premio S\u00e9samo y le dio a conocer. Posteriormente escribe\u00a0<em>Visi\u00f3n del ahogado (<\/em>1977),\u00a0<em>El jard\u00edn vac\u00edo (<\/em>1981) y\u00a0<em>Papel Mojado (1983) \u00a0<\/em>su obra m\u00e1s conocida, que a d\u00eda de hoy sigue vendi\u00e9ndose en abundancia e incluso forma parte de la prescripci\u00f3n escolar.<\/p>\n<p>Simult\u00e1neamente empieza a colaborar en prensa acaparando un enorme reconocimiento<a href=\"https:\/\/blogs.ua.es\/juanjosemillas\/files\/2013\/01\/descarga4.jpg\"><img loading=\"lazy\" decoding=\"async\" class=\"alignright size-full wp-image-178\" src=\"https:\/\/blogs.ua.es\/juanjosemillas\/files\/2013\/01\/descarga4.jpg\" alt=\"\" width=\"290\" height=\"174\" \/><\/a> que le llevar\u00e1 a dejar su empleo de administrativo para dedicarse en exclusiva al periodismo y la literatura.<\/p>\n<p>Su novela de intriga y polic\u00edaca con ese estilo particular tan trepidante y pasional le ha llevado a abrirse un importante hueco en la literatura espa\u00f1ola que tendr\u00e1 como punto culminante la entrega del Premio Planeta (2007) y el Premio Nacional de Narrativa (2008) por su obra\u00a0<em>El Mundo.<\/em><\/p>\n<p>Otras de sus importantes obras son:\u00a0<em>Articuentos, N\u00fameros pares,impares e idiotas (Junto al dibujante Forges), Laura y Julio, Dos mujeres en Praga o Cuentos de adulteros desorientados.<\/em><\/p>\n<p>La creaci\u00f3n de otro g\u00e9nero literario, el\u00a0<em>articuento, <\/em>junto a su compromiso con los m\u00e1s desfavorecidos le han abierto de par en par las puertas de su faceta m\u00e1s famosa: El <a href=\"https:\/\/blogs.ua.es\/juanjosemillas\/files\/2013\/01\/descarga-1.jpg\"><img loading=\"lazy\" decoding=\"async\" class=\"alignleft size-full wp-image-179\" src=\"https:\/\/blogs.ua.es\/juanjosemillas\/files\/2013\/01\/descarga-1.jpg\" alt=\"\" width=\"227\" height=\"222\" \/><\/a>periodismo literario. Desde hace a\u00f1os es columnista en el Diario El Pa\u00eds y colaborador habitual del programa radiof\u00f3nico\u00a0<em>La Ventana\u00a0<\/em>, que con su talento literario y su estilo \u00e1cido en su an\u00e1lisis de la actualidad le han convertido en una figura importante y querida por el p\u00fablico en los medios de comunicaci\u00f3n.<\/p>\n<p>Tambi\u00e9n ha realizado peque\u00f1as incursiones en otros \u00e1mbitos como la poes\u00eda, el teatro o el cine, demostrando una vez m\u00e1s que no hay campo que se le resista.<\/p>\n<p>Es Doctor Honoris Causa por las Universidades de Tur\u00edn y Oviedo, y a d\u00eda de hoy sigue siendo un referente y un habitual en el periodismo y la literatura de nuestro pa\u00eds.<\/p>\n<p>&nbsp;<\/p>\n<p>&nbsp;<\/p>\n","protected":false},"excerpt":{"rendered":"<p>Juan Jos\u00e9 Mill\u00e1s una de las grandes figuras de la actualidad literaria espa\u00f1ola. Su obra como escritor y su trabajo como periodista literario le han valido un enorme reconocimiento \u00a0 que le ha convertido en un imprescindible de los principales &hellip; <a href=\"https:\/\/blogs.ua.es\/juanjosemillas\/juan-jose-millas\/\">Continue reading <span class=\"meta-nav\">&rarr;<\/span><\/a><\/p>\n","protected":false},"author":2863,"featured_media":0,"parent":0,"menu_order":1,"comment_status":"open","ping_status":"open","template":"","meta":{"footnotes":""},"class_list":["post-40","page","type-page","status-publish","hentry"],"_links":{"self":[{"href":"https:\/\/blogs.ua.es\/juanjosemillas\/wp-json\/wp\/v2\/pages\/40","targetHints":{"allow":["GET"]}}],"collection":[{"href":"https:\/\/blogs.ua.es\/juanjosemillas\/wp-json\/wp\/v2\/pages"}],"about":[{"href":"https:\/\/blogs.ua.es\/juanjosemillas\/wp-json\/wp\/v2\/types\/page"}],"author":[{"embeddable":true,"href":"https:\/\/blogs.ua.es\/juanjosemillas\/wp-json\/wp\/v2\/users\/2863"}],"replies":[{"embeddable":true,"href":"https:\/\/blogs.ua.es\/juanjosemillas\/wp-json\/wp\/v2\/comments?post=40"}],"version-history":[{"count":5,"href":"https:\/\/blogs.ua.es\/juanjosemillas\/wp-json\/wp\/v2\/pages\/40\/revisions"}],"predecessor-version":[{"id":175,"href":"https:\/\/blogs.ua.es\/juanjosemillas\/wp-json\/wp\/v2\/pages\/40\/revisions\/175"}],"wp:attachment":[{"href":"https:\/\/blogs.ua.es\/juanjosemillas\/wp-json\/wp\/v2\/media?parent=40"}],"curies":[{"name":"wp","href":"https:\/\/api.w.org\/{rel}","templated":true}]}}