{"id":44,"date":"2013-01-25T18:04:00","date_gmt":"2013-01-25T18:04:00","guid":{"rendered":"https:\/\/blogs.ua.es\/juanjosemillas\/?page_id=44"},"modified":"2013-01-27T14:33:26","modified_gmt":"2013-01-27T14:33:26","slug":"recursos-consultados","status":"publish","type":"page","link":"https:\/\/blogs.ua.es\/juanjosemillas\/recursos-consultados\/","title":{"rendered":"Recursos Consultados"},"content":{"rendered":"<p>Para la realizaci\u00f3n de nuestro blog hemos consultado una amplia variedad de recursos. Dentro de lo que ha estado en nuestra mano hemos intentado trabajar inicialmente con medios f\u00edsicos, y una vez agotados estos, pasar a los electr\u00f3nicos.<\/p>\n<p>As\u00ed, varios de los libros referenciados han tenido tal honor porque cont\u00e1bamos con ellos en nuestro poder, y ha sido muy f\u00e1cil trabajar con ellos tanto a la hora de referenciarlos como en el comentario de su contenido. La facilidad y el rigor que otorga conocer un documento previamente a su an\u00e1lisis es irrefutable.<\/p>\n<p>Para los documentos electr\u00f3nicos hemos tenido que emplear a fondo nuestros conocimientos de b\u00fasqueda y tuvimos la oportunidad de utilizar las herramientas que nos ha facilitado el estudio de esta asignatura.<\/p>\n<p>De este modo, algunas de las herramientas utilizadas han sido:<\/p>\n<ul>\n<li><a title=\"Biblioteca virtual\" href=\"http:\/\/biblioteca.ua.es\/\">La Biblioteca virtual de la Universidad de Alicante<\/a><\/li>\n<li><a title=\"Biblioteca Cervantes\" href=\"http:\/\/www.cervantesvirtual.com\/\">La Biblioteca Virtual Miguel de Cervantes<\/a><\/li>\n<li><a title=\"Dialnet\" href=\"http:\/\/dialnet.unirioja.es\/\">La base de datos Dialnet<\/a><\/li>\n<li><a title=\"Google Libros\" href=\"http:\/\/books.google.es\/\">El buscador Google Libros<\/a><\/li>\n<\/ul>\n<p>&#8230;as\u00ed como todo el amplio espectro de p\u00e1ginas web acerca del autor o que nos pudieran facilitar informaci\u00f3n sobre \u00e9l. Hay que reconocer que no nos ha resultado dif\u00edcil ya que la informaci\u00f3n disponible acerca de un autor tan c\u00e9lebre es m\u00e1s que abundante, y los diferentes tipos de documentos y soportes electr\u00f3nicos en los que se encuentran han propiciado que nuestras entradas y la informaci\u00f3n de las mismas est\u00e9n conformadas por documentos de naturaleza muy diversa, tales como art\u00edculos, entrevistas, v\u00eddeos o noticias.<\/p>\n","protected":false},"excerpt":{"rendered":"<p>Para la realizaci\u00f3n de nuestro blog hemos consultado una amplia variedad de recursos. Dentro de lo que ha estado en nuestra mano hemos intentado trabajar inicialmente con medios f\u00edsicos, y una vez agotados estos, pasar a los electr\u00f3nicos. As\u00ed, varios &hellip; <a href=\"https:\/\/blogs.ua.es\/juanjosemillas\/recursos-consultados\/\">Continue reading <span class=\"meta-nav\">&rarr;<\/span><\/a><\/p>\n","protected":false},"author":2863,"featured_media":0,"parent":0,"menu_order":4,"comment_status":"open","ping_status":"open","template":"","meta":{"footnotes":""},"class_list":["post-44","page","type-page","status-publish","hentry"],"_links":{"self":[{"href":"https:\/\/blogs.ua.es\/juanjosemillas\/wp-json\/wp\/v2\/pages\/44","targetHints":{"allow":["GET"]}}],"collection":[{"href":"https:\/\/blogs.ua.es\/juanjosemillas\/wp-json\/wp\/v2\/pages"}],"about":[{"href":"https:\/\/blogs.ua.es\/juanjosemillas\/wp-json\/wp\/v2\/types\/page"}],"author":[{"embeddable":true,"href":"https:\/\/blogs.ua.es\/juanjosemillas\/wp-json\/wp\/v2\/users\/2863"}],"replies":[{"embeddable":true,"href":"https:\/\/blogs.ua.es\/juanjosemillas\/wp-json\/wp\/v2\/comments?post=44"}],"version-history":[{"count":5,"href":"https:\/\/blogs.ua.es\/juanjosemillas\/wp-json\/wp\/v2\/pages\/44\/revisions"}],"predecessor-version":[{"id":188,"href":"https:\/\/blogs.ua.es\/juanjosemillas\/wp-json\/wp\/v2\/pages\/44\/revisions\/188"}],"wp:attachment":[{"href":"https:\/\/blogs.ua.es\/juanjosemillas\/wp-json\/wp\/v2\/media?parent=44"}],"curies":[{"name":"wp","href":"https:\/\/api.w.org\/{rel}","templated":true}]}}