{"id":48,"date":"2013-01-25T18:04:39","date_gmt":"2013-01-25T18:04:39","guid":{"rendered":"https:\/\/blogs.ua.es\/juanjosemillas\/?page_id=48"},"modified":"2013-01-29T22:54:56","modified_gmt":"2013-01-29T22:54:56","slug":"valoracion","status":"publish","type":"page","link":"https:\/\/blogs.ua.es\/juanjosemillas\/valoracion\/","title":{"rendered":"Valoraci\u00f3n"},"content":{"rendered":"<p>Cuando alguien es tan conocido, cuando su presencia inunda los medios, cuando uno lleva toda la vida leyendo y escuchando en todas partes a \u00a0una persona, puede llegar a creer que la conoce bien. Puede saber m\u00e1s o menos a qu\u00e9 se dedica, conocer sus gustos, su personalidad, su humor, e incluso parte de su vida. Pero no conoce su obra ni su trabajo, pues a veces uno conoce a una persona por lo que lee y escucha sobre \u00e9l. Pero no lo que \u00e9l ha escrito.<\/p>\n<p>Eso mismo me ha pasado con Juan Jos\u00e9 Mill\u00e1s. Desde peque\u00f1o llevo leyendo su nombre en los peri\u00f3dicos, en las revistas, escuchando su voz en la radio&#8230; y ocasionalmente ve\u00eda su firma en el lateral de los libros que hab\u00eda en mi casa. &#8220;Un periodista que ahora tambi\u00e9n escribe&#8221; pensaba yo. Sab\u00eda que era una persona habitual de los medios, un tertuliano como otros tantos, pero que despertaba en mis padres una admiraci\u00f3n que no ocurr\u00eda con otras personas.<\/p>\n<p>Un buen d\u00eda en el colegio cay\u00f3 en mis manos &#8220;Papel Mojado&#8221; y pens\u00e9 que por fin iba a conocer qu\u00e9 tal escribe ese se\u00f1or al que tanto oigo. Cuando acab\u00e9 el libro pens\u00e9 dos cosas: La primera, que hab\u00eda tardado muy poco en leerlo, y la segunda, causa de la primera, que este no era un escritor cualquiera.<\/p>\n<p>Es curioso pues, como la carrera period\u00edstica de Mill\u00e1s, acrecentada por su habitual presencia en los medios, deja en segundo plano su carrera literaria que, al fin y al cabo, \u00a0es su gran pasi\u00f3n.<\/p>\n<p>Varios libros e infinidad de art\u00edculos suyos despu\u00e9s llegamos hasta aqu\u00ed, a este blog, que me ha brindado la oportunidad de conocer m\u00e1s si cabe a Mill\u00e1s, a poder tener una visi\u00f3n general de su carrera y analizar de un modo m\u00e1s completo su doble faceta perios\u00edstico\/literaria&#8230;y tambi\u00e9n a descubrir sus incursiones en el mundo de la poes\u00eda y el teatro.<\/p>\n<p>En definitiva, este blog me ha servido para conocer al verdadero Mill\u00e1s. A valorar su obra. Y a saber que hay algo m\u00e1s tras una voz de radio y una columna semanal, y es que siempre nos quedamos con la imagen que una persona nos da habitualmente y no reparamos en como ha llegado hasta ah\u00ed. Pero bueno, probablemente Mill\u00e1s se vea m\u00e1s como periodista que como escritor de novelas y su presencia en los medios, por la que conocemos a este gran escritor, sea por lo que quiere que lo conozcamos, al fin y al cabo y como dice en la frase que preside nuestro blog &#8220;<em>Cada uno est\u00e1 en el lugar en que se ha colocado a s\u00ed mismo&#8221;<\/em><\/p>\n<p>&nbsp;<\/p>\n<p>Alberto Hernandez Manuel de Villena.<\/p>\n<p>&nbsp;<\/p>\n<p>&nbsp;<\/p>\n<p>&nbsp;<\/p>\n<p>&nbsp;<\/p>\n<p>Es toda una suerte tener escritores como Juan Jos\u00e9 Mill\u00e1s, eso es innegable. \u00c9l es una autentica figura en el plano de la literatura, que tiene un reconocimiento internacional.<\/p>\n<p>Para mi es todo un honor tener la oportunidad de realizar un blog dedicado especialmente a \u00e9l.\u00a0<span style=\"font-size: 16px\">Siempre me he detenido a leer sus\u00a0art\u00edculos y reflexionar con ellos, porque Mill\u00e1s tiene una forma de escribir y de ver la realidad que es \u00fanica. Mill\u00e1s es capaz de ver el d\u00eda a d\u00eda y sacar detalles y conclusiones que no toda la gente es capaz de vislumbrar.<\/span><\/p>\n<p><span style=\"font-size: 16px\">Sus libros, ademas de ser caracterizados por este\u00a0fen\u00f3meno, son muy\u00a0f\u00e1ciles\u00a0de leer. Es una forma cr\u00edtica de escribir, pero utilizando en cierta medida toques de humor y de iron\u00eda.<\/span><\/p>\n<p>Con la creaci\u00f3n y desarrollo de este blog, he conseguido dos cosas. La primera, es aprender m\u00e1s sobre Mill\u00e1s como persona y como escritor, y la segunda, contribuir de alguna manera a su patrimonio, cosa que me hace sentir muy bien.<\/p>\n<p>&nbsp;<\/p>\n<p>Juli\u00e1n L\u00f3pez Corsi.<\/p>\n<p>&nbsp;<\/p>\n<p>&nbsp;<\/p>\n","protected":false},"excerpt":{"rendered":"<p>Cuando alguien es tan conocido, cuando su presencia inunda los medios, cuando uno lleva toda la vida leyendo y escuchando en todas partes a \u00a0una persona, puede llegar a creer que la conoce bien. Puede saber m\u00e1s o menos a &hellip; <a href=\"https:\/\/blogs.ua.es\/juanjosemillas\/valoracion\/\">Continue reading <span class=\"meta-nav\">&rarr;<\/span><\/a><\/p>\n","protected":false},"author":2863,"featured_media":0,"parent":0,"menu_order":5,"comment_status":"open","ping_status":"open","template":"","meta":{"footnotes":""},"class_list":["post-48","page","type-page","status-publish","hentry"],"_links":{"self":[{"href":"https:\/\/blogs.ua.es\/juanjosemillas\/wp-json\/wp\/v2\/pages\/48","targetHints":{"allow":["GET"]}}],"collection":[{"href":"https:\/\/blogs.ua.es\/juanjosemillas\/wp-json\/wp\/v2\/pages"}],"about":[{"href":"https:\/\/blogs.ua.es\/juanjosemillas\/wp-json\/wp\/v2\/types\/page"}],"author":[{"embeddable":true,"href":"https:\/\/blogs.ua.es\/juanjosemillas\/wp-json\/wp\/v2\/users\/2863"}],"replies":[{"embeddable":true,"href":"https:\/\/blogs.ua.es\/juanjosemillas\/wp-json\/wp\/v2\/comments?post=48"}],"version-history":[{"count":9,"href":"https:\/\/blogs.ua.es\/juanjosemillas\/wp-json\/wp\/v2\/pages\/48\/revisions"}],"predecessor-version":[{"id":236,"href":"https:\/\/blogs.ua.es\/juanjosemillas\/wp-json\/wp\/v2\/pages\/48\/revisions\/236"}],"wp:attachment":[{"href":"https:\/\/blogs.ua.es\/juanjosemillas\/wp-json\/wp\/v2\/media?parent=48"}],"curies":[{"name":"wp","href":"https:\/\/api.w.org\/{rel}","templated":true}]}}