{"id":7,"date":"2012-11-16T15:11:45","date_gmt":"2012-11-16T15:11:45","guid":{"rendered":"https:\/\/blogs.ua.es\/juanjosemillas\/?page_id=7"},"modified":"2013-01-27T13:04:19","modified_gmt":"2013-01-27T13:04:19","slug":"presentacion","status":"publish","type":"page","link":"https:\/\/blogs.ua.es\/juanjosemillas\/presentacion\/","title":{"rendered":"Presentaci\u00f3n"},"content":{"rendered":"<p style=\"text-align: left\"><em>&#8220;Cada uno est\u00e1 en el lugar en el que se ha colocado a s\u00ed mismo&#8221;<\/em> dice Mill\u00e1s en la cabecera de este nuestro blog, de modo que suponemos que si has entrado aqu\u00ed es porque te interesa nuestro sitio y su tem\u00e1tica.<\/p>\n<p style=\"text-align: left\">Antes de sumergirnos en las p\u00e1ginas que conforman este libro virtual, reclamamos nuestro peque\u00f1o espacio de reconocimiento como escritores para dar paso al verdadero y gran literato, y es que tras todo este entramado de libros, art\u00edculos y referencias, ante todo referencias, estamos nosotros: <strong>Alberto Hern\u00e1ndez Manuel de Villena<\/strong> y <strong>Juli\u00e1n L\u00f3pez Corsi<\/strong>, estudiantes del primer curso de los Grados de Geograf\u00eda y Humanidades respectivamente, y este sitio es un ejercicio pr\u00e1ctico dentro la asignatura <strong>Fuentes y Documentos para la Historia.<\/strong><\/p>\n<p style=\"text-align: left\">El objetivo de este blog, adem\u00e1s del puramente acad\u00e9mico, es adentrarnos en la figura del escritor y periodista <strong>Juan Jos\u00e9 Mill\u00e1s<\/strong>, un polifac\u00e9tico personaje cuya actividad profesional tan variada nos ha facilitado tener informaci\u00f3n muy diversa sobre su persona y carrera.<\/p>\n<p style=\"text-align: left\">En nuestro sitio podr\u00e1s encontrar contenidos de todo tipo: Comentarios de libros, art\u00edculos, entrevistas, espacios audiovisuales&#8230;en definitiva una recopilaci\u00f3n del trabajo de Mill\u00e1s que resume muy bien todas sus facetas y nos acerca a todos los rincones de su carrera.<\/p>\n<p style=\"text-align: left\">Tanto si te gusta Juan Jos\u00e9 Mill\u00e1s como si a\u00fan no lo conoces, est\u00e1s en el sitio indicado. Esperamos que disfrutes.<\/p>\n<p>&nbsp;<\/p>\n<p>&nbsp;<\/p>\n<p>&nbsp;<\/p>\n","protected":false},"excerpt":{"rendered":"<p>&#8220;Cada uno est\u00e1 en el lugar en el que se ha colocado a s\u00ed mismo&#8221; dice Mill\u00e1s en la cabecera de este nuestro blog, de modo que suponemos que si has entrado aqu\u00ed es porque te interesa nuestro sitio y &hellip; <a href=\"https:\/\/blogs.ua.es\/juanjosemillas\/presentacion\/\">Continue reading <span class=\"meta-nav\">&rarr;<\/span><\/a><\/p>\n","protected":false},"author":2869,"featured_media":0,"parent":0,"menu_order":0,"comment_status":"open","ping_status":"open","template":"","meta":{"footnotes":""},"class_list":["post-7","page","type-page","status-publish","hentry"],"_links":{"self":[{"href":"https:\/\/blogs.ua.es\/juanjosemillas\/wp-json\/wp\/v2\/pages\/7","targetHints":{"allow":["GET"]}}],"collection":[{"href":"https:\/\/blogs.ua.es\/juanjosemillas\/wp-json\/wp\/v2\/pages"}],"about":[{"href":"https:\/\/blogs.ua.es\/juanjosemillas\/wp-json\/wp\/v2\/types\/page"}],"author":[{"embeddable":true,"href":"https:\/\/blogs.ua.es\/juanjosemillas\/wp-json\/wp\/v2\/users\/2869"}],"replies":[{"embeddable":true,"href":"https:\/\/blogs.ua.es\/juanjosemillas\/wp-json\/wp\/v2\/comments?post=7"}],"version-history":[{"count":14,"href":"https:\/\/blogs.ua.es\/juanjosemillas\/wp-json\/wp\/v2\/pages\/7\/revisions"}],"predecessor-version":[{"id":187,"href":"https:\/\/blogs.ua.es\/juanjosemillas\/wp-json\/wp\/v2\/pages\/7\/revisions\/187"}],"wp:attachment":[{"href":"https:\/\/blogs.ua.es\/juanjosemillas\/wp-json\/wp\/v2\/media?parent=7"}],"curies":[{"name":"wp","href":"https:\/\/api.w.org\/{rel}","templated":true}]}}