{"id":33,"date":"2013-01-10T19:19:49","date_gmt":"2013-01-10T19:19:49","guid":{"rendered":"https:\/\/blogs.ua.es\/juanpastor\/?page_id=33"},"modified":"2013-01-26T05:14:12","modified_gmt":"2013-01-26T05:14:12","slug":"biografia-de-juan-pastor-millet","status":"publish","type":"page","link":"https:\/\/blogs.ua.es\/juanpastor\/biografia-de-juan-pastor-millet\/","title":{"rendered":"Introducci\u00f3n"},"content":{"rendered":"<p><a href=\"https:\/\/blogs.ua.es\/juanpastor\/files\/2013\/01\/Juan-Pastor-Millet.jpg\"><img loading=\"lazy\" decoding=\"async\" class=\"wp-image-40 alignright\" src=\"https:\/\/blogs.ua.es\/juanpastor\/files\/2013\/01\/Juan-Pastor-Millet-298x300.jpg\" alt=\"\" width=\"263\" height=\"240\" \/><\/a><strong>Juan Pastor Millet<\/strong> es un dramaturgo nacido en 1.943 en la ciudad de Alicante que se licenci\u00f3 en Arte Dram\u00e1tico y recibi\u00f3 una formaci\u00f3n junto a Willian Layton y Arnold Taraborrelli en el laboratorio del T.E.I. Ha sido profesor de interpretaci\u00f3n, promotor e impulsor del proyecto &#8220;Guindalera Escena Abierta&#8221;, director y actor en obras de teatro, en las cuales ha realizado montajes de diversas obras\u00a0y ha ejercido como actor en cine y televisi\u00f3n.<\/p>\n<p style=\"text-align: left\">Diversos teatros espa\u00f1oles han contado con \u00e9l como director, como el <em>Teatro de la Comedia, Teatro Mar\u00eda Guerrero,\u00a0El Espa\u00f1ol<\/em>\u00a0&#8230;etc. En relaci\u00f3n a su ocupaci\u00f3n como actor de cine, televisi\u00f3n y teatro ha realizado diversos trabajos junto a directores como <em>Fernando Fern\u00e1n G\u00f3mez,\u00a0Jos\u00e9 Carlos Plaza, Juan Antonio Bardem, Manuel Guti\u00e9rrez Arag\u00f3n, Adolfo Marsillach, Josefina Molina <\/em>y el mencionado<em> Willian Layton.<\/em><\/p>\n<h4 style=\"text-align: left\"><\/h4>\n<p>&nbsp;<\/p>\n<h4 style=\"text-align: left\"><strong>CRONOLOG\u00cdA DE SU TRAYECTORIA PROFESIONAL\u00a0Y OBRAS DE TEATRO DESTACADAS.<\/strong><\/h4>\n<p style=\"text-align: left\">Los inicios en su profesi\u00f3n se remontan a mediados de\u00a0los a\u00f1os sesenta, cuando tras ingresar en el grupo Alba Club 47 trabaj\u00f3 como actor aficionado; en 1.970 trabaj\u00f3 en el &#8220;Teatro Experimental Independiente de Madrid&#8221;, en el cual represent\u00f3\u00a0 obras como&#8221;La noche de los asesinos&#8221; y &#8220;Los Justos&#8221; entre otras. M\u00e1s adelante intervino en el Centro de Investigaciones Teatrales y el a\u00f1o 1.978 entr\u00f3 a formar parte del <em>Centro Dram\u00e1tico Nacional de Adolfo Marsillach<\/em> representando &#8220;El proceso de Kafka&#8221; y &#8220;Noche de guerra en el Museo del Prado&#8221;. Adem\u00e1s cabe destacar\u00a0su trabajo en\u00a0SAM\u00b4S donde fue el director de dos obras de <em>Valle-Incl\u00e1n.<\/em><\/p>\n<p style=\"text-align: left\">Mientras que sus trabajos como actor de cine, televisi\u00f3n y teatro finalizaron en\u00a01.980 y su\u00a0trabajo como profesor de Interpretaci\u00f3n\u00a0en la RESAD\u00a0de Madrid\u00a0en\u00a02.006 ( tras 19 a\u00f1os de dedicaci\u00f3n)\u00a0desde el a\u00f1o 2.003 dispone y ha asumido la direcci\u00f3n\u00a0de un Estudio y Sala de Teatro propio en Madrid Guindalera, destinado a formar\u00a0 actores y animadores teatrales, sensibilizar las j\u00f3venes audiencias y representar obras actuales; adem\u00e1s en este se realizaron estrenos como &#8220;Animales Nocturnos&#8221;\u00a0de Juan Mayorga, &#8220;El sue\u00f1o de una noche de verano&#8221; de <em>Shakespeare<\/em>, &#8220;La larga cena de Navidad&#8221; de\u00a0<em>Thornton Wilder<\/em> o\u00a0&#8220;El juego de Yalta&#8221; y &#8220;Molly Sweeny&#8221; de <em>Brian Fiel<\/em>.<\/p>\n<p style=\"text-align: left\">Las obras de teatro que ha montado son de diversos autores espa\u00f1oles y extranjeros de estilos <em>cl\u00e1sico y contempor\u00e1neo<\/em>, entre las primeras est\u00e1n <em>Calder\u00f3n de la Barca, Cervantes, Shakespeare, Ibsen, Strindberg, Brench o Moli\u00e8re <\/em>y entre las segundas<em> Jos\u00e9 Luis Alonso, Alfonso Vallejo,\u00a0Thornton Wilder<\/em> o<em> Pamel Gems<\/em>; las obras montadas m\u00e1s destacadas son &#8220;El Castillo de Lindabridis&#8221; de <em>Calder\u00f3n de la Barca<\/em>, &#8220;Don Juan&#8221; de <em>Moli\u00e8re<\/em>, &#8220;Cuento de Invierno&#8221; de <em>Shakespeare<\/em> o &#8220;Proceso por la sombra de un burro&#8221; de <em>D\u00fcrrenmatt<\/em>.<\/p>\n","protected":false},"excerpt":{"rendered":"<p>Juan Pastor Millet es un dramaturgo nacido en 1.943 en la ciudad de Alicante que se licenci\u00f3 en Arte Dram\u00e1tico y recibi\u00f3 una formaci\u00f3n junto a Willian Layton y Arnold Taraborrelli en el laboratorio del T.E.I. Ha sido profesor de interpretaci\u00f3n, promotor e impulsor del proyecto &#8220;Guindalera Escena Abierta&#8221;, director y actor en obras de [&hellip;]<\/p>\n","protected":false},"author":2956,"featured_media":0,"parent":0,"menu_order":0,"comment_status":"open","ping_status":"closed","template":"","meta":{"footnotes":""},"class_list":["post-33","page","type-page","status-publish","hentry"],"_links":{"self":[{"href":"https:\/\/blogs.ua.es\/juanpastor\/wp-json\/wp\/v2\/pages\/33","targetHints":{"allow":["GET"]}}],"collection":[{"href":"https:\/\/blogs.ua.es\/juanpastor\/wp-json\/wp\/v2\/pages"}],"about":[{"href":"https:\/\/blogs.ua.es\/juanpastor\/wp-json\/wp\/v2\/types\/page"}],"author":[{"embeddable":true,"href":"https:\/\/blogs.ua.es\/juanpastor\/wp-json\/wp\/v2\/users\/2956"}],"replies":[{"embeddable":true,"href":"https:\/\/blogs.ua.es\/juanpastor\/wp-json\/wp\/v2\/comments?post=33"}],"version-history":[{"count":24,"href":"https:\/\/blogs.ua.es\/juanpastor\/wp-json\/wp\/v2\/pages\/33\/revisions"}],"predecessor-version":[{"id":45,"href":"https:\/\/blogs.ua.es\/juanpastor\/wp-json\/wp\/v2\/pages\/33\/revisions\/45"}],"wp:attachment":[{"href":"https:\/\/blogs.ua.es\/juanpastor\/wp-json\/wp\/v2\/media?parent=33"}],"curies":[{"name":"wp","href":"https:\/\/api.w.org\/{rel}","templated":true}]}}