{"id":8,"date":"2012-12-07T09:25:33","date_gmt":"2012-12-07T09:25:33","guid":{"rendered":"https:\/\/blogs.ua.es\/juanpastor\/?page_id=8"},"modified":"2013-01-26T21:21:19","modified_gmt":"2013-01-26T21:21:19","slug":"presentacion","status":"publish","type":"page","link":"https:\/\/blogs.ua.es\/juanpastor\/presentacion\/","title":{"rendered":"Presentaci\u00f3n"},"content":{"rendered":"<p>Somos <strong>Iv\u00e1n Garc\u00eda Carbonell y Patricia Garc\u00eda Sim\u00f3n<\/strong>, dos estudiantes del Primer Grado de la carrera\u00a0<em>Grado en Historia<\/em> en la Universidad de Alicante y os damos la bienvenida al presente blog de la citada instituci\u00f3n acad\u00e9mica, en el cual\u00a0vamos a tratar al actor, director y profesor de teatro, cine y televisi\u00f3n alicantino\u00a0Juan Pastor Millet a trav\u00e9s de la presentaci\u00f3n de su biografia y 22 entradas\u00a0donde informaremos\u00a0sobre sus diversos trabajos, opiniones,\u00a0premios recibidos e informaci\u00f3n de los lugares m\u00e1s destacables donde ha trabajado o se ha prestado a colaborar.<\/p>\n<p><a href=\"https:\/\/blogs.ua.es\/juanpastor\/files\/2012\/12\/logo-ua1.png\"><img loading=\"lazy\" decoding=\"async\" class=\"aligncenter size-full wp-image-13\" src=\"https:\/\/blogs.ua.es\/juanpastor\/files\/2012\/12\/logo-ua1.png\" alt=\"logo-ua\" width=\"263\" height=\"45\" \/><\/a><\/p>\n","protected":false},"excerpt":{"rendered":"<p>Somos Iv\u00e1n Garc\u00eda Carbonell y Patricia Garc\u00eda Sim\u00f3n, dos estudiantes del Primer Grado de la carrera\u00a0Grado en Historia en la Universidad de Alicante y os damos la bienvenida al presente blog de la citada instituci\u00f3n acad\u00e9mica, en el cual\u00a0vamos a tratar al actor, director y profesor de teatro, cine y televisi\u00f3n alicantino\u00a0Juan Pastor Millet a [&hellip;]<\/p>\n","protected":false},"author":2956,"featured_media":0,"parent":0,"menu_order":0,"comment_status":"open","ping_status":"open","template":"","meta":{"footnotes":""},"class_list":["post-8","page","type-page","status-publish","hentry"],"_links":{"self":[{"href":"https:\/\/blogs.ua.es\/juanpastor\/wp-json\/wp\/v2\/pages\/8","targetHints":{"allow":["GET"]}}],"collection":[{"href":"https:\/\/blogs.ua.es\/juanpastor\/wp-json\/wp\/v2\/pages"}],"about":[{"href":"https:\/\/blogs.ua.es\/juanpastor\/wp-json\/wp\/v2\/types\/page"}],"author":[{"embeddable":true,"href":"https:\/\/blogs.ua.es\/juanpastor\/wp-json\/wp\/v2\/users\/2956"}],"replies":[{"embeddable":true,"href":"https:\/\/blogs.ua.es\/juanpastor\/wp-json\/wp\/v2\/comments?post=8"}],"version-history":[{"count":11,"href":"https:\/\/blogs.ua.es\/juanpastor\/wp-json\/wp\/v2\/pages\/8\/revisions"}],"predecessor-version":[{"id":480,"href":"https:\/\/blogs.ua.es\/juanpastor\/wp-json\/wp\/v2\/pages\/8\/revisions\/480"}],"wp:attachment":[{"href":"https:\/\/blogs.ua.es\/juanpastor\/wp-json\/wp\/v2\/media?parent=8"}],"curies":[{"name":"wp","href":"https:\/\/api.w.org\/{rel}","templated":true}]}}