{"id":109,"date":"2013-01-17T19:33:41","date_gmt":"2013-01-17T19:33:41","guid":{"rendered":"https:\/\/blogs.ua.es\/judiosmedievales\/?page_id=109"},"modified":"2013-01-18T11:47:11","modified_gmt":"2013-01-18T11:47:11","slug":"el-problema-converso","status":"publish","type":"page","link":"https:\/\/blogs.ua.es\/judiosmedievales\/la-edad-conflictiva\/el-problema-converso\/","title":{"rendered":"El problema converso"},"content":{"rendered":"<p>En el siglo XV, los <strong>jud\u00edos<\/strong> pasan a un <strong>segundo plano<\/strong>; son los <strong>conversos o cristianos nuevos<\/strong> los que ahora constituyen un <strong>problema pol\u00edtico<\/strong>, social y religioso. Menos de 5 por 100 de la poblaci\u00f3n total de Espa\u00f1a, por consiguiente una minor\u00eda, pero una minor\u00eda concentrada en <strong>n\u00facleos urbanos<\/strong> y que, por lo tanto, llamaba m\u00e1s la atenci\u00f3n. No se trata de un grupo social homog\u00e9neo. No forman los conversos una clase social; no se sienten forzosamente solidarios unos de otros. No se nota en ellos una clara tendencia a la endogamia que hubiera mantenido su identidad de grupo.<\/p>\n<p>Los <strong>mixtos matrimoniales<\/strong> parecen haber sido de uso corriente, lo cual dar\u00e1 lugar, en el siglo siguiente, a las laboriosas y terribles informaciones de limpieza de sangre, cuando se querr\u00e1 averiguar si tal o cual individuo tiene entre sus abuelos alguna mancha de este tipo.<\/p>\n<p>El converso, pese a su bautismo, no deja de ser un jud\u00edo con la circunstancia agravante de que ahora, como cristiano, tiene la facultad de ocupar en la sociedad cargos, dignidades, oficios que antes le estaban vedados por ser jud\u00edo. Los conversos son gente m\u00e1s bien educado, instruida, con un nivel cultural superior. Pues, se encuentran conversos en el clero, regular o seglar, casi siempre en puestos relevantes.<\/p>\n<p>El <strong>\u00e9xito social<\/strong> de los conversos provoca el odio de los plebeyos. Constitu\u00edan los conversos una minor\u00eda de unas doscientas cincuenta mil a trescientas mil personas repartidas por toda Espa\u00f1a pero con caracter\u00edsticas notables. El mapa geogr\u00e1fico y sociol\u00f3gico de la poblaci\u00f3n judeoconversa viene a ser como el negativo del de los jud\u00edos.<\/p>\n<p>En Castilla, la <strong>situaci\u00f3n pol\u00edtica<\/strong> es la que favorede otra vez el odio a los jud\u00edos y sobre todo a los conversos. El enfrentamiento entre nobleza y monarqu\u00eda cobra a mediados del siglo XV mayor intensidad hasta desembocar en guerra civil. Los jud\u00edos est\u00e1n convencidos de que s\u00f3lo un poder estatal fuerte puede garantizarles la seguridad y se ponen al lado de \u00c1lvaro de Luna. Por lo contrario, los nobles inquietos ante una pol\u00edtica que tienda a reforzar el poder real, se muestran decididamente antijud\u00edos y anticonversos.<\/p>\n","protected":false},"excerpt":{"rendered":"<p>En el siglo XV, los jud\u00edos pasan a un segundo plano; son los conversos o cristianos nuevos los que ahora constituyen un problema pol\u00edtico, social y religioso. Menos de 5 por 100 de la poblaci\u00f3n total de Espa\u00f1a, por consiguiente &hellip; <a href=\"https:\/\/blogs.ua.es\/judiosmedievales\/la-edad-conflictiva\/el-problema-converso\/\">Continue reading <span class=\"meta-nav\">&rarr;<\/span><\/a><\/p>\n","protected":false},"author":2728,"featured_media":0,"parent":30,"menu_order":3,"comment_status":"open","ping_status":"closed","template":"","meta":{"footnotes":""},"class_list":["post-109","page","type-page","status-publish","hentry"],"_links":{"self":[{"href":"https:\/\/blogs.ua.es\/judiosmedievales\/wp-json\/wp\/v2\/pages\/109","targetHints":{"allow":["GET"]}}],"collection":[{"href":"https:\/\/blogs.ua.es\/judiosmedievales\/wp-json\/wp\/v2\/pages"}],"about":[{"href":"https:\/\/blogs.ua.es\/judiosmedievales\/wp-json\/wp\/v2\/types\/page"}],"author":[{"embeddable":true,"href":"https:\/\/blogs.ua.es\/judiosmedievales\/wp-json\/wp\/v2\/users\/2728"}],"replies":[{"embeddable":true,"href":"https:\/\/blogs.ua.es\/judiosmedievales\/wp-json\/wp\/v2\/comments?post=109"}],"version-history":[{"count":5,"href":"https:\/\/blogs.ua.es\/judiosmedievales\/wp-json\/wp\/v2\/pages\/109\/revisions"}],"predecessor-version":[{"id":130,"href":"https:\/\/blogs.ua.es\/judiosmedievales\/wp-json\/wp\/v2\/pages\/109\/revisions\/130"}],"up":[{"embeddable":true,"href":"https:\/\/blogs.ua.es\/judiosmedievales\/wp-json\/wp\/v2\/pages\/30"}],"wp:attachment":[{"href":"https:\/\/blogs.ua.es\/judiosmedievales\/wp-json\/wp\/v2\/media?parent=109"}],"curies":[{"name":"wp","href":"https:\/\/api.w.org\/{rel}","templated":true}]}}