{"id":30,"date":"2013-01-10T12:54:24","date_gmt":"2013-01-10T12:54:24","guid":{"rendered":"https:\/\/blogs.ua.es\/judiosmedievales\/?page_id=30"},"modified":"2013-01-18T03:58:32","modified_gmt":"2013-01-18T03:58:32","slug":"la-edad-conflictiva","status":"publish","type":"page","link":"https:\/\/blogs.ua.es\/judiosmedievales\/la-edad-conflictiva\/","title":{"rendered":"La Edad conflictiva"},"content":{"rendered":"<p>La originalidad del odio de los jud\u00edos se trata:<\/p>\n<p>1)Los trastornos de tipo econ\u00f3mico, social y pol\u00edtico que caracterizan los dos \u00faltimos siglos de la Edad Media y que empiezan con grandes mortandades<\/p>\n<p>2)La epidemias que asolan toda Europa y que culminan en 1348 con la <strong>peste negra<\/strong>.<\/p>\n<p>Lo que, con mucha exageraci\u00f3n, se ha llamado a veces la <strong>edad de oro<\/strong> entre mediados del siglo XII y mediados del siglo XIV. M\u00e1s exactamente todav\u00eda, coincede con los reinados de Fernando III ( 1229 \u2013 1284) y Alfonso X ( 1252 \u2013 1284), en Castilla, y, en la Corona de Arag\u00f3n, con los reinados de Jaime I ( 1213 \u2013 1276) y Pedro III ( 1276 \u2013 1285 ), es decir, con una fase de extraordinaria expansi\u00f3n territorial, demogr\u00e1fica y cultural. Todos los grupos sociales se beneficiaron de aquella prosperidad, los jud\u00edos lo mismo que los otros s\u00fabditos de los monarcas; los mismos jud\u00edos contribuyeron eficaz y poderosamente a los desarrollos que se produjeron entonces en todos los sectores.<\/p>\n<p>Fue la crisis, la peste negra la que, en el siglo XIV, agudiz\u00f3 las tensiones e inaugur\u00f3 la edad conflictiva.Las p\u00e9rdidas demogr\u00e1ficas fueron inmensas; los muertos se contaron por centenares de millares; toda una estructura econ\u00f3mica se vino abajo a ra\u00edz de aquella cat\u00e1strofe; desaparecieron parte de las antiguas jerarqu\u00edas; unos grupos se aprovecharon de la situaci\u00f3n para pasar a ocupar los primeros puestos; la vida pol\u00edtica tambi\u00e9n conoci\u00f3 las consecuencias del tremendo desbarajuste experimentado.<\/p>\n<p>En toda Europa, se desarroll\u00f3 en el siglo XIV una propaganda agresiva contra los jud\u00edos cuyas consecuencias fueron casi siempre dram\u00e1ticas: sermones que exaltaban y enfurec\u00edan al populacho, asaltos a juder\u00edas, matanzas de jud\u00edos acusados de ser los causantes y los beneficiarios de la crisis.<\/p>\n<p>Peste negra alcanz\u00f3 su m\u00e1s alto nivel en 1348 y desencaden\u00f3 una serie de rumores irracionales sobre la responsabilidad de los jud\u00edos en la propagaci\u00f3n de la mortandad. El rumor m\u00e1s difundido tal vez era que la peste se propagaba por medio del agua sacada de los pozos, unos pozos previa y deliberadamente emponzo\u00f1ados por jud\u00edos. Se rumorea que son los jud\u00edos los que, al echar ponzo\u00f1a en los pozos, son los responsables de las epidemias. Tales rumores fueron acompa\u00f1adas por una dram\u00e1tica crisis de subsistencias y una enorme alza de precios. Esta situaci\u00f3n provocaba a su vez tensiones sociales entre pobles y ricos, se\u00f1ores y vasallos, contribuyentes y hacienda real.<\/p>\n<p>Los jud\u00edos sufren los efectos de la crisis tanto como los cristianos, pero las dificultades econ\u00f3omicas aumentan la conflictividad y la inseguridad. Lo mismo cabe decir de la inestabilidad pol\u00edtica; los jud\u00edos lo sab\u00edan muy bien: &lt;&lt;Nuestras vidas y bienestar dependen de la prosperidad del Estado bajo cuyo bobierno vivimos&gt;&gt;.<\/p>\n<p>El odio a los jud\u00edos, considerados como causantes y responsables de todas las desgracias, se extiende a toda Europa. En la Pen\u00ednsula Ib\u00e9rica, hay que distinguir tres zonas, correspondientes a las distintas entidades pol\u00edticas: Navarra, Corona de Arag\u00f3n y Castilla.<\/p>\n<p>En Castilla, un tema nutre el odio de las masas: el papel atribuido a los jud\u00edos en el manejo del dinero.<\/p>\n<p>La crisis social desemboca en conflicto pol\u00edtico, en una <strong>guerra civil<\/strong> entre el rey Pedro I y <strong>Enrique de Trastamara<\/strong>. La victoria de \u00e9ste \u00faltimo supuso un golpe dur\u00edsimo para el juda\u00edsmo castellano.<\/p>\n<p>El odio a los jud\u00edos hab\u00eda cambiado de signo; ya no era la simple aversi\u00f3n para una secta que no admit\u00eda que Jes\u00fas era el Mes\u00edas anunciado. Los factores religiosos hab\u00edan empezado a emplearse como arma ideol\u00f3gica en los conflictos sociales y pol\u00edticos. Desde entonces, los jud\u00edos eran designados como responsables de todas las desgracias que ca\u00edan sobre el pueblo y se hab\u00eda comprobado c\u00f3mo el tema jud\u00edo pod\u00eda ser un instrumento eficaz en manos de pol\u00edticos mal intencionados.<\/p>\n","protected":false},"excerpt":{"rendered":"<p>La originalidad del odio de los jud\u00edos se trata: 1)Los trastornos de tipo econ\u00f3mico, social y pol\u00edtico que caracterizan los dos \u00faltimos siglos de la Edad Media y que empiezan con grandes mortandades 2)La epidemias que asolan toda Europa y &hellip; <a href=\"https:\/\/blogs.ua.es\/judiosmedievales\/la-edad-conflictiva\/\">Continue reading <span class=\"meta-nav\">&rarr;<\/span><\/a><\/p>\n","protected":false},"author":2728,"featured_media":0,"parent":0,"menu_order":4,"comment_status":"open","ping_status":"closed","template":"","meta":{"footnotes":""},"class_list":["post-30","page","type-page","status-publish","hentry"],"_links":{"self":[{"href":"https:\/\/blogs.ua.es\/judiosmedievales\/wp-json\/wp\/v2\/pages\/30","targetHints":{"allow":["GET"]}}],"collection":[{"href":"https:\/\/blogs.ua.es\/judiosmedievales\/wp-json\/wp\/v2\/pages"}],"about":[{"href":"https:\/\/blogs.ua.es\/judiosmedievales\/wp-json\/wp\/v2\/types\/page"}],"author":[{"embeddable":true,"href":"https:\/\/blogs.ua.es\/judiosmedievales\/wp-json\/wp\/v2\/users\/2728"}],"replies":[{"embeddable":true,"href":"https:\/\/blogs.ua.es\/judiosmedievales\/wp-json\/wp\/v2\/comments?post=30"}],"version-history":[{"count":7,"href":"https:\/\/blogs.ua.es\/judiosmedievales\/wp-json\/wp\/v2\/pages\/30\/revisions"}],"predecessor-version":[{"id":104,"href":"https:\/\/blogs.ua.es\/judiosmedievales\/wp-json\/wp\/v2\/pages\/30\/revisions\/104"}],"wp:attachment":[{"href":"https:\/\/blogs.ua.es\/judiosmedievales\/wp-json\/wp\/v2\/media?parent=30"}],"curies":[{"name":"wp","href":"https:\/\/api.w.org\/{rel}","templated":true}]}}