{"id":169,"date":"2012-01-08T17:34:03","date_gmt":"2012-01-08T17:34:03","guid":{"rendered":"https:\/\/blogs.ua.es\/juegosrolhistoria\/?page_id=169"},"modified":"2012-01-08T22:22:25","modified_gmt":"2012-01-08T22:22:25","slug":"tiendas-recomendadas","status":"publish","type":"page","link":"https:\/\/blogs.ua.es\/juegosrolhistoria\/tiendas-recomendadas\/","title":{"rendered":"Tiendas recomendadas."},"content":{"rendered":"<p><span style=\"font-family: Times New Roman\">Aqu\u00ed os dejamos un listado de tiendas donde podr\u00e9is encontrar informaci\u00f3n y la mayor\u00eda de los juegos de los que os hemos hablado, si quer\u00e9is saber de alguna tienda en alguna provincia, pod\u00e9is preguntarnos.<\/span><\/p>\n<p><span style=\"font-family: Times New Roman\">En alicante estan:<\/span><\/p>\n<p><span style=\"font-family: Times New Roman\">Ateneo en la calle Serrano, N\u00ba10, su tel\u00e9fono es 965 923 040. <\/span><\/p>\n<p><span style=\"font-family: Times New Roman\">Comix City en la calle: M\u00e9dico Pascual P\u00e9rez N\u00ba36.<\/span><\/p>\n<p><span style=\"font-family: Times New Roman\">Tambi\u00e9n en el Fnac hay una parte donde pod\u00e9is encontrar juegos de rol.<\/span><\/p>\n<p>Adem\u00e1s hay una tienda on-line que pod\u00e9is consultar en: www.latiendecita.com<\/p>\n<p>&nbsp;<\/p>\n","protected":false},"excerpt":{"rendered":"<p>Aqu\u00ed os dejamos un listado de tiendas donde podr\u00e9is encontrar informaci\u00f3n y la mayor\u00eda de los juegos de los que os hemos hablado, si quer\u00e9is saber de alguna tienda en alguna provincia, pod\u00e9is preguntarnos. En alicante estan: Ateneo en la &hellip; <a href=\"https:\/\/blogs.ua.es\/juegosrolhistoria\/tiendas-recomendadas\/\">Continue reading <span class=\"meta-nav\">&rarr;<\/span><\/a><\/p>\n","protected":false},"author":2458,"featured_media":0,"parent":0,"menu_order":5,"comment_status":"open","ping_status":"open","template":"","meta":{"footnotes":""},"class_list":["post-169","page","type-page","status-publish","hentry"],"_links":{"self":[{"href":"https:\/\/blogs.ua.es\/juegosrolhistoria\/wp-json\/wp\/v2\/pages\/169","targetHints":{"allow":["GET"]}}],"collection":[{"href":"https:\/\/blogs.ua.es\/juegosrolhistoria\/wp-json\/wp\/v2\/pages"}],"about":[{"href":"https:\/\/blogs.ua.es\/juegosrolhistoria\/wp-json\/wp\/v2\/types\/page"}],"author":[{"embeddable":true,"href":"https:\/\/blogs.ua.es\/juegosrolhistoria\/wp-json\/wp\/v2\/users\/2458"}],"replies":[{"embeddable":true,"href":"https:\/\/blogs.ua.es\/juegosrolhistoria\/wp-json\/wp\/v2\/comments?post=169"}],"version-history":[{"count":4,"href":"https:\/\/blogs.ua.es\/juegosrolhistoria\/wp-json\/wp\/v2\/pages\/169\/revisions"}],"predecessor-version":[{"id":172,"href":"https:\/\/blogs.ua.es\/juegosrolhistoria\/wp-json\/wp\/v2\/pages\/169\/revisions\/172"}],"wp:attachment":[{"href":"https:\/\/blogs.ua.es\/juegosrolhistoria\/wp-json\/wp\/v2\/media?parent=169"}],"curies":[{"name":"wp","href":"https:\/\/api.w.org\/{rel}","templated":true}]}}