{"id":59,"date":"2011-12-27T15:46:59","date_gmt":"2011-12-27T15:46:59","guid":{"rendered":"https:\/\/blogs.ua.es\/juegosrolhistoria\/?page_id=59"},"modified":"2011-12-27T20:10:19","modified_gmt":"2011-12-27T20:10:19","slug":"descripcion-del-tema","status":"publish","type":"page","link":"https:\/\/blogs.ua.es\/juegosrolhistoria\/descripcion-del-tema\/","title":{"rendered":"Descripcion del tema."},"content":{"rendered":"<p style=\"text-align: justify\">Bueno nuestro tema son los juegos de rol sobre la historia. Estos juegos son muy populares en gentes de todas las edades, y adem\u00e1s actualmente estos juegos se han extendido a diferentes formatos, ya no solo est\u00e1 el cl\u00e1sico juego de mesa, sino tambi\u00e9n algunos videojuegos se han unido a este g\u00e9nero, algunos de ellos permiten jugar on-line lo que aumenta enormemente las\u00a0posibilidades\u00a0de este genero\u00a0, estos juegos permiten convertirse en grandes personajes, como Julio Cesar, pero no todos los juegos son &#8220;serios&#8221;, algunos est\u00e1n pensados para parodiarlos, en definitiva los hay para todos los gustos.<\/p>\n<p style=\"text-align: justify\">Aunque este g\u00e9nero surgi\u00f3 en los a\u00f1os 60, del siglo pasado, se han mantenido en el tiempo y han evolucionado, lo que demuestra su gran \u00e9xito, tal vez los juegos de rol m\u00e1s conocidos (aunque no se ci\u00f1an a la historia, y por tanto se alejan de la tem\u00e1tica del blog) son Magic y Dungeons &amp; Dragons ( primer juego de rol que se comercializ\u00f3).<\/p>\n<p style=\"text-align: justify\">A lo largo de este blog hablaremos, explicaremos y criticaremos varios juegos de rol, que abarcan gran variedad de los g\u00e9neros del\u00a0rol, con la esperanza de darlos a conocer y fomentar su uso.<\/p>\n<p style=\"text-align: justify\">Deseamos que os guste y os sirva de ayuda.<\/p>\n","protected":false},"excerpt":{"rendered":"<p>Bueno nuestro tema son los juegos de rol sobre la historia. Estos juegos son muy populares en gentes de todas las edades, y adem\u00e1s actualmente estos juegos se han extendido a diferentes formatos, ya no solo est\u00e1 el cl\u00e1sico juego &hellip; <a href=\"https:\/\/blogs.ua.es\/juegosrolhistoria\/descripcion-del-tema\/\">Continue reading <span class=\"meta-nav\">&rarr;<\/span><\/a><\/p>\n","protected":false},"author":2458,"featured_media":0,"parent":0,"menu_order":3,"comment_status":"open","ping_status":"open","template":"","meta":{"footnotes":""},"class_list":["post-59","page","type-page","status-publish","hentry"],"_links":{"self":[{"href":"https:\/\/blogs.ua.es\/juegosrolhistoria\/wp-json\/wp\/v2\/pages\/59","targetHints":{"allow":["GET"]}}],"collection":[{"href":"https:\/\/blogs.ua.es\/juegosrolhistoria\/wp-json\/wp\/v2\/pages"}],"about":[{"href":"https:\/\/blogs.ua.es\/juegosrolhistoria\/wp-json\/wp\/v2\/types\/page"}],"author":[{"embeddable":true,"href":"https:\/\/blogs.ua.es\/juegosrolhistoria\/wp-json\/wp\/v2\/users\/2458"}],"replies":[{"embeddable":true,"href":"https:\/\/blogs.ua.es\/juegosrolhistoria\/wp-json\/wp\/v2\/comments?post=59"}],"version-history":[{"count":3,"href":"https:\/\/blogs.ua.es\/juegosrolhistoria\/wp-json\/wp\/v2\/pages\/59\/revisions"}],"predecessor-version":[{"id":61,"href":"https:\/\/blogs.ua.es\/juegosrolhistoria\/wp-json\/wp\/v2\/pages\/59\/revisions\/61"}],"wp:attachment":[{"href":"https:\/\/blogs.ua.es\/juegosrolhistoria\/wp-json\/wp\/v2\/media?parent=59"}],"curies":[{"name":"wp","href":"https:\/\/api.w.org\/{rel}","templated":true}]}}