{"id":209,"date":"2009-11-02T19:01:03","date_gmt":"2009-11-02T18:01:03","guid":{"rendered":"https:\/\/blogs.ua.es\/kant\/?page_id=209"},"modified":"2009-11-02T19:01:03","modified_gmt":"2009-11-02T18:01:03","slug":"la-rentree","status":"publish","type":"page","link":"https:\/\/blogs.ua.es\/kant\/la-rentree\/","title":{"rendered":"La rentr\u00e9e"},"content":{"rendered":"<p style=\"text-align: justify\"><img loading=\"lazy\" decoding=\"async\" class=\"alignright size-medium wp-image-164\" src=\"https:\/\/blogs.ua.es\/kant\/files\/2009\/08\/af-300x206.jpg\" alt=\"af\" width=\"300\" height=\"206\" srcset=\"https:\/\/blogs.ua.es\/kant\/files\/2009\/08\/af-300x206.jpg 300w, https:\/\/blogs.ua.es\/kant\/files\/2009\/08\/af.jpg 500w\" sizes=\"auto, (max-width: 300px) 100vw, 300px\" \/>Habiendo superado con \u00e9xito los objetivos marcados y explicitados en el punto\u00a01 del manifiesto es hora de una reestructuraci\u00f3n de prioridades. Puesto que dicha reestructuraci\u00f3n supondr\u00e1 cambios a la hora de la tem\u00e1tica es necesaria esta entrada para servir como nueva presentaci\u00f3n, como una rentr\u00e9e (sab\u00e9is que me encantan este tipo de palabras). Si quisiera ser breve dir\u00eda que, como blog de pensamiento, estar\u00e1 abierto a cualquier tipo de art\u00edculo pero para ofrecer una orientaci\u00f3n m\u00e1s clara dir\u00e9:<\/p>\n<p style=\"text-align: justify\">-se contar\u00e1 con colaboraciones en busca de enfoques huyendo un poco del monocolor, monopini\u00f3n, monotema\u2026 no soporto los monos, sin pelo.<\/p>\n<p style=\"text-align: justify\">-la variedad tem\u00e1tica ser\u00e1 eso, variada. Se escribir\u00e1 y leer\u00e1 de Filosof\u00eda, Historia, Actualidad, Pol\u00edtica, M\u00fasica, Cine o cualquier tema que nos pueda parecer interesante.<\/p>\n<p style=\"text-align: justify\">-se premiar\u00e1n los comentarios externos que propongan una tem\u00e1tica u otra.<\/p>\n<p style=\"text-align: justify\">&#8211; el premio a conceder ser\u00e1 de valor incalculable y personalizado. Desde nuestro absoluto agradecimiento hasta el engordamiento del ego del que haya conseguido manejar la tem\u00e1tica del Blog.<\/p>\n<p style=\"text-align: justify\">-en honor a aquel al que robamos el nombre sin pagar derechos de imagen ni \u201croyalties\u201d tendremos como lema una frase a \u00e9l atribuida. Sapere aude, Atr\u00e9vete a pensar.<\/p>\n<p style=\"text-align: justify\">Saludos de nuevo<\/p>\n<p style=\"text-align: justify\">pau<\/p>\n","protected":false},"excerpt":{"rendered":"<p>Habiendo superado con \u00e9xito los objetivos marcados y explicitados en el punto\u00a01 del manifiesto es hora de una reestructuraci\u00f3n de prioridades. Puesto que dicha reestructuraci\u00f3n supondr\u00e1 cambios a la hora de la tem\u00e1tica es necesaria esta entrada para servir como nueva presentaci\u00f3n, como una rentr\u00e9e (sab\u00e9is que me encantan este tipo de palabras). Si quisiera [&hellip;]<\/p>\n","protected":false},"author":1142,"featured_media":0,"parent":0,"menu_order":0,"comment_status":"open","ping_status":"open","template":"","meta":{"footnotes":""},"class_list":["post-209","page","type-page","status-publish","hentry"],"_links":{"self":[{"href":"https:\/\/blogs.ua.es\/kant\/wp-json\/wp\/v2\/pages\/209","targetHints":{"allow":["GET"]}}],"collection":[{"href":"https:\/\/blogs.ua.es\/kant\/wp-json\/wp\/v2\/pages"}],"about":[{"href":"https:\/\/blogs.ua.es\/kant\/wp-json\/wp\/v2\/types\/page"}],"author":[{"embeddable":true,"href":"https:\/\/blogs.ua.es\/kant\/wp-json\/wp\/v2\/users\/1142"}],"replies":[{"embeddable":true,"href":"https:\/\/blogs.ua.es\/kant\/wp-json\/wp\/v2\/comments?post=209"}],"version-history":[{"count":2,"href":"https:\/\/blogs.ua.es\/kant\/wp-json\/wp\/v2\/pages\/209\/revisions"}],"predecessor-version":[{"id":211,"href":"https:\/\/blogs.ua.es\/kant\/wp-json\/wp\/v2\/pages\/209\/revisions\/211"}],"wp:attachment":[{"href":"https:\/\/blogs.ua.es\/kant\/wp-json\/wp\/v2\/media?parent=209"}],"curies":[{"name":"wp","href":"https:\/\/api.w.org\/{rel}","templated":true}]}}