{"id":7,"date":"2009-02-05T15:05:44","date_gmt":"2009-02-05T14:05:44","guid":{"rendered":"https:\/\/blogs.ua.es\/kant\/?page_id=7"},"modified":"2009-02-12T15:04:04","modified_gmt":"2009-02-12T14:04:04","slug":"resena","status":"publish","type":"page","link":"https:\/\/blogs.ua.es\/kant\/resena\/","title":{"rendered":"Vida"},"content":{"rendered":"<figure id=\"attachment_26\" aria-describedby=\"caption-attachment-26\" style=\"width: 187px\" class=\"wp-caption alignright\"><a href=\"https:\/\/blogs.ua.es\/kant\/files\/2009\/02\/kant17981.jpg\"><img loading=\"lazy\" decoding=\"async\" class=\"size-medium wp-image-26\" src=\"https:\/\/blogs.ua.es\/kant\/files\/2009\/02\/kant17981-173x300.jpg\" alt=\"Figura de Kant\" width=\"187\" height=\"325\" \/><\/a><figcaption id=\"caption-attachment-26\" class=\"wp-caption-text\">Figura de Kant<\/figcaption><\/figure>\n<p><strong>Immanuel Kant<\/strong> nacido como Emmanuel en K\u00f6nigsberg (actual\u00a0Kaliningado,\u00a0Rusia)\u00a0en el reino de Prusia el 22 de Abril de 1724\u00a0falleci\u00f3, como quien cierra un c\u00edrculo, en el mismo lugar\u00a0el 12 de febrero de 1804. M\u00e1s punto que c\u00edrculo fue su vida pues apenas se movi\u00f3 de su lugar de residencia a lo largo de toda ella. Como la de todos, su\u00a0figura ser\u00eda incomprensible sin atender a sus circunstancias.<\/p>\n<p>Fue educado dentro de la tradici\u00f3n pietista de una familia de costumbres estrictas. Estudiante met\u00f3dico, obsesi\u00f3n que abarc\u00f3 a su plano personal, ingres\u00f3 en la Universidad de Kaliningrado a los 16 a\u00f1os, donde estudi\u00f3 meritoriamente alcanzando un puesto como profesor de Metaf\u00edsica en 1755, imparti\u00e9ndola incluso despu\u00e9s de haberla criticado. Sus estudios abarcaron tambi\u00e9n entre otros la astronom\u00eda, la l\u00f3gica, la matem\u00e1tica&#8230; A sus 46 a\u00f1os en busca de una obra definitiva que certificase su ya reputada carrera se encerr\u00f3 abstray\u00e9ndose de cualquier actividad social hasta que en 1781 publicara su obra m\u00e1s importante, <em>Cr\u00edtica de la raz\u00f3n pura.<\/em><\/p>\n<p>A pesar de los \u00e9xitos y reconocimientos obtenidos por sus anteriores publicaciones y de que sea esta su obra m\u00e1s fundamental y citada, en el momento de su publicaci\u00f3n no goz\u00f3 de buenas cr\u00edticas atac\u00e1ndo especialmente su estilo ensay\u00edstico, demasido pesado lo cual se acentuaba al tratarse de una publicaci\u00f3n de unas 800 p\u00e1ginas. La fama alcanz\u00f3 a esta obra cuando el fil\u00f3sofo y escritor Reinhold aludi\u00f3 a ella como referente moral que pudiese servir para solucionar el litigio entre el tambi\u00e9n fil\u00f3sofo Jacobi y el poeta Lessing acerca del Pante\u00edsmo.<\/p>\n<p>M\u00e1s encaminada a la Moral, su segunda gran obra de renombre,\u00a0<em>Cr\u00edtica de la raz\u00f3n pr\u00e1ctica,<\/em> fue publicada en 1787. Su \u00faltima intervenci\u00f3n filos\u00f3fica fue para criticar esta vez la raz\u00f3n de uno de sus discipulos, Fichte, quien hab\u00eda reorientado la filsof\u00eda kantiana hacia una refundaci\u00f3n como idealismo alem\u00e1n.<\/p>\n<p>Se dice que a su muerte en Febrero de 1804 exhal\u00f3 una \u00faltima palabra: <em>Genug, <\/em>suficiente.<\/p>\n","protected":false},"excerpt":{"rendered":"<p>Immanuel Kant nacido como Emmanuel en K\u00f6nigsberg (actual\u00a0Kaliningado,\u00a0Rusia)\u00a0en el reino de Prusia el 22 de Abril de 1724\u00a0falleci\u00f3, como quien cierra un c\u00edrculo, en el mismo lugar\u00a0el 12 de febrero de 1804. M\u00e1s punto que c\u00edrculo fue su vida pues apenas se movi\u00f3 de su lugar de residencia a lo largo de toda ella. Como [&hellip;]<\/p>\n","protected":false},"author":1142,"featured_media":0,"parent":0,"menu_order":0,"comment_status":"open","ping_status":"open","template":"","meta":{"footnotes":""},"class_list":["post-7","page","type-page","status-publish","hentry"],"_links":{"self":[{"href":"https:\/\/blogs.ua.es\/kant\/wp-json\/wp\/v2\/pages\/7","targetHints":{"allow":["GET"]}}],"collection":[{"href":"https:\/\/blogs.ua.es\/kant\/wp-json\/wp\/v2\/pages"}],"about":[{"href":"https:\/\/blogs.ua.es\/kant\/wp-json\/wp\/v2\/types\/page"}],"author":[{"embeddable":true,"href":"https:\/\/blogs.ua.es\/kant\/wp-json\/wp\/v2\/users\/1142"}],"replies":[{"embeddable":true,"href":"https:\/\/blogs.ua.es\/kant\/wp-json\/wp\/v2\/comments?post=7"}],"version-history":[{"count":12,"href":"https:\/\/blogs.ua.es\/kant\/wp-json\/wp\/v2\/pages\/7\/revisions"}],"predecessor-version":[{"id":27,"href":"https:\/\/blogs.ua.es\/kant\/wp-json\/wp\/v2\/pages\/7\/revisions\/27"}],"wp:attachment":[{"href":"https:\/\/blogs.ua.es\/kant\/wp-json\/wp\/v2\/media?parent=7"}],"curies":[{"name":"wp","href":"https:\/\/api.w.org\/{rel}","templated":true}]}}