{"id":16,"date":"2017-10-24T11:19:04","date_gmt":"2017-10-24T11:19:04","guid":{"rendered":"https:\/\/blogs.ua.es\/laconstrucciondel23f\/?page_id=16"},"modified":"2017-12-05T17:23:26","modified_gmt":"2017-12-05T17:23:26","slug":"metodologia-empleada","status":"publish","type":"page","link":"https:\/\/blogs.ua.es\/laconstrucciondel23f\/metodologia-empleada\/","title":{"rendered":"Metodolog\u00eda."},"content":{"rendered":"<p>La metodolog\u00eda empleada abarca una serie de pasos que van desde la elecci\u00f3n de la notica hasta la final realizaci\u00f3n del blog. Comenzando con la noticia, la decisi\u00f3n de elegir el golpe de Estado, m\u00e1s conocido simplemente como <em>el 23 F<\/em>, como noticia a analizar radica no s\u00f3lo en la importancia en s\u00ed que entra\u00f1a para un pa\u00eds un golpe de Estado, sino en la situaci\u00f3n ideol\u00f3gica de la poblaci\u00f3n espa\u00f1ola durante los primeros a\u00f1os de la transici\u00f3n. Instaurado un sistema democr\u00e1tico al estilo de los pa\u00edses europeos, y con la dictadura del general Franco todav\u00eda fresca en la memoria, exist\u00eda una clara divisi\u00f3n, pues mientras muchos sectores de la sociedad apoyaban la entrada del pa\u00eds en la democracia, otros, sobre todo en las esferas de poder tanto pol\u00edtico como militar, ve\u00edan sus intereses mejor defendidos por el r\u00e9gimen anterior, no viendo con buenos ojos el nuevo sistema.<\/p>\n<p>Es por ello que los medios gozan de gran importancia, pues la mencionada entrada de la democracia traer\u00e1 consigo la aparici\u00f3n de una nueva libertad de prensa, que si bien todav\u00eda estuvo controlada por la censura, poco a poco vio la aparici\u00f3n de medios de muy diversa ideolog\u00eda, tanto de las llamadas izquierda y derecha, como de medios liberales y centralistas. Y es precisamente esa libertad la que permitir\u00e1 a esos medios contar la noticia de forma af\u00edn a su ideolog\u00eda.<\/p>\n<p>Una vez elegida la noticia, el siguiente paso fue seleccionar una serie de peri\u00f3dicos que sirvan para reflejar el objetivo. Para esa selecci\u00f3n hemos usado las portadas de los peri\u00f3dicos m\u00e1s conocidos e influyentes en Espa\u00f1a, siendo adem\u00e1s los que cuentan con el mayor n\u00famero de lectores, adem\u00e1s de un peri\u00f3dico italianao, <em>La Stampa<\/em>. Buscando informaci\u00f3n, tanto en las bases de datos que ofrecen de forma p\u00fablica los mismos peri\u00f3dicos como de fuentes digitales alternativas, analizamos y dejamos registro tanto de la forma de redacci\u00f3n de la noticia como de su historia y maquetaci\u00f3n. Hemos consultado la Hemeroteca Digital Hisp\u00e1nica, Hemeroteca Digital de Prensa Hist\u00f3rica, junto a diversos medios adisposici\u00f3n de la Universidad de Alicante.<\/p>\n<p>Analizados los datos anteriores, se sigui\u00f3 con la realizaci\u00f3n del blog y la consiguiente finalizaci\u00f3n del trabajo, escogiendo un dise\u00f1o f\u00e1cil e intuitivo, que ofreciese un espacio amplio y claro sin abusar, ni de excesiva ornamentaci\u00f3n, ni de extremada sobriedad. Cabe se\u00f1alar la dificultad de obtener cierta informaci\u00f3n, sobre todo en lo que a los datos m\u00e1s concretos se refiere, pues no toda es ofrecida por cada peri\u00f3dico ni resulta f\u00e1cilmente accesible.<\/p>\n<p><a href=\"https:\/\/blogs.ua.es\/laconstrucciondel23f\/2017\/12\/04\/bibliografia\/\" target=\"_blank\" rel=\"noopener\">Bibliografia<\/a><\/p>\n","protected":false},"excerpt":{"rendered":"<p>La metodolog\u00eda empleada abarca una serie de pasos que van desde la elecci\u00f3n de la notica hasta la final realizaci\u00f3n del blog. Comenzando con la noticia, la decisi\u00f3n de elegir el golpe de Estado, m\u00e1s conocido simplemente como el 23 F, como noticia a analizar radica no s\u00f3lo en la importancia en s\u00ed que entra\u00f1a [&hellip;]<\/p>\n","protected":false},"author":2548,"featured_media":0,"parent":0,"menu_order":2,"comment_status":"closed","ping_status":"closed","template":"","meta":{"footnotes":""},"class_list":["post-16","page","type-page","status-publish","hentry"],"_links":{"self":[{"href":"https:\/\/blogs.ua.es\/laconstrucciondel23f\/wp-json\/wp\/v2\/pages\/16","targetHints":{"allow":["GET"]}}],"collection":[{"href":"https:\/\/blogs.ua.es\/laconstrucciondel23f\/wp-json\/wp\/v2\/pages"}],"about":[{"href":"https:\/\/blogs.ua.es\/laconstrucciondel23f\/wp-json\/wp\/v2\/types\/page"}],"author":[{"embeddable":true,"href":"https:\/\/blogs.ua.es\/laconstrucciondel23f\/wp-json\/wp\/v2\/users\/2548"}],"replies":[{"embeddable":true,"href":"https:\/\/blogs.ua.es\/laconstrucciondel23f\/wp-json\/wp\/v2\/comments?post=16"}],"version-history":[{"count":10,"href":"https:\/\/blogs.ua.es\/laconstrucciondel23f\/wp-json\/wp\/v2\/pages\/16\/revisions"}],"predecessor-version":[{"id":88,"href":"https:\/\/blogs.ua.es\/laconstrucciondel23f\/wp-json\/wp\/v2\/pages\/16\/revisions\/88"}],"wp:attachment":[{"href":"https:\/\/blogs.ua.es\/laconstrucciondel23f\/wp-json\/wp\/v2\/media?parent=16"}],"curies":[{"name":"wp","href":"https:\/\/api.w.org\/{rel}","templated":true}]}}