{"id":18,"date":"2017-12-04T11:20:32","date_gmt":"2017-12-04T11:20:32","guid":{"rendered":"https:\/\/blogs.ua.es\/laconstrucciondel23f\/?page_id=18"},"modified":"2017-12-05T17:46:07","modified_gmt":"2017-12-05T17:46:07","slug":"personalidad-del-periodico","status":"publish","type":"page","link":"https:\/\/blogs.ua.es\/laconstrucciondel23f\/personalidad-del-periodico\/","title":{"rendered":"Personalidad del peri\u00f3dico."},"content":{"rendered":"<p style=\"text-align: center\">Debemos de considerar una serie de condiciones con el fin de llevar a cabo el registro de identificaci\u00f3n. Lo primero ante todo es destacar todas y cada una de las caracter\u00edsticas, no obstante, hay quince puntos de los cuales son 10 fundamentales para llevar a cabo un registro. Entre ellos podemos destacar el nombre del peri\u00f3dico o el lugar de residencia de la administraci\u00f3n y de la redacci\u00f3n. Para el Comit\u00e9 de Expertos reunido por la Unesco, agrupa a todos los diarios y otros peri\u00f3dicos, en la misma categor\u00eda. No obstante, al juntar todo en una categor\u00eda, tiene que tener una serie de condiciones: Que la publicaci\u00f3n sea impresa y debe de ser ofrecida al p\u00fablico, entre muchas m\u00e1s condiciones.<\/p>\n<p style=\"text-align: center\"><a href=\"https:\/\/blogs.ua.es\/laconstrucciondel23f\/2017\/12\/04\/personalidad-abc\/\" target=\"_blank\" rel=\"noopener\">ABC<\/a><\/p>\n<p style=\"text-align: center\"><a href=\"https:\/\/blogs.ua.es\/laconstrucciondel23f\/2017\/12\/04\/personalidad-la-vanguardia\/\">La Vanguardia<\/a><\/p>\n<p style=\"text-align: center\"><a href=\"https:\/\/blogs.ua.es\/laconstrucciondel23f\/2017\/12\/05\/personalidad-el-pais\/\" target=\"_blank\" rel=\"noopener\">El Pa\u00eds<\/a><\/p>\n<p style=\"text-align: center\"><a href=\"https:\/\/blogs.ua.es\/laconstrucciondel23f\/2017\/12\/03\/personalidad-la-stampa\/\" target=\"_blank\" rel=\"noopener\">La Stampa<\/a><\/p>\n<p>&nbsp;<\/p>\n","protected":false},"excerpt":{"rendered":"<p>Debemos de considerar una serie de condiciones con el fin de llevar a cabo el registro de identificaci\u00f3n. Lo primero ante todo es destacar todas y cada una de las caracter\u00edsticas, no obstante, hay quince puntos de los cuales son 10 fundamentales para llevar a cabo un registro. Entre ellos podemos destacar el nombre del [&hellip;]<\/p>\n","protected":false},"author":2548,"featured_media":0,"parent":0,"menu_order":3,"comment_status":"closed","ping_status":"closed","template":"","meta":{"footnotes":""},"class_list":["post-18","page","type-page","status-publish","hentry"],"_links":{"self":[{"href":"https:\/\/blogs.ua.es\/laconstrucciondel23f\/wp-json\/wp\/v2\/pages\/18","targetHints":{"allow":["GET"]}}],"collection":[{"href":"https:\/\/blogs.ua.es\/laconstrucciondel23f\/wp-json\/wp\/v2\/pages"}],"about":[{"href":"https:\/\/blogs.ua.es\/laconstrucciondel23f\/wp-json\/wp\/v2\/types\/page"}],"author":[{"embeddable":true,"href":"https:\/\/blogs.ua.es\/laconstrucciondel23f\/wp-json\/wp\/v2\/users\/2548"}],"replies":[{"embeddable":true,"href":"https:\/\/blogs.ua.es\/laconstrucciondel23f\/wp-json\/wp\/v2\/comments?post=18"}],"version-history":[{"count":7,"href":"https:\/\/blogs.ua.es\/laconstrucciondel23f\/wp-json\/wp\/v2\/pages\/18\/revisions"}],"predecessor-version":[{"id":116,"href":"https:\/\/blogs.ua.es\/laconstrucciondel23f\/wp-json\/wp\/v2\/pages\/18\/revisions\/116"}],"wp:attachment":[{"href":"https:\/\/blogs.ua.es\/laconstrucciondel23f\/wp-json\/wp\/v2\/media?parent=18"}],"curies":[{"name":"wp","href":"https:\/\/api.w.org\/{rel}","templated":true}]}}