{"id":22,"date":"2017-10-04T11:21:44","date_gmt":"2017-10-04T11:21:44","guid":{"rendered":"https:\/\/blogs.ua.es\/laconstrucciondel23f\/?page_id=22"},"modified":"2017-12-05T17:24:11","modified_gmt":"2017-12-05T17:24:11","slug":"conclusiones","status":"publish","type":"page","link":"https:\/\/blogs.ua.es\/laconstrucciondel23f\/conclusiones\/","title":{"rendered":"Conclusiones."},"content":{"rendered":"<p>Desde la aparici\u00f3n de la imprenta y sobre todo gracias a las nuevas tecnolog\u00edas heredadas de la Revluci\u00f3n Industrial, la prensa escrita ha sido el principal baluarte mediante el cual poder transmitir informaci\u00f3n a la poblaci\u00f3n. Este medio ha sido ampliamente usado por los diversos poderes gubernamentales para dirigir la mentalidad de esa poblaci\u00f3n. En el tiempo que nos ocupa, dominado por los sistemas de gobierno democr\u00e1tico, la libertad de expresi\u00f3n y pensamiento ha permitido la aparici\u00f3n, y sobre todo, la posibilidad de manifestaci\u00f3n,un\u00a0 de gran espectro de ideolog\u00edas pol\u00edticas. Con ellas, los distintos medios de difusi\u00f3n de noticias han tenido cierta libertad de posicionarse mostr\u00e1ndolo mediante la redacci\u00f3n de sus noticias.<\/p>\n<p>La conclusi\u00f3n extra\u00edda de este trabajo es c\u00f3mo, aunque el sistema pol\u00edtico reinante es claramente la democracia, siendo sin duda aceptada por todos los medios, algunos demuestran su claro rechazo o cierto favoritismo en su prosa y maquetaci\u00f3n. Un ejemplo es <em>El Pa\u00eds,<\/em> que siendo el primero en dar la noticia incluso antes del propio discurso del rey, se muestra muy contrario al golpe, posicion\u00e1ndose como defensores de la constituci\u00f3n y los derechos sociales. Por otro lado, el ABC, peri\u00f3dico conocido por su posici\u00f3n conservadora, no parece ser tan cr\u00edtico con la noticia, trat\u00e1ndola de una manera menos alarmista no considerando el aconteccimiento como golpe de Estado, pues lo cita como &#8220;<em>Asalto armado al Congreso&#8221;<\/em>. Leyendo las noticias nos damos cuenta de lo mismo, pues seg\u00fan el posicionamiento de cada medio, la noticia es redactada de una forma m\u00e1s o menos cr\u00edtica.<\/p>\n<p>Tambi\u00e9n vemos la importancia que tienen las portadas en los peri\u00f3dicos, pues sirven como reclamo para los lectores consumidores, pues aunque se entiende que la principal motivaci\u00f3n de un peri\u00f3dico es la difusi\u00f3n de la inormaci\u00f3n, tambi\u00e9n se trata de una empresa que busca generar beneficios. Es as\u00ed como los diferentes peri\u00f3dicos buscan a trav\u00e9s de la portada, no solo atraer a la gente af\u00edn a su ideolog\u00eda sino ampliar todav\u00eda m\u00e1s ese margen, intentando atraer a nuevos lectores que comprar\u00e1n el peri\u00f3dico. Por eso en las portadas se busca colocar la noticia que se considere m\u00e1s atrayente par la ciudadan\u00eda en un primer golpe de vista, utilizando para ello fotograf\u00edas impactantes, esclarecedoras o que por s\u00ed solas ya contienen una gran carga informacional. Se tiende a su vez por titulares amplios y muy resumidos, los cuales ya de por s\u00ed tambi\u00e9n demuestran tanto la posici\u00f3n del medio como la s\u00edntesis en s\u00ed de la noticia. Como ejemplo citaremos de nuevo los dos titulares del <em>ABC <\/em>y <em>El Pa\u00eds, <\/em>siendo <em>&#8220;Asalto armado al Congreso&#8221; <\/em>y <em>&#8220;Golpe de Estado, El Pa\u00eds con la Constituci\u00f3n&#8221;<\/em> respectivamente.<\/p>\n<p>En definitiva, y sobre todo desde el siglo XXI, la prensa juega un papel sin duda decisivo en la creaci\u00f3n de la opini\u00f3n p\u00fablica, pues precisamente por los valores que encarna la democracia, la poblaci\u00f3n tiende a desconfiar de la clase pol\u00edtica no oocurriendo lo mismo con los medios de informaci\u00f3n, sin saber que en la mayor\u00eda de casos, se encuentran inevitablemente influenciados por ella.<\/p>\n<p>&nbsp;<\/p>\n","protected":false},"excerpt":{"rendered":"<p>Desde la aparici\u00f3n de la imprenta y sobre todo gracias a las nuevas tecnolog\u00edas heredadas de la Revluci\u00f3n Industrial, la prensa escrita ha sido el principal baluarte mediante el cual poder transmitir informaci\u00f3n a la poblaci\u00f3n. Este medio ha sido ampliamente usado por los diversos poderes gubernamentales para dirigir la mentalidad de esa poblaci\u00f3n. En [&hellip;]<\/p>\n","protected":false},"author":2548,"featured_media":0,"parent":0,"menu_order":5,"comment_status":"closed","ping_status":"closed","template":"","meta":{"footnotes":""},"class_list":["post-22","page","type-page","status-publish","hentry"],"_links":{"self":[{"href":"https:\/\/blogs.ua.es\/laconstrucciondel23f\/wp-json\/wp\/v2\/pages\/22","targetHints":{"allow":["GET"]}}],"collection":[{"href":"https:\/\/blogs.ua.es\/laconstrucciondel23f\/wp-json\/wp\/v2\/pages"}],"about":[{"href":"https:\/\/blogs.ua.es\/laconstrucciondel23f\/wp-json\/wp\/v2\/types\/page"}],"author":[{"embeddable":true,"href":"https:\/\/blogs.ua.es\/laconstrucciondel23f\/wp-json\/wp\/v2\/users\/2548"}],"replies":[{"embeddable":true,"href":"https:\/\/blogs.ua.es\/laconstrucciondel23f\/wp-json\/wp\/v2\/comments?post=22"}],"version-history":[{"count":10,"href":"https:\/\/blogs.ua.es\/laconstrucciondel23f\/wp-json\/wp\/v2\/pages\/22\/revisions"}],"predecessor-version":[{"id":109,"href":"https:\/\/blogs.ua.es\/laconstrucciondel23f\/wp-json\/wp\/v2\/pages\/22\/revisions\/109"}],"wp:attachment":[{"href":"https:\/\/blogs.ua.es\/laconstrucciondel23f\/wp-json\/wp\/v2\/media?parent=22"}],"curies":[{"name":"wp","href":"https:\/\/api.w.org\/{rel}","templated":true}]}}