{"id":40,"date":"2017-12-02T11:57:49","date_gmt":"2017-12-02T11:57:49","guid":{"rendered":"https:\/\/blogs.ua.es\/laconstrucciondel23f\/?page_id=40"},"modified":"2017-12-05T17:23:17","modified_gmt":"2017-12-05T17:23:17","slug":"quienes-somos-2","status":"publish","type":"page","link":"https:\/\/blogs.ua.es\/laconstrucciondel23f\/quienes-somos-2\/","title":{"rendered":"Presentaci\u00f3n y objetivos."},"content":{"rendered":"<p>El siguiente blog ha sido creado por los estudiantes del cuarto curso de Historia de la Universidad\u00a0 de Alicante, en la segunda parte asigantura de Metodolog\u00eda II, impartida por el profesor Francisco Sevillano. El objetivo es analizar la diferente morfolog\u00eda que los medios de difusi\u00f3n de noticias realizan sobre un mismo acontecimiento, trat\u00e1ndose una serie de peri\u00f3dicos, tanto en sus versiones f\u00edsicas como digitales, escogidos por ser de los m\u00e1s conocidos en nuestro pa\u00eds, tomando el importante acontecimiento ocurrido el 23 de febrero de 1981: el golpe de estado militar perpetrado por un grupo de guardias civiles, al mando del teniente coronel Francisco Tejero durante la transici\u00f3n espa\u00f1ola. Hemos elegido esta noticia al ser de gran importancia para la historia de Espa\u00f1a, pues todav\u00eda exist\u00eda un sector importante en todas las esferas del gobierno y de la sociedad, afines a la ideolog\u00eda, tanto pol\u00edtica como social, del r\u00e9gimen franquista.<\/p>\n<p style=\"text-align: left\">El objetivo es poder ver c\u00f3mo, precisamente con el nuevo sistema democr\u00e1tico instaurado y la aparici\u00f3n de medios de noticias de distintas ideolog\u00edas, se ha tratado la noticia y c\u00f3mo esos medios utilizan una determinada manera de transmisi\u00f3n para defender su posici\u00f3n ideol\u00f3gica.<\/p>\n<p style=\"text-align: left\">Los medios escogidos han sido el ABC, El Pa\u00eds, La Vanguardia y la Stampa, como hemos dicho, tratando de tocar aquellos que tuviesen la mayor repercusi\u00f3n y n\u00famero de lectores,\u00a0 analizando, no s\u00f3lo su manera de expresar la noticia, sino tambi\u00e9n aspectos relativos a su composici\u00f3n, montaje, etc.<\/p>\n<p style=\"text-align: left\">En definitiva, mostrar la importancia que tiene la forma de expresar una noticia, pues aspectos aparentemente tan banales como la mencionada maquetaci\u00f3n, sirven para crear un mensaje concreto, haciendo que la sociedad que la reciba pueda percibirla de una manera concreta, logrando posicionarla, a veces de forma inconsciente por el propio lector, hacia una posici\u00f3n determinada.<\/p>\n<p style=\"text-align: left\"><strong>Miembros:<\/strong><\/p>\n<p>Alberto Almor Moreno, Guillermo Cardona Llobregad, Iv\u00e1n Garc\u00eda D\u00edaz, Vicente Planelles Puerta, Nicol\u00e1s Soberal, Maria Soriano T\u00e0rrega.<\/p>\n","protected":false},"excerpt":{"rendered":"<p>El siguiente blog ha sido creado por los estudiantes del cuarto curso de Historia de la Universidad\u00a0 de Alicante, en la segunda parte asigantura de Metodolog\u00eda II, impartida por el profesor Francisco Sevillano. El objetivo es analizar la diferente morfolog\u00eda que los medios de difusi\u00f3n de noticias realizan sobre un mismo acontecimiento, trat\u00e1ndose una serie [&hellip;]<\/p>\n","protected":false},"author":2548,"featured_media":0,"parent":0,"menu_order":1,"comment_status":"closed","ping_status":"closed","template":"","meta":{"footnotes":""},"class_list":["post-40","page","type-page","status-publish","hentry"],"_links":{"self":[{"href":"https:\/\/blogs.ua.es\/laconstrucciondel23f\/wp-json\/wp\/v2\/pages\/40","targetHints":{"allow":["GET"]}}],"collection":[{"href":"https:\/\/blogs.ua.es\/laconstrucciondel23f\/wp-json\/wp\/v2\/pages"}],"about":[{"href":"https:\/\/blogs.ua.es\/laconstrucciondel23f\/wp-json\/wp\/v2\/types\/page"}],"author":[{"embeddable":true,"href":"https:\/\/blogs.ua.es\/laconstrucciondel23f\/wp-json\/wp\/v2\/users\/2548"}],"replies":[{"embeddable":true,"href":"https:\/\/blogs.ua.es\/laconstrucciondel23f\/wp-json\/wp\/v2\/comments?post=40"}],"version-history":[{"count":9,"href":"https:\/\/blogs.ua.es\/laconstrucciondel23f\/wp-json\/wp\/v2\/pages\/40\/revisions"}],"predecessor-version":[{"id":108,"href":"https:\/\/blogs.ua.es\/laconstrucciondel23f\/wp-json\/wp\/v2\/pages\/40\/revisions\/108"}],"wp:attachment":[{"href":"https:\/\/blogs.ua.es\/laconstrucciondel23f\/wp-json\/wp\/v2\/media?parent=40"}],"curies":[{"name":"wp","href":"https:\/\/api.w.org\/{rel}","templated":true}]}}