{"id":107,"date":"2012-01-07T12:39:50","date_gmt":"2012-01-07T12:39:50","guid":{"rendered":"https:\/\/blogs.ua.es\/ladefensadelindio\/?page_id=107"},"modified":"2012-01-26T20:05:07","modified_gmt":"2012-01-26T20:05:07","slug":"los-defendensores-de-los-indios","status":"publish","type":"page","link":"https:\/\/blogs.ua.es\/ladefensadelindio\/los-defendensores-de-los-indios\/","title":{"rendered":"Los defensores de los indios"},"content":{"rendered":"<p style=\"text-align: justify\">Los descubridores de Am\u00e9rica pronto se transformaron en colonos crueles y codiciosos. Las poblaciones que les resist\u00edan eran esclavizadas, y las que se somet\u00edan eran divididas en encomiendas. Se justificaba <strong>la explotaci\u00f3n<\/strong> de los indios diciendo que los indios eran incapaces de gobernarse e incluso eran incapaces de la fe cristiana.<\/p>\n<p style=\"text-align: justify\">En 1511, el dominico <strong><a href=\"https:\/\/blogs.ua.es\/ladefensadelindio\/2012\/01\/07\/antonio-de-montesinos\/\" target=\"_blank\">Antonio de Montesinos <\/a><\/strong>(1475-1540), en Santo Domingo, es el primero que va denunciando la explotaci\u00f3n a la que eran sometidos los ind\u00edgenas de La Espa\u00f1ola. Revendica su dignidad como hijos de Dios. El serm\u00f3n de Montesinos, que tuvo una gran repercusi\u00f3n en todo el Caribe, determin\u00f3 la vocaci\u00f3n de <strong><a href=\"https:\/\/blogs.ua.es\/ladefensadelindio\/bartolome-de-las-casas\/\" target=\"_blank\">Bartolom\u00e9 de Las Casas <\/a><\/strong>(1474-1564), el \u00abapostol de los indios\u00bb. Estos dos hombres fueron los primeros a defender la libertad del indio y permitieron la creaci\u00f3n de leyes para protegerlo (ver las Leyes de Burgos y las Leyes Nuevas de Indias). Entonces los primeros defensores de los indios fueron misioneros, franciscanos o dominicos. Cabe notar que otros misioneros defendieron los intereses de los indios tales como <strong><a href=\"https:\/\/blogs.ua.es\/ladefensadelindio\/2012\/01\/07\/francisco-de-vitoria\/\" target=\"_blank\">Francisco de Vitoria <\/a><\/strong>(1483\/1486-1546) o <strong><a href=\"https:\/\/blogs.ua.es\/ladefensadelindio\/2012\/01\/07\/toribio-de-benavente-o-motolinia\/\" target=\"_blank\">Toribio de Benavente <\/a><\/strong>(1482-1569).<\/p>\n<p style=\"text-align: justify\">M\u00e1s tarde los <strong><a href=\"https:\/\/blogs.ua.es\/ladefensadelindio\/2012\/01\/07\/los-jesuitas\/\" target=\"_blank\">jesuitas<\/a><\/strong> tambi\u00e9n contribuyeron en la protecci\u00f3n de los indios ya que su misi\u00f3n era evangelizarlos y protegerlos. Citamos por ejemplo el Padre <strong><a href=\"https:\/\/blogs.ua.es\/ladefensadelindio\/2012\/01\/07\/jose-de-acosta\/\" target=\"_blank\">Jos\u00e9 de Acosta<\/a><\/strong> (1540-1600).<\/p>\n<p style=\"text-align: justify\">En el siglo XIX, la filosof\u00eda de la Ilustraci\u00f3n y la difusi\u00f3n de las ideas liberales tuvieron gran influencia sobre Am\u00e9rica que lograr\u00e1 por fin ganar su Independencia en 1898. Desde entonces, la defensa del indio ser\u00e1 conocida bajo el t\u00e9rmino de<strong> Indigenismo<\/strong>, lo cual conoci\u00f3 su apogeo a principios del siglo XX, y sigue existiendo hoy en d\u00eda.<\/p>\n<p style=\"text-align: justify\">\n","protected":false},"excerpt":{"rendered":"<p>Los descubridores de Am\u00e9rica pronto se transformaron en colonos crueles y codiciosos. Las poblaciones que les resist\u00edan eran esclavizadas, y las que se somet\u00edan eran divididas en encomiendas. Se justificaba la explotaci\u00f3n de los indios diciendo que los indios eran &hellip; <a href=\"https:\/\/blogs.ua.es\/ladefensadelindio\/los-defendensores-de-los-indios\/\">Continue reading <span class=\"meta-nav\">&rarr;<\/span><\/a><\/p>\n","protected":false},"author":2245,"featured_media":0,"parent":0,"menu_order":4,"comment_status":"open","ping_status":"open","template":"","meta":{"footnotes":""},"class_list":["post-107","page","type-page","status-publish","hentry"],"_links":{"self":[{"href":"https:\/\/blogs.ua.es\/ladefensadelindio\/wp-json\/wp\/v2\/pages\/107","targetHints":{"allow":["GET"]}}],"collection":[{"href":"https:\/\/blogs.ua.es\/ladefensadelindio\/wp-json\/wp\/v2\/pages"}],"about":[{"href":"https:\/\/blogs.ua.es\/ladefensadelindio\/wp-json\/wp\/v2\/types\/page"}],"author":[{"embeddable":true,"href":"https:\/\/blogs.ua.es\/ladefensadelindio\/wp-json\/wp\/v2\/users\/2245"}],"replies":[{"embeddable":true,"href":"https:\/\/blogs.ua.es\/ladefensadelindio\/wp-json\/wp\/v2\/comments?post=107"}],"version-history":[{"count":12,"href":"https:\/\/blogs.ua.es\/ladefensadelindio\/wp-json\/wp\/v2\/pages\/107\/revisions"}],"predecessor-version":[{"id":204,"href":"https:\/\/blogs.ua.es\/ladefensadelindio\/wp-json\/wp\/v2\/pages\/107\/revisions\/204"}],"wp:attachment":[{"href":"https:\/\/blogs.ua.es\/ladefensadelindio\/wp-json\/wp\/v2\/media?parent=107"}],"curies":[{"name":"wp","href":"https:\/\/api.w.org\/{rel}","templated":true}]}}