{"id":146,"date":"2012-01-07T19:26:32","date_gmt":"2012-01-07T19:26:32","guid":{"rendered":"https:\/\/blogs.ua.es\/ladefensadelindio\/?page_id=146"},"modified":"2012-01-18T11:49:45","modified_gmt":"2012-01-18T11:49:45","slug":"blibliografia","status":"publish","type":"page","link":"https:\/\/blogs.ua.es\/ladefensadelindio\/blibliografia\/","title":{"rendered":"Bibliograf\u00eda"},"content":{"rendered":"<p style=\"text-align: justify\" align=\"CENTER\"><span style=\"text-decoration: underline\"><em>Libros<\/em><\/span><\/p>\n<p style=\"text-align: justify\"><strong>ALCINA FRANCH Jos\u00e9<\/strong>, \u00ab\u00a0Indianismo e Indigenismo en Am\u00e9rica\u00a0\u00bb, Madrid, 1990.<\/p>\n<p style=\"text-align: justify\"><strong>FAVRE Henri<\/strong>, \u00ab\u00a0El Indigenismo\u00a0\u00bb, Espa\u00f1a, 1998.<\/p>\n<p style=\"text-align: justify\"><strong>OLAECHEA LABAYEN Juan B<\/strong>, \u00ab\u00a0El Indigenismo Desde\u00f1ado\u00a0\u00bb, Madrid, 1992.<\/p>\n<p style=\"text-align: justify\"><span style=\"text-decoration: underline\"><em>\u00a0Pdf<\/em><\/span><\/p>\n<p style=\"text-align: justify\"><strong>BUGANZA-TORIO Jacob<\/strong>, \u00ab\u00a0Bartolom\u00e9 de Las Casas Defensor de los Indios\u00a0\u00bb, disponible <a href=\"http:\/\/www.ldiogenes.buap.mx\/revistas\/10\/103.pdf\" target=\"_blank\">aqu\u00ed<\/a> , enero 2012.<\/p>\n<p style=\"text-align: justify\"><strong>GARC\u00cdA LOP\u00c9Z David<\/strong>, \u00ab\u00a0La defensa de los indios y la cr\u00edtica de la Conquista en \u00abRegimiento de Pr\u00edncipes\u00bb : una utop\u00eda espa\u00f1ola del sigloXVI\u00a0\u00bb, Madrid, 2003, disponible <a href=\"http:\/\/www.ucm.es\/BUCM\/revistas\/ghi\/05566533\/articulos\/REAA0404110111A.PDF\" target=\"_blank\">aqu\u00ed<\/a> , enero 2012.<\/p>\n<p style=\"text-align: justify\"><strong>ROVIRA SUAREZ Namilkis<\/strong>, \u00ab\u00a0Una mirada antropol\u00f3gica a la obra del Padre Bartolom\u00e9 de Las Casas\u00a0: sus defensores y detractores\u00a0\u00bb, Santiago, 2010, disponible <a href=\"http:\/\/www.uo.edu.cu\/ojs\/index.php\/stgo\/article\/viewFile\/14510208\/2275\" target=\"_blank\">aqu\u00ed<\/a> , enero 2012.<\/p>\n<p style=\"text-align: justify\">Texto de selectividad, \u00ab\u00a0La defensa de los indios por Fray Bartolom\u00e9 de Las Casas\u00a0\u00bb, disponible<a href=\"https:\/\/docs.google.com\/viewer?a=v&amp;q=cache:WhigwNH2318J:roble.pntic.mec.es\/jmom0087\/archivos\/texto5.pdf+la+defensa+de+los+indios&amp;hl=fr&amp;gl=fr&amp;pid=bl&amp;srcid=ADGEESjSf0VC4ip7MgHPI1GVhc2sj-owVO3NSX3-5zPNI1slasvDseYglrOioT2oQfa5VeHsn9jUz5cPA8NBDNkjTQRV54v2pTHGAZR5D5zntyEvQTK5ZsWkAVkSkLlOw_bBAVv9fYpQ&amp;sig=AHIEtbTo-5U4VsYO7x33HN7BNV2_nf5v7g\" target=\"_blank\">\u00a0aqu\u00ed <\/a>, enero 2012.<\/p>\n<p style=\"text-align: justify\"><strong>VALC\u00c1RCEL MART\u00cdNEZ Sim\u00f3n<\/strong>, \u00ab\u00a0El padre Jos\u00e9 De Acosta\u00a0\u00bb, 1989, disponible <a href=\"http:\/\/cvc.cervantes.es\/lengua\/thesaurus\/pdf\/44\/TH_44_002_113_0.pdf\" target=\"_blank\">aqu\u00ed<\/a> , enero 2012.<\/p>\n<p style=\"text-align: justify\"><span style=\"text-decoration: underline\"><em>Sitio de internet<\/em><\/span><\/p>\n<p style=\"text-align: justify\"><strong>ETZEBARRIA \u00c1lvaro M\u00aa y VAQUERO Iv\u00e1n Ureta<\/strong>, \u00ab\u00a0La defensa de los derechos del ind\u00edgena en la Conquista de Am\u00e9rica\u00a0: s. XVI\u00a0\u00bb , disponible <a href=\"http:\/\/www.oc.lm.ehu.es\/cupv\/univ98\/Comunicaciones\/Comun12.html\" target=\"_blank\">aqu\u00ed<\/a> , enero 2012.<\/p>\n<p>&nbsp;<\/p>\n<p style=\"text-align: justify\">\n","protected":false},"excerpt":{"rendered":"<p>Libros ALCINA FRANCH Jos\u00e9, \u00ab\u00a0Indianismo e Indigenismo en Am\u00e9rica\u00a0\u00bb, Madrid, 1990. FAVRE Henri, \u00ab\u00a0El Indigenismo\u00a0\u00bb, Espa\u00f1a, 1998. OLAECHEA LABAYEN Juan B, \u00ab\u00a0El Indigenismo Desde\u00f1ado\u00a0\u00bb, Madrid, 1992. \u00a0Pdf BUGANZA-TORIO Jacob, \u00ab\u00a0Bartolom\u00e9 de Las Casas Defensor de los Indios\u00a0\u00bb, disponible aqu\u00ed , &hellip; <a href=\"https:\/\/blogs.ua.es\/ladefensadelindio\/blibliografia\/\">Continue reading <span class=\"meta-nav\">&rarr;<\/span><\/a><\/p>\n","protected":false},"author":2245,"featured_media":0,"parent":0,"menu_order":7,"comment_status":"open","ping_status":"open","template":"","meta":{"footnotes":""},"class_list":["post-146","page","type-page","status-publish","hentry"],"_links":{"self":[{"href":"https:\/\/blogs.ua.es\/ladefensadelindio\/wp-json\/wp\/v2\/pages\/146","targetHints":{"allow":["GET"]}}],"collection":[{"href":"https:\/\/blogs.ua.es\/ladefensadelindio\/wp-json\/wp\/v2\/pages"}],"about":[{"href":"https:\/\/blogs.ua.es\/ladefensadelindio\/wp-json\/wp\/v2\/types\/page"}],"author":[{"embeddable":true,"href":"https:\/\/blogs.ua.es\/ladefensadelindio\/wp-json\/wp\/v2\/users\/2245"}],"replies":[{"embeddable":true,"href":"https:\/\/blogs.ua.es\/ladefensadelindio\/wp-json\/wp\/v2\/comments?post=146"}],"version-history":[{"count":9,"href":"https:\/\/blogs.ua.es\/ladefensadelindio\/wp-json\/wp\/v2\/pages\/146\/revisions"}],"predecessor-version":[{"id":302,"href":"https:\/\/blogs.ua.es\/ladefensadelindio\/wp-json\/wp\/v2\/pages\/146\/revisions\/302"}],"wp:attachment":[{"href":"https:\/\/blogs.ua.es\/ladefensadelindio\/wp-json\/wp\/v2\/media?parent=146"}],"curies":[{"name":"wp","href":"https:\/\/api.w.org\/{rel}","templated":true}]}}