{"id":172,"date":"2012-01-08T18:52:31","date_gmt":"2012-01-08T18:52:31","guid":{"rendered":"https:\/\/blogs.ua.es\/ladefensadelindio\/?page_id=172"},"modified":"2012-01-23T20:40:52","modified_gmt":"2012-01-23T20:40:52","slug":"enlaces","status":"publish","type":"page","link":"https:\/\/blogs.ua.es\/ladefensadelindio\/enlaces\/","title":{"rendered":"Enlaces"},"content":{"rendered":"<p style=\"text-align: justify\"><strong>Contexto hist\u00f3rico<\/strong><\/p>\n<p><a href=\"http:\/\/bib.cervantesvirtual.com\/portal\/colon\/include\/pcolon_colon.jsp?nomportal=colon\" target=\"_blank\">Cristobal Col\u00f3n<\/a>, su proyecto de Conquista y sus viajes<\/p>\n<p><a href=\"http:\/\/www.bibliotecasvirtuales.com\/biblioteca\/literaturadelaconquista\/CartasdeColon.asp\" target=\"_blank\">Cartas<\/a> de Cristobal Col\u00f3n a la Corona de Castilla<\/p>\n<p style=\"text-align: justify\"><a href=\"http:\/\/www.youtube.com\/watch?v=41LQ7yCQAF4&amp;feature=related\" target=\"_blank\">V\u00eddeo de comemoraci\u00f3n del\u00a0d\u00eda del 12 de octubre<\/a><\/p>\n<p style=\"text-align: justify\"><a href=\"http:\/\/alerce.pntic.mec.es\/lsam0005\/2bach_historia\/tema5\/tema5_5_4_sistemas_de_colonizacion.htm\" target=\"_blank\">Definici\u00f3n de\u00a0la obra colonizadora de los espa\u00f1oles en Am\u00e9rica<\/a><\/p>\n<p style=\"text-align: justify\">Las conquistas de Hern\u00e1n Cortes y Francisco Pizarro\u00a0en \u00a0<a href=\"http:\/\/www.youtube.com\/watch?v=0DT8Gvpendo&amp;feature=related\" target=\"_blank\">v\u00eddeo<\/a>\u00a0:\u00a0la figura de la Malinche, el imperio azteca y maya (M\u00e9xico), el imperio inca (Per\u00fa), la b\u00fasqueda de El Eldorado. Tambi\u00e9n\u00a0trata de los defensores de los indios y de la actuaci\u00f3n de Bartolom\u00e9 de Las Casas.<\/p>\n<p><strong>La defensa\u00a0de los indios <\/strong><\/p>\n<p>Biograf\u00eda de los <a href=\"http:\/\/poesiadelmomento.com\/hispanica\/45mision.html#Toribio de Benavente (1524-1569)\" target=\"_blank\">misioneros<\/a> m\u00e1s importantes<\/p>\n<p>Biograf\u00eda muy completa de <a href=\"http:\/\/bib.cervantesvirtual.com\/bib_autor\/bartolomedelascasas\/\" target=\"_blank\">Bartolom\u00e9 de Las Casas<\/a>:<\/p>\n<p><a href=\"http:\/\/www.ciudadseva.com\/textos\/otros\/brevisi.htm\" target=\"_blank\">Texto completo<\/a> de la Brev\u00edsima relaci\u00f3n de la destrucci\u00f3n de las Indias<\/p>\n<p>El <a href=\"http:\/\/www.youtube.com\/watch?v=Z7Hjq5vJ7mc&amp;feature=related\" target=\"_blank\">serm\u00f3n de Montesinos <\/a>en v\u00eddeo<\/p>\n<p>Tambi\u00e9n hubo <a href=\"http:\/\/www.youtube.com\/watch?v=PbTUwP1XG_w&amp;feature=related\" target=\"_blank\">adaptaciones teatrales<\/a> del serm\u00f3n de Montesinos<\/p>\n<p>Blog sobre los<a href=\"http:\/\/www.jesuitas.org.ar\/argentina\/index.php?op=pagina_jesuitas&amp;paginaID=4\" target=\"_blank\"> Jesuitas<\/a>, su historia hasta hoy en d\u00eda<\/p>\n<p>Informaci\u00f3n sobre <a href=\"http:\/\/dieumsnh.qfb.umich.mx\/vasco_de_quiroga_arquitecto_y_urbanista_innovador.htm\" target=\"_blank\">Vasco de Quiroga<\/a>, y la <a href=\"http:\/\/serbal.pntic.mec.es\/~cmunoz11\/utopia1.html\" target=\"_blank\">utop\u00eda<\/a> comparado con el concepto de Tom\u00e1s Moro<\/p>\n<p><a href=\"http:\/\/www.elmundo.es\/magazine\/num124\/textos\/felipe3.html\" target=\"_blank\">Revista de El Mundo sobre la leyenda negra<\/a><\/p>\n<p><a href=\"https:\/\/docs.google.com\/viewer?a=v&amp;q=cache:ES9fQ5pYNIsJ:www.milucha.org\/download\/historia\/leyenda.pdf+la+leyenda+negra&amp;hl=fr&amp;gl=es&amp;pid=bl&amp;srcid=ADGEESiE3JxMe6mJ65DHTkgXTyCIxi7yqe25jt_beaS7Je_nq3-yKf1EVdBavAGYZDPU3FJd4gxYei-IWJwgbz2t2yaF5rkmyKRebC-CFJzQR5smUZ0KNwxp66YMQyKU3FUA9J1RYY6R&amp;sig=AHIEtbQ14lJhdvR99SYlHR8VqxLvfrDE4w\" target=\"_blank\">Pdf de una an\u00e1lisis de la leyenda Negra<\/a>\u00a0: Se trata de un texto argumentativo que formenta la idea de que no s\u00f3lo Espa\u00f1a fue la causa de la leyenda Negra.<\/p>\n<p>Blog sobre la <a href=\"https:\/\/blogs.ua.es\/ideaspoliticas\/la-escolastica-espanola\/\" target=\"_blank\">Escol\u00e1stica espa\u00f1ola<\/a>\u00a0: aqu\u00ed tendr\u00e9is informaci\u00f3n sobre Francisco de Vitoria, Bartolom\u00e9 de Las Casas y Juan\u00a0Gin\u00e9s de\u00a0Sep\u00falveda.<\/p>\n<p>&nbsp;<\/p>\n<p>&nbsp;<\/p>\n<p>&nbsp;<\/p>\n<p>&nbsp;<\/p>\n<p>&nbsp;<\/p>\n","protected":false},"excerpt":{"rendered":"<p>Contexto hist\u00f3rico Cristobal Col\u00f3n, su proyecto de Conquista y sus viajes Cartas de Cristobal Col\u00f3n a la Corona de Castilla V\u00eddeo de comemoraci\u00f3n del\u00a0d\u00eda del 12 de octubre Definici\u00f3n de\u00a0la obra colonizadora de los espa\u00f1oles en Am\u00e9rica Las conquistas de &hellip; <a href=\"https:\/\/blogs.ua.es\/ladefensadelindio\/enlaces\/\">Continue reading <span class=\"meta-nav\">&rarr;<\/span><\/a><\/p>\n","protected":false},"author":2245,"featured_media":0,"parent":0,"menu_order":6,"comment_status":"open","ping_status":"open","template":"","meta":{"footnotes":""},"class_list":["post-172","page","type-page","status-publish","hentry"],"_links":{"self":[{"href":"https:\/\/blogs.ua.es\/ladefensadelindio\/wp-json\/wp\/v2\/pages\/172","targetHints":{"allow":["GET"]}}],"collection":[{"href":"https:\/\/blogs.ua.es\/ladefensadelindio\/wp-json\/wp\/v2\/pages"}],"about":[{"href":"https:\/\/blogs.ua.es\/ladefensadelindio\/wp-json\/wp\/v2\/types\/page"}],"author":[{"embeddable":true,"href":"https:\/\/blogs.ua.es\/ladefensadelindio\/wp-json\/wp\/v2\/users\/2245"}],"replies":[{"embeddable":true,"href":"https:\/\/blogs.ua.es\/ladefensadelindio\/wp-json\/wp\/v2\/comments?post=172"}],"version-history":[{"count":20,"href":"https:\/\/blogs.ua.es\/ladefensadelindio\/wp-json\/wp\/v2\/pages\/172\/revisions"}],"predecessor-version":[{"id":215,"href":"https:\/\/blogs.ua.es\/ladefensadelindio\/wp-json\/wp\/v2\/pages\/172\/revisions\/215"}],"wp:attachment":[{"href":"https:\/\/blogs.ua.es\/ladefensadelindio\/wp-json\/wp\/v2\/media?parent=172"}],"curies":[{"name":"wp","href":"https:\/\/api.w.org\/{rel}","templated":true}]}}