{"id":186,"date":"2012-01-08T20:10:54","date_gmt":"2012-01-08T20:10:54","guid":{"rendered":"https:\/\/blogs.ua.es\/ladefensadelindio\/?page_id=186"},"modified":"2012-01-26T20:10:38","modified_gmt":"2012-01-26T20:10:38","slug":"conclusiones","status":"publish","type":"page","link":"https:\/\/blogs.ua.es\/ladefensadelindio\/conclusiones\/","title":{"rendered":"Conclusiones"},"content":{"rendered":"<p style=\"text-align: justify\">Despu\u00e9s de haber analizado la lucha de <strong>Bartolom\u00e9 de Las Casas<\/strong> por lograr una serie de reinvindicaciones pol\u00edticas, sociales y econ\u00f3micas a favor de los pueblos ind\u00edgenas, podemos decir que <strong>represent\u00f3 un importante precursor de la doctrina <a href=\"http:\/\/es.wikipedia.org\/wiki\/Indigenismo\" target=\"_blank\">indigenista<\/a><\/strong>.<\/p>\n<p style=\"text-align: justify\">El defensor de los indios, Las Casas se transform\u00f3 en una figura reformista, un colonizador m\u00e1s pero, quien quiso buscar m\u00e9todos m\u00e1s pac\u00edficos para conquistar estos pueblos , por eso insist\u00eda en la necesidad de una conversi\u00f3n pac\u00edfica de los indios.<\/p>\n<p style=\"text-align: justify\">Las Casas transcribi\u00f3 el cuaderno de navegaci\u00f3n de Col\u00f3n, en este sentido representa una fuente primordial sobre el episodio de la conquista y de la colonizaci\u00f3n. Sin embargo, fue criticado por muchos. Uno de sus <a href=\"https:\/\/docs.google.com\/viewer?a=v&amp;q=cache:VFDA--LlWp8J:www.uo.edu.cu\/ojs\/index.php\/stgo\/article\/viewFile\/14510208\/2275+UNA+OBRA+ANTROPOLOGICA+SOBRE+EL+PADRE+LAS+CASAS&amp;hl=fr&amp;gl=es&amp;pid=bl&amp;srcid=ADGEESiJWxI8NEwzjalLLNdJGrcXGJoKuvhcRAHQ6ggTOQqYrBZkkKw0-NGiZidWZJKwyIAssGF5IZcH8dUgt2WQKetQKKB6R4fz_HIwikel0YKX9mbuiCWEvQ51MAPfxp23DLvF4J58&amp;sig=AHIEtbQzowSLuEcmrD25TzfTI3q_rq6zqw\" target=\"_blank\">detractores<\/a> m\u00e1s importante fue el investigador Ram\u00f3n Men\u00e9ndez Pidal, quien afirm\u00f3 que la fama internacional de Las Casas se fundi\u00f3 en intereses pol\u00edticos, no en objetivos m\u00e9ritos intelectuales y sociales. Se vio las ideas de Bartolom\u00e9 de Las Casas como ut\u00f3picas comparando sus obras con las de Tom\u00e1s Moro. En este sentido, se o\u00eda decir que no era posible crear amistades entre indios e espa\u00f1oles.<\/p>\n<p style=\"text-align: justify\"><strong>Sin embargo, las acciones de cada uno de los defensores del derecho humano del indio contribuyeron a dar conciencia de lo inhumano que puede a veces ser el ser humano<\/strong>. M\u00e1s all\u00e1 de las pol\u00e9micas sobre las obras de estos defensores, tenemos hoy en di\u00e1 gracias a ellos, testimonios hist\u00f3ricos de lo que fue el per\u00edodo de la conquista y de la colonizaci\u00f3n del Nuevo Mundo. No es de olvidar que el indigenismo hoy en d\u00eda sigue existiendo en pol\u00edtica, literatura, pintura, ect&#8230;<\/p>\n<p style=\"text-align: justify\">Para terminar este blog, creo que conviene a\u00f1adir esta cita del fray Bartolom\u00e9 de Las Casas, cita que para m\u00ed, ilustra la opi\u00f1i\u00f3n de cada uno de los eclesi\u00e1sticos\u00a0\u00a0que defendieron <strong>a los indios :<\/strong><\/p>\n<p style=\"text-align: justify\"><strong><em>\u00ab <span style=\"font-family: Times New Roman, serif\">[<\/span><span style=\"font-family: Times New Roman, serif\">\u2026<\/span><span style=\"font-family: Times New Roman, serif\">] <\/span>No y mil veces no, \u00a1paz en todas partes y para todos los hombres, paz sin diferencia de raza! S\u00f3lo existe un Dios, \u00fanico y verdadero para todos los pueblos, indios, paganos, griegos y b\u00e1rbaros <span style=\"font-family: Times New Roman, serif\">[<\/span><span style=\"font-family: Times New Roman, serif\">\u2026<\/span><span style=\"font-family: Times New Roman, serif\">] <\/span>\u00bb<\/em><\/strong><\/p>\n<p style=\"text-align: justify\"><code>[kml_flashembed movie=\"http:\/\/www.youtube.com\/v\/Wlni5EVhB7o\" width=\"425\" height=\"350\" wmode=\"transparent\" \/]<\/code><\/p>\n<p><em>Este pintor, nacido en Cajamarca, es el que mejor define el esp\u00edritu y la visi\u00f3n indigenista del arte peruano del Siglo XX.<\/em><\/p>\n<p style=\"text-align: justify\">\n","protected":false},"excerpt":{"rendered":"<p>Despu\u00e9s de haber analizado la lucha de Bartolom\u00e9 de Las Casas por lograr una serie de reinvindicaciones pol\u00edticas, sociales y econ\u00f3micas a favor de los pueblos ind\u00edgenas, podemos decir que represent\u00f3 un importante precursor de la doctrina indigenista. El defensor &hellip; <a href=\"https:\/\/blogs.ua.es\/ladefensadelindio\/conclusiones\/\">Continue reading <span class=\"meta-nav\">&rarr;<\/span><\/a><\/p>\n","protected":false},"author":2245,"featured_media":0,"parent":0,"menu_order":5,"comment_status":"open","ping_status":"open","template":"","meta":{"footnotes":""},"class_list":["post-186","page","type-page","status-publish","hentry"],"_links":{"self":[{"href":"https:\/\/blogs.ua.es\/ladefensadelindio\/wp-json\/wp\/v2\/pages\/186","targetHints":{"allow":["GET"]}}],"collection":[{"href":"https:\/\/blogs.ua.es\/ladefensadelindio\/wp-json\/wp\/v2\/pages"}],"about":[{"href":"https:\/\/blogs.ua.es\/ladefensadelindio\/wp-json\/wp\/v2\/types\/page"}],"author":[{"embeddable":true,"href":"https:\/\/blogs.ua.es\/ladefensadelindio\/wp-json\/wp\/v2\/users\/2245"}],"replies":[{"embeddable":true,"href":"https:\/\/blogs.ua.es\/ladefensadelindio\/wp-json\/wp\/v2\/comments?post=186"}],"version-history":[{"count":12,"href":"https:\/\/blogs.ua.es\/ladefensadelindio\/wp-json\/wp\/v2\/pages\/186\/revisions"}],"predecessor-version":[{"id":297,"href":"https:\/\/blogs.ua.es\/ladefensadelindio\/wp-json\/wp\/v2\/pages\/186\/revisions\/297"}],"wp:attachment":[{"href":"https:\/\/blogs.ua.es\/ladefensadelindio\/wp-json\/wp\/v2\/media?parent=186"}],"curies":[{"name":"wp","href":"https:\/\/api.w.org\/{rel}","templated":true}]}}