{"id":29,"date":"2012-01-06T20:00:48","date_gmt":"2012-01-06T20:00:48","guid":{"rendered":"https:\/\/blogs.ua.es\/ladefensadelindio\/?page_id=29"},"modified":"2012-01-26T20:00:11","modified_gmt":"2012-01-26T20:00:11","slug":"presentacion-del-blog","status":"publish","type":"page","link":"https:\/\/blogs.ua.es\/ladefensadelindio\/presentacion-del-blog\/","title":{"rendered":"Presentaci\u00f3n"},"content":{"rendered":"<p style=\"text-align: justify\">Me llamo Ketty y\u00a0estoy de Erasmus en la Universidad de Alicante en Espa\u00f1a. Este blog contesta a un trabajo que nos pidio hacer el profesor Antonio Carrasco Rodr\u00edguez, profesor de Historia Moderna de Espa\u00f1a. Escog\u00ed el tema de la <strong>defensa del indio<\/strong> porque v\u00ed en el instituto la pel\u00edcula \u00ab <strong>La controvers\u00eda de Valladolid<\/strong> \u00bb, la\u00a0cual me llam\u00f3 mucho la atenci\u00f3n sobre el car\u00e1cter humano o animal de los hombres a principios del siglo XVI. Exist\u00eda la defensa del indio, porque exist\u00eda gente que los juzgaba cruelmente. Aqu\u00ed os pongo un fragmento de la pel\u00edcula, y ya lo hablar\u00e9 m\u00e1s a continuaci\u00f3n.<\/p>\n<p>Es una pel\u00edcula basada en un libro escrito por Jean-Claude Carri\u00e8re, autor franc\u00e9s.<\/p>\n<p style=\"text-align: justify\"><code>[kml_flashembed movie=\"http:\/\/www.youtube.com\/v\/8rXHnP9RuC0\" width=\"425\" height=\"350\" wmode=\"transparent\" \/]<\/code><\/p>\n<p style=\"text-align: justify\">Hoy en d\u00eda, la defensa del indio es conocida bajo el nombre de <strong>indigenismo<\/strong>, lo que se define como una corriente de opi\u00f1on favorable a los indios. Se manifiesta en tomas de posici\u00f3n que tienden a proteger a la poblaci\u00f3n indigenista, a defenderla de las injusticias de las que es v\u00edctima, y a hacer valer las cualidades o atributos que se le reconocen. La corriente indigenista atraviesa toda la historia latinoamericana : alimentada por los cl\u00e9rigos durante la era colonial, y m\u00e1s tarde mantenida por asociaciones protectoras del indio que surgen inmediatamente despu\u00e9s de la Independencia. El indigenismo recuerda los da\u00f1os que los conquistadores europeos y los colonos criollos infligieron a los indios.<\/p>\n","protected":false},"excerpt":{"rendered":"<p>Me llamo Ketty y\u00a0estoy de Erasmus en la Universidad de Alicante en Espa\u00f1a. Este blog contesta a un trabajo que nos pidio hacer el profesor Antonio Carrasco Rodr\u00edguez, profesor de Historia Moderna de Espa\u00f1a. Escog\u00ed el tema de la defensa &hellip; <a href=\"https:\/\/blogs.ua.es\/ladefensadelindio\/presentacion-del-blog\/\">Continue reading <span class=\"meta-nav\">&rarr;<\/span><\/a><\/p>\n","protected":false},"author":2245,"featured_media":0,"parent":0,"menu_order":0,"comment_status":"open","ping_status":"open","template":"","meta":{"footnotes":""},"class_list":["post-29","page","type-page","status-publish","hentry"],"_links":{"self":[{"href":"https:\/\/blogs.ua.es\/ladefensadelindio\/wp-json\/wp\/v2\/pages\/29","targetHints":{"allow":["GET"]}}],"collection":[{"href":"https:\/\/blogs.ua.es\/ladefensadelindio\/wp-json\/wp\/v2\/pages"}],"about":[{"href":"https:\/\/blogs.ua.es\/ladefensadelindio\/wp-json\/wp\/v2\/types\/page"}],"author":[{"embeddable":true,"href":"https:\/\/blogs.ua.es\/ladefensadelindio\/wp-json\/wp\/v2\/users\/2245"}],"replies":[{"embeddable":true,"href":"https:\/\/blogs.ua.es\/ladefensadelindio\/wp-json\/wp\/v2\/comments?post=29"}],"version-history":[{"count":17,"href":"https:\/\/blogs.ua.es\/ladefensadelindio\/wp-json\/wp\/v2\/pages\/29\/revisions"}],"predecessor-version":[{"id":165,"href":"https:\/\/blogs.ua.es\/ladefensadelindio\/wp-json\/wp\/v2\/pages\/29\/revisions\/165"}],"wp:attachment":[{"href":"https:\/\/blogs.ua.es\/ladefensadelindio\/wp-json\/wp\/v2\/media?parent=29"}],"curies":[{"name":"wp","href":"https:\/\/api.w.org\/{rel}","templated":true}]}}